{"id":3580,"date":"2023-10-04T05:47:48","date_gmt":"2023-10-04T03:47:48","guid":{"rendered":"https:\/\/sound-escape.co\/se\/?page_id=3580"},"modified":"2026-01-30T06:21:04","modified_gmt":"2026-01-30T05:21:04","slug":"guide","status":"publish","type":"page","link":"https:\/\/sound-escape.co\/se\/guide\/","title":{"rendered":"Att v\u00e4lja m\u00e5tten p\u00e5 dina ljudd\u00e4mpande gardiner"},"content":{"rendered":"\t<div id=\"gap-1038000099\" class=\"gap-element clearfix\" style=\"display:block; height:auto;\">\n\t\t\n<style>\n#gap-1038000099 {\n  padding-top: 20px;\n}\n<\/style>\n\t<\/div>\n\t\n\n<div class=\"container section-title-container\" ><h1 class=\"section-title section-title-center\"><b><\/b><span class=\"section-title-main\" style=\"color:rgb(13, 39, 93);\">M\u00e5ttguide<\/span><b><\/b><\/h1><\/div>\n\n\t<div id=\"text-326859691\" class=\"text\">\n\t\t\n\n<p style=\"text-align: center;\">Beh\u00f6ver du hj\u00e4lp med att v\u00e4lja r\u00e4tt m\u00e5tt f\u00f6r dina Sound Escape ljudd\u00e4mpande gardiner? Den h\u00e4r sidan \u00e4r skapad f\u00f6r att guida dig p\u00e5 enklast m\u00f6jliga s\u00e4tt, s\u00e5 att du f\u00e5r b\u00e4sta m\u00f6jliga ljudd\u00e4mpning.<\/p>\n\t\t\n<style>\n#text-326859691 {\n  font-size: 0.85rem;\n}\n@media (min-width:550px) {\n  #text-326859691 {\n    font-size: 0.95rem;\n  }\n}\n<\/style>\n\t<\/div>\n\t\n\t<div id=\"gap-1257445397\" class=\"gap-element clearfix\" style=\"display:block; height:auto;\">\n\t\t\n<style>\n#gap-1257445397 {\n  padding-top: 20px;\n}\n<\/style>\n\t<\/div>\n\t\n\n<div class=\"row hide-for-small\"  id=\"row-1844469865\">\n\n\n\t<div id=\"col-23997048\" class=\"col small-12 large-12\"  data-animate=\"fadeInDown\">\n\t\t\t\t<div class=\"col-inner box-shadow-1\" style=\"background-color:rgb(244, 248, 253);\" >\n\t\t\t\n\t\t\t\n\n\t<div id=\"gap-888263399\" class=\"gap-element clearfix\" style=\"display:block; height:auto;\">\n\t\t\n<style>\n#gap-888263399 {\n  padding-top: 15px;\n}\n<\/style>\n\t<\/div>\n\t\n\n\t<div id=\"text-3958741924\" class=\"text\">\n\t\t\n\n<h2 class=\"thin-font uppercase\"><span style=\"color: #333333; font-size: 95%;font-family:'montserrat';font-weight:500;\" data-text-color=\"primary\">V\u00e4lj <strong>bredd<\/strong> p\u00e5 din gardin<\/span><\/h2>\n\n\t\t\n<style>\n#text-3958741924 {\n  text-align: center;\n}\n<\/style>\n\t<\/div>\n\t\n\t<div id=\"gap-1685343729\" class=\"gap-element clearfix\" style=\"display:block; height:auto;\">\n\t\t\n<style>\n#gap-1685343729 {\n  padding-top: 20px;\n}\n<\/style>\n\t<\/div>\n\t\n\n<p style=\"text-align: center;\"><strong><span data-text-color=\"primary\">P\u00e5 grund av de akustiska egenskaperna veckar sig v\u00e5ra gardiner l\u00e4tt n\u00e4r de h\u00e4nger.<br \/><\/span><\/strong><span style=\"color: #333333;\">Till exempel \u00e4r en gardin som \u00e4r 200 cm bred utformad f\u00f6r att effektivt t\u00e4cka mellan 98 och 110 cm.<\/span><\/p>\n\t<div id=\"gap-828423837\" class=\"gap-element clearfix\" style=\"display:block; height:auto;\">\n\t\t\n<style>\n#gap-828423837 {\n  padding-top: 10px;\n}\n<\/style>\n\t<\/div>\n\t\n\n<div class=\"row align-middle\"  id=\"row-1789875017\">\n\n\n\t<div id=\"col-333299329\" class=\"col medium-6 small-12 large-6\"  >\n\t\t\t\t<div class=\"col-inner\"  >\n\t\t\t\n\t\t\t\n\n\t<div class=\"img has-hover x md-x lg-x y md-y lg-y\" id=\"image_951816758\">\n\t\t\t\t\t\t\t\t<div class=\"img-inner dark\" style=\"margin:-20px 0px 0px 0px;\">\n\t\t\t<img loading=\"lazy\" decoding=\"async\" width=\"1424\" height=\"549\" src=\"https:\/\/sound-escape.co\/se\/wp-content\/uploads\/2026\/01\/ok-16.webp\" class=\"attachment-original size-original wvs-archive-product-image\" alt=\"\" srcset=\"https:\/\/sound-escape.co\/se\/wp-content\/uploads\/2026\/01\/ok-16.webp 1424w, https:\/\/sound-escape.co\/se\/wp-content\/uploads\/2026\/01\/ok-16-300x116.webp 300w, https:\/\/sound-escape.co\/se\/wp-content\/uploads\/2026\/01\/ok-16-1024x395.webp 1024w, https:\/\/sound-escape.co\/se\/wp-content\/uploads\/2026\/01\/ok-16-768x296.webp 768w, https:\/\/sound-escape.co\/se\/wp-content\/uploads\/2026\/01\/ok-16-800x308.webp 800w\" sizes=\"auto, (max-width: 1424px) 100vw, 1424px\" \/>\t\t\t\t\t\t\n\t\t\t\t\t<\/div>\n\t\t\t\t\t\t\t\t\n<style>\n#image_951816758 {\n  width: 100%;\n}\n<\/style>\n\t<\/div>\n\t\n\n\n\t\t<\/div>\n\t\t\t\t\t<\/div>\n\n\t\n\n\t<div id=\"col-22219083\" class=\"col medium-6 small-12 large-6\"  >\n\t\t\t\t<div class=\"col-inner\"  >\n\t\t\t\n\t\t\t\n\n<p>\u2190 H\u00e4r \u00e4r det viktigt att utg\u00e5 fr\u00e5n angivelsen &#8220;<span data-text-color=\"primary\"><strong>faktisk t\u00e4ckning<\/strong><\/span>&#8220;.<\/p>\n<p><span style=\"font-size: 95%;\"><em>Exempel: f\u00f6r att t\u00e4cka 100 cm v\u00e4ljer du en bredd p\u00e5 200 cm. F\u00f6r att t\u00e4cka 300 cm \u00e4r det b\u00e4st att v\u00e4lja 2 gardiner som vardera \u00e4r 300 cm breda.<\/em><\/span><\/p>\n\n\t\t<\/div>\n\t\t\t\t\n<style>\n#col-22219083 > .col-inner {\n  padding: 0px 0px 0px 0px;\n}\n<\/style>\n\t<\/div>\n\n\t\n\n<\/div>\n<div class=\"row\"  id=\"row-1195667857\">\n\n\n\t<div id=\"col-1164618214\" class=\"col small-12 large-12\"  >\n\t\t\t\t<div class=\"col-inner text-center\"  >\n\t\t\t\n\t\t\t\n\n<a href=\"https:\/\/sound-escape.co\/se\/product\/soundproof-curtain\/\" target=\"_self\" class=\"button primary\"  style=\"border-radius:99px;\">\n  <i class=\"icon-angle-right\" aria-hidden=\"true\" ><\/i>  <span>Anpassa dina gardiner h\u00e4r<\/span>\n  <\/a>\n\n\n\n\t\t<\/div>\n\t\t\t\t\n<style>\n#col-1164618214 > .col-inner {\n  margin: -10px 0px -10px 0px;\n}\n<\/style>\n\t<\/div>\n\n\t\n\n<\/div>\n\n\t\t<\/div>\n\t\t\t\t\n<style>\n#col-23997048 > .col-inner {\n  padding: 20px 20px 0px 20px;\n  border-radius: 15px;\n}\n<\/style>\n\t<\/div>\n\n\t\n\n<\/div>\n<div class=\"row show-for-small\"  id=\"row-1670264618\">\n\n\n\t<div id=\"col-842898001\" class=\"col small-12 large-12\"  >\n\t\t\t\t<div class=\"col-inner\" style=\"background-color:rgb(246, 246, 246);\" >\n\t\t\t\n\t\t\t\n\n\t<div id=\"gap-1568231092\" class=\"gap-element clearfix\" style=\"display:block; height:auto;\">\n\t\t\n<style>\n#gap-1568231092 {\n  padding-top: 15px;\n}\n<\/style>\n\t<\/div>\n\t\n\n\t<div id=\"text-1148123956\" class=\"text\">\n\t\t\n\n<h2 class=\"thin-font uppercase\"><span style=\"color: #333333; font-size: 95%;font-family:'montserrat'\" data-text-color=\"primary\">V\u00e4lj <strong>bredd<\/strong> p\u00e5 din gardin<\/span><\/h2>\n\t\t\n<style>\n#text-1148123956 {\n  font-size: 1.2rem;\n  text-align: center;\n}\n<\/style>\n\t<\/div>\n\t\n\t<div id=\"gap-1700603741\" class=\"gap-element clearfix\" style=\"display:block; height:auto;\">\n\t\t\n<style>\n#gap-1700603741 {\n  padding-top: 25px;\n}\n<\/style>\n\t<\/div>\n\t\n\n<p style=\"text-align: center;\"><span style=\"font-size: 95%;\"><span style=\"color: #333333;\" data-text-color=\"primary\"><strong> P\u00e5 grund av den ljudd\u00e4mpande effekten veckar sig v\u00e5ra gardiner l\u00e4tt n\u00e4r de h\u00e4nger.<\/strong> <\/span><\/span><\/p>\n<p style=\"text-align: center;\"><span style=\"font-size: 95%;\"><span style=\"color: #333333;\" data-text-color=\"primary\">Till exempel \u00e4r en gardin som \u00e4r 200 cm bred utformad f\u00f6r att effektivt t\u00e4cka mellan 98 och 110 cm.<\/span><\/span><\/p>\n<p style=\"text-align: center;\"><span style=\"font-size: 95%;\" data-text-color=\"primary\">D\u00e4rf\u00f6r \u00e4r det viktigt att titta p\u00e5 angivelsen &#8220;<strong>faktisk t\u00e4ckning<\/strong>&#8221; n\u00e4r du v\u00e4ljer bredd p\u00e5 din gardin.<\/span><\/p>\n<div class=\"row align-middle\"  id=\"row-453195249\">\n\n\n\t<div id=\"col-631680208\" class=\"col medium-6 small-12 large-6\"  >\n\t\t\t\t<div class=\"col-inner\"  >\n\t\t\t\n\t\t\t\n\n<p style=\"text-align: center;\"><span style=\"font-size: 95%;\" data-text-color=\"primary\"><em>Exempel: f\u00f6r att t\u00e4cka 100 cm v\u00e4ljer du en bredd p\u00e5 200 cm. F\u00f6r att t\u00e4cka 300 cm \u00e4r det b\u00e4st att v\u00e4lja 2 gardiner som vardera \u00e4r 300 cm breda.<\/em><\/span><\/p>\n\n\t\t<\/div>\n\t\t\t\t\t<\/div>\n\n\t\n\n<\/div>\n<div class=\"row\"  id=\"row-40080536\">\n\n\n\t<div id=\"col-1449011976\" class=\"col small-12 large-12\"  >\n\t\t\t\t<div class=\"col-inner text-center\"  >\n\t\t\t\n\t\t\t\n\n<a href=\"https:\/\/sound-escape.co\/se\/product\/soundproof-curtain\/\" target=\"_self\" class=\"button primary is-small\"  style=\"border-radius:99px;\">\n  <i class=\"icon-angle-right\" aria-hidden=\"true\" ><\/i>  <span>Anpassa dina gardiner nu<\/span>\n  <\/a>\n\n\n\n\t\t<\/div>\n\t\t\t\t\n<style>\n#col-1449011976 > .col-inner {\n  margin: -20px 0px -10px 0px;\n}\n<\/style>\n\t<\/div>\n\n\t\n\n<\/div>\n\t<div id=\"gap-1959584631\" class=\"gap-element clearfix\" style=\"display:block; height:auto;\">\n\t\t\n<style>\n#gap-1959584631 {\n  padding-top: 10px;\n}\n@media (min-width:550px) {\n  #gap-1959584631 {\n    padding-top: 30px;\n  }\n}\n<\/style>\n\t<\/div>\n\t\n\n\n\t\t<\/div>\n\t\t\t\t\n<style>\n#col-842898001 > .col-inner {\n  padding: 20px 15px 0px 15px;\n  border-radius: 15px;\n}\n@media (min-width:550px) {\n  #col-842898001 > .col-inner {\n    padding: 20px 20px 0px 20px;\n  }\n}\n<\/style>\n\t<\/div>\n\n\t\n\n<\/div>\n\t<div id=\"gap-1934215343\" class=\"gap-element clearfix\" style=\"display:block; height:auto;\">\n\t\t\n<style>\n#gap-1934215343 {\n  padding-top: 30px;\n}\n<\/style>\n\t<\/div>\n\t\n\n<div class=\"row hide-for-small\"  id=\"row-1594605558\">\n\n\n\t<div id=\"col-1166124692\" class=\"col small-12 large-12\"  data-animate=\"fadeInDown\">\n\t\t\t\t<div class=\"col-inner box-shadow-1\" style=\"background-color:rgb(244, 248, 253);\" >\n\t\t\t\n\t\t\t\n\n\t<div id=\"gap-581452616\" class=\"gap-element clearfix\" style=\"display:block; height:auto;\">\n\t\t\n<style>\n#gap-581452616 {\n  padding-top: 15px;\n}\n<\/style>\n\t<\/div>\n\t\n\n\t<div id=\"text-4027612469\" class=\"text\">\n\t\t\n\n<h2 class=\"thin-font uppercase\"><span style=\"color: #333333; font-size: 75%;font-family:'montserrat';font-weight:500;\" data-text-color=\"primary\">V\u00e4lj <strong>h\u00f6jd<\/strong> p\u00e5 din gardin<\/span><\/h2>\n\n\t\t\n<style>\n#text-4027612469 {\n  font-size: 1.3rem;\n  text-align: center;\n}\n<\/style>\n\t<\/div>\n\t\n\t<div id=\"gap-944548193\" class=\"gap-element clearfix\" style=\"display:block; height:auto;\">\n\t\t\n<style>\n#gap-944548193 {\n  padding-top: 20px;\n}\n<\/style>\n\t<\/div>\n\t\n\n<p style=\"text-align: center;\"><strong><span data-text-color=\"primary\"><span style=\"color: #555555;\"><\/span> Sound Escape erbjuder m\u00e5ttanpassad gardinh\u00f6jd ner till exakt millimeter.<\/span><\/strong><\/p>\n\t<div id=\"gap-71063957\" class=\"gap-element clearfix\" style=\"display:block; height:auto;\">\n\t\t\n<style>\n#gap-71063957 {\n  padding-top: 20px;\n}\n<\/style>\n\t<\/div>\n\t\n\n\n\t<div id=\"gap-1167865367\" class=\"gap-element clearfix hidden\" style=\"display:block; height:auto;\">\n\t\t\n<style>\n#gap-1167865367 {\n  padding-top: 30px;\n}\n<\/style>\n\t<\/div>\n\t\n\n<div class=\"row\"  id=\"row-1894210115\">\n\n\n\t<div id=\"col-524640523\" class=\"col small-12 large-12\"  >\n\t\t\t\t<div class=\"col-inner text-center\"  >\n\t\t\t\n\t\t\t\n\n<a href=\"https:\/\/sound-escape.co\/se\/product\/curtain-drop-guide\/\" target=\"_self\" class=\"button primary\"  style=\"border-radius:99px;\">\n  <i class=\"icon-angle-right\" aria-hidden=\"true\" ><\/i>  <span>Testa v\u00e5r interaktiva guide<\/span>\n  <\/a>\n\n\n\t<div id=\"gap-73316504\" class=\"gap-element clearfix\" style=\"display:block; height:auto;\">\n\t\t\n<style>\n#gap-73316504 {\n  padding-top: 20px;\n}\n<\/style>\n\t<\/div>\n\t\n\n<p class=\"p1\"><span style=\"font-size: 100%;\">Den h\u00e4r nya guiden hj\u00e4lper dig att hitta den perfekta h\u00f6jden f\u00f6r dina gardiner <br \/>p\u00e5 <span data-text-color=\"primary\"><strong>mindre \u00e4n 15 sekunder<\/strong><\/span>.<\/span><\/p>\n\n\t\t<\/div>\n\t\t\t\t\n<style>\n#col-524640523 > .col-inner {\n  margin: 0px 0px -10px 0px;\n}\n<\/style>\n\t<\/div>\n\n\t\n\n<\/div>\n\t<div id=\"gap-1916314508\" class=\"gap-element clearfix\" style=\"display:block; height:auto;\">\n\t\t\n<style>\n#gap-1916314508 {\n  padding-top: 10px;\n}\n@media (min-width:550px) {\n  #gap-1916314508 {\n    padding-top: 10px;\n  }\n}\n<\/style>\n\t<\/div>\n\t\n\n\n\t\t<\/div>\n\t\t\t\t\n<style>\n#col-1166124692 > .col-inner {\n  padding: 20px 10px 0px 10px;\n  border-radius: 15px;\n}\n@media (min-width:550px) {\n  #col-1166124692 > .col-inner {\n    padding: 20px 30px 0px 30px;\n  }\n}\n<\/style>\n\t<\/div>\n\n\t\n\n<\/div>\n<div class=\"row show-for-small\"  id=\"row-2044174759\">\n\n\n\t<div id=\"col-2141952367\" class=\"col small-12 large-12\"  >\n\t\t\t\t<div class=\"col-inner\" style=\"background-color:rgb(246, 246, 246);\" >\n\t\t\t\n\t\t\t\n\n\t<div id=\"gap-1412701678\" class=\"gap-element clearfix\" style=\"display:block; height:auto;\">\n\t\t\n<style>\n#gap-1412701678 {\n  padding-top: 15px;\n}\n<\/style>\n\t<\/div>\n\t\n\n\t<div id=\"text-1480158370\" class=\"text\">\n\t\t\n\n<h2 class=\"thin-font uppercase\"><span style=\"color: #333333; font-size: 95%;font-family:'montserrat'\" data-text-color=\"primary\">V\u00e4lj <strong>h\u00f6jd<\/strong> p\u00e5 din gardin<\/span><\/h2>\n\t\t\n<style>\n#text-1480158370 {\n  font-size: 1.2rem;\n  text-align: center;\n}\n<\/style>\n\t<\/div>\n\t\n\t<div id=\"gap-1452709836\" class=\"gap-element clearfix\" style=\"display:block; height:auto;\">\n\t\t\n<style>\n#gap-1452709836 {\n  padding-top: 25px;\n}\n<\/style>\n\t<\/div>\n\t\n\n<p style=\"text-align: center;\"><span style=\"font-size: 95%;\" data-text-color=\"primary\"><strong> Sound Escape erbjuder m\u00e5ttanpassad gardinh\u00f6jd ner till exakt millimeter.<\/strong><\/span><\/p>\n<p class=\"p1\" style=\"text-align: center;\"><span style=\"font-size: 95%;\">Den h\u00e4r nya guiden hj\u00e4lper dig att hitta den perfekta h\u00f6jden f\u00f6r dina gardiner <br \/>p\u00e5 <span data-text-color=\"primary\"><strong>mindre \u00e4n 15 sekunder<\/strong><\/span>.<\/span><\/p>\n<div class=\"row\"  id=\"row-460827429\">\n\n\n\t<div id=\"col-1624082434\" class=\"col small-12 large-12\"  >\n\t\t\t\t<div class=\"col-inner text-center\"  >\n\t\t\t\n\t\t\t\n\n<a href=\"https:\/\/sound-escape.co\/se\/product\/curtain-drop-guide\/\" target=\"_self\" class=\"button primary is-outline is-small\"  style=\"border-radius:99px;\">\n  <i class=\"icon-angle-right\" aria-hidden=\"true\" ><\/i>  <span>Testa v\u00e5r interaktiva guide<\/span>\n  <\/a>\n\n\n\n\t\t<\/div>\n\t\t\t\t\n<style>\n#col-1624082434 > .col-inner {\n  margin: 0px 0px -10px 0px;\n}\n<\/style>\n\t<\/div>\n\n\t\n\n<\/div>\n\t<div id=\"gap-1922506240\" class=\"gap-element clearfix\" style=\"display:block; height:auto;\">\n\t\t\n<style>\n#gap-1922506240 {\n  padding-top: 10px;\n}\n@media (min-width:550px) {\n  #gap-1922506240 {\n    padding-top: 30px;\n  }\n}\n<\/style>\n\t<\/div>\n\t\n\n\n\t\t<\/div>\n\t\t\t\t\n<style>\n#col-2141952367 > .col-inner {\n  padding: 20px 15px 0px 15px;\n  border-radius: 15px;\n}\n@media (min-width:550px) {\n  #col-2141952367 > .col-inner {\n    padding: 20px 30px 0px 30px;\n  }\n}\n<\/style>\n\t<\/div>\n\n\t\n\n<\/div>\n\t<div id=\"gap-1836601126\" class=\"gap-element clearfix\" style=\"display:block; height:auto;\">\n\t\t\n<style>\n#gap-1836601126 {\n  padding-top: 30px;\n}\n<\/style>\n\t<\/div>\n\t\n\n<p style=\"text-align: center;\"><em> Har du fler fr\u00e5gor? Kontakta oss via <span style=\"text-decoration: underline;\"><a href=\"https:\/\/sound-escape.co\/se\/contact-us\/\">den h\u00e4r sidan<\/a><\/span>.<\/em><\/p>\n\t<div id=\"gap-936445440\" class=\"gap-element clearfix\" style=\"display:block; height:auto;\">\n\t\t\n<style>\n#gap-936445440 {\n  padding-top: 50px;\n}\n<\/style>\n\t<\/div>\n\t\n\n<p class=\"uppercase\"><span style=\"font-size: 110%;\" data-text-color=\"primary\"><strong>Uppt\u00e4ck v\u00e5ra andra guider och artiklar:<\/strong><\/span><\/p>\n\n  \n    <div class=\"row large-columns-3 medium-columns-1 small-columns-2 slider row-slider slider-nav-reveal slider-nav-push\"  data-flickity-options='{\"imagesLoaded\": true, \"groupCells\": \"100%\", \"dragThreshold\" : 5, \"cellAlign\": \"left\",\"wrapAround\": true,\"prevNextButtons\": true,\"percentPosition\": true,\"pageDots\": false, \"rightToLeft\": false, \"autoPlay\" : false}'>\n\n  <div class=\"col post-item\" >\n\t\t\t<div class=\"col-inner\">\n\t\t\t<a href=\"https:\/\/sound-escape.co\/se\/skotsel-av-dina-ljuddampande-gardiner\/\" class=\"plain\">\n\t\t\t\t<div class=\"box box-normal box-text-bottom box-blog-post has-hover\">\n            \t\t\t\t\t<div class=\"box-image\" >\n  \t\t\t\t\t\t<div class=\"image-cover\" style=\"padding-top:56.25%;\">\n  \t\t\t\t\t\t\t<img loading=\"lazy\" decoding=\"async\" width=\"300\" height=\"168\" src=\"https:\/\/sound-escape.co\/se\/wp-content\/uploads\/2023\/09\/1eee-300x168.jpg\" class=\"attachment-medium size-medium wvs-archive-product-image wp-post-image\" alt=\"\" srcset=\"https:\/\/sound-escape.co\/se\/wp-content\/uploads\/2023\/09\/1eee-300x168.jpg 300w, https:\/\/sound-escape.co\/se\/wp-content\/uploads\/2023\/09\/1eee-768x429.jpg 768w, https:\/\/sound-escape.co\/se\/wp-content\/uploads\/2023\/09\/1eee-800x447.jpg 800w, https:\/\/sound-escape.co\/se\/wp-content\/uploads\/2023\/09\/1eee.jpg 1024w\" sizes=\"auto, (max-width: 300px) 100vw, 300px\" \/>  \t\t\t\t\t\t\t  \t\t\t\t\t\t\t  \t\t\t\t\t\t<\/div>\n  \t\t\t\t\t\t  \t\t\t\t\t<\/div>\n          \t\t\t\t\t<div class=\"box-text text-center\" >\n\t\t\t\t\t<div class=\"box-text-inner blog-post-inner\">\n\n\t\t\t\t\t\n\t\t\t\t\t\t\t\t\t\t<h5 class=\"post-title is-large uppercase\">Sk\u00f6tsel av dina ljudd\u00e4mpande gardiner (guide)<\/h5>\n\t\t\t\t\t\t\t\t\t\t<div class=\"is-divider\"><\/div>\n\t\t\t\t\t\t\t\t\t\t<p class=\"from_the_blog_excerpt \">Publicerad av M\u00e9lodie, akustikingenj\u00f6r och skribent p\u00e5 Sound Escape.V\u00e4lkommen till [...]\t\t\t\t\t<\/p>\n\t\t\t\t\t                    \n\t\t\t\t\t\n\t\t\t\t\t\n\t\t\t\t\t<\/div>\n\t\t\t\t\t<\/div>\n\t\t\t\t\t\t\t\t\t<\/div>\n\t\t\t\t<\/a>\n\t\t\t<\/div>\n\t\t<\/div><div class=\"col post-item\" >\n\t\t\t<div class=\"col-inner\">\n\t\t\t<a href=\"https:\/\/sound-escape.co\/se\/sa-valjer-du-farg-pa-dina-ljuddampande-gardine\/\" class=\"plain\">\n\t\t\t\t<div class=\"box box-normal box-text-bottom box-blog-post has-hover\">\n            \t\t\t\t\t<div class=\"box-image\" >\n  \t\t\t\t\t\t<div class=\"image-cover\" style=\"padding-top:56.25%;\">\n  \t\t\t\t\t\t\t<img loading=\"lazy\" decoding=\"async\" width=\"300\" height=\"168\" src=\"https:\/\/sound-escape.co\/se\/wp-content\/uploads\/2023\/09\/euueue-300x168.jpg\" class=\"attachment-medium size-medium wvs-archive-product-image wp-post-image\" alt=\"\" srcset=\"https:\/\/sound-escape.co\/se\/wp-content\/uploads\/2023\/09\/euueue-300x168.jpg 300w, https:\/\/sound-escape.co\/se\/wp-content\/uploads\/2023\/09\/euueue-768x429.jpg 768w, https:\/\/sound-escape.co\/se\/wp-content\/uploads\/2023\/09\/euueue-800x447.jpg 800w, https:\/\/sound-escape.co\/se\/wp-content\/uploads\/2023\/09\/euueue.jpg 1024w\" sizes=\"auto, (max-width: 300px) 100vw, 300px\" \/>  \t\t\t\t\t\t\t  \t\t\t\t\t\t\t  \t\t\t\t\t\t<\/div>\n  \t\t\t\t\t\t  \t\t\t\t\t<\/div>\n          \t\t\t\t\t<div class=\"box-text text-center\" >\n\t\t\t\t\t<div class=\"box-text-inner blog-post-inner\">\n\n\t\t\t\t\t\n\t\t\t\t\t\t\t\t\t\t<h5 class=\"post-title is-large uppercase\">S\u00e5 v\u00e4ljer du f\u00e4rg p\u00e5 dina ljudd\u00e4mpande gardiner<\/h5>\n\t\t\t\t\t\t\t\t\t\t<div class=\"is-divider\"><\/div>\n\t\t\t\t\t\t\t\t\t\t<p class=\"from_the_blog_excerpt \">Publicerad av M\u00e9lodie, akustikingenj\u00f6r och skribent p\u00e5 Sound Escape. Ljudd\u00e4mpande [...]\t\t\t\t\t<\/p>\n\t\t\t\t\t                    \n\t\t\t\t\t\n\t\t\t\t\t\n\t\t\t\t\t<\/div>\n\t\t\t\t\t<\/div>\n\t\t\t\t\t\t\t\t\t<\/div>\n\t\t\t\t<\/a>\n\t\t\t<\/div>\n\t\t<\/div><div class=\"col post-item\" >\n\t\t\t<div class=\"col-inner\">\n\t\t\t<a href=\"https:\/\/sound-escape.co\/se\/ljuddampande-gardiner-den-vetenskapliga\/\" class=\"plain\">\n\t\t\t\t<div class=\"box box-normal box-text-bottom box-blog-post has-hover\">\n            \t\t\t\t\t<div class=\"box-image\" >\n  \t\t\t\t\t\t<div class=\"image-cover\" style=\"padding-top:56.25%;\">\n  \t\t\t\t\t\t\t<img loading=\"lazy\" decoding=\"async\" width=\"300\" height=\"168\" src=\"https:\/\/sound-escape.co\/se\/wp-content\/uploads\/2023\/09\/funktion-300x168.jpg\" class=\"attachment-medium size-medium wvs-archive-product-image wp-post-image\" alt=\"\" srcset=\"https:\/\/sound-escape.co\/se\/wp-content\/uploads\/2023\/09\/funktion-300x168.jpg 300w, https:\/\/sound-escape.co\/se\/wp-content\/uploads\/2023\/09\/funktion-768x429.jpg 768w, https:\/\/sound-escape.co\/se\/wp-content\/uploads\/2023\/09\/funktion-800x447.jpg 800w, https:\/\/sound-escape.co\/se\/wp-content\/uploads\/2023\/09\/funktion.jpg 1024w\" sizes=\"auto, (max-width: 300px) 100vw, 300px\" \/>  \t\t\t\t\t\t\t  \t\t\t\t\t\t\t  \t\t\t\t\t\t<\/div>\n  \t\t\t\t\t\t  \t\t\t\t\t<\/div>\n          \t\t\t\t\t<div class=\"box-text text-center\" >\n\t\t\t\t\t<div class=\"box-text-inner blog-post-inner\">\n\n\t\t\t\t\t\n\t\t\t\t\t\t\t\t\t\t<h5 class=\"post-title is-large uppercase\">Ljudd\u00e4mpande gardiner: den vetenskapliga f\u00f6rklaringen<\/h5>\n\t\t\t\t\t\t\t\t\t\t<div class=\"is-divider\"><\/div>\n\t\t\t\t\t\t\t\t\t\t<p class=\"from_the_blog_excerpt \">Publicerad av M\u00e9lodie, akustikingenj\u00f6r och skribent p\u00e5 Sound Escape. V\u00e4lkommen [...]\t\t\t\t\t<\/p>\n\t\t\t\t\t                                            <p class=\"from_the_blog_comments uppercase is-xsmall\">\n                            1 Comment                        <\/p>\n                    \n\t\t\t\t\t\n\t\t\t\t\t\n\t\t\t\t\t<\/div>\n\t\t\t\t\t<\/div>\n\t\t\t\t\t\t\t\t\t<\/div>\n\t\t\t\t<\/a>\n\t\t\t<\/div>\n\t\t<\/div><\/div>\n\n\t<div id=\"text-1845276841\" class=\"text\">\n\t\t\n\n<p style=\"text-align: center;\">Vill du f\u00e5 ut maximalt av dina ljudd\u00e4mpande gardiner? V\u00e5rt team av akustikexperter har tagit fram flera detaljerade guider f\u00f6r att hj\u00e4lpa dig! Du f\u00e5r bland annat veta hur du sk\u00f6ter dina gardiner p\u00e5 r\u00e4tt s\u00e4tt, hur de fungerar och vilken f\u00e4rg som passar b\u00e4st i ditt hem.<\/p>\n\t\t\n<style>\n#text-1845276841 {\n  font-size: 0.85rem;\n}\n@media (min-width:550px) {\n  #text-1845276841 {\n    font-size: 0.95rem;\n  }\n}\n<\/style>\n\t<\/div>\n\t","protected":false},"excerpt":{"rendered":"","protected":false},"author":1,"featured_media":0,"parent":0,"menu_order":0,"comment_status":"closed","ping_status":"closed","template":"","meta":{"inline_featured_image":false,"footnotes":""},"class_list":["post-3580","page","type-page","status-publish","hentry"],"_links":{"self":[{"href":"https:\/\/sound-escape.co\/se\/wp-json\/wp\/v2\/pages\/3580","targetHints":{"allow":["GET"]}}],"collection":[{"href":"https:\/\/sound-escape.co\/se\/wp-json\/wp\/v2\/pages"}],"about":[{"href":"https:\/\/sound-escape.co\/se\/wp-json\/wp\/v2\/types\/page"}],"author":[{"embeddable":true,"href":"https:\/\/sound-escape.co\/se\/wp-json\/wp\/v2\/users\/1"}],"replies":[{"embeddable":true,"href":"https:\/\/sound-escape.co\/se\/wp-json\/wp\/v2\/comments?post=3580"}],"version-history":[{"count":0,"href":"https:\/\/sound-escape.co\/se\/wp-json\/wp\/v2\/pages\/3580\/revisions"}],"wp:attachment":[{"href":"https:\/\/sound-escape.co\/se\/wp-json\/wp\/v2\/media?parent=3580"}],"curies":[{"name":"wp","href":"https:\/\/api.w.org\/{rel}","templated":true}]}}