{"id":3456,"date":"2023-09-26T16:14:18","date_gmt":"2023-09-26T14:14:18","guid":{"rendered":"https:\/\/sound-escape.co\/se\/?page_id=3456"},"modified":"2026-01-30T06:33:56","modified_gmt":"2026-01-30T05:33:56","slug":"vanliga-fragor","status":"publish","type":"page","link":"https:\/\/sound-escape.co\/se\/vanliga-fragor\/","title":{"rendered":"Vanliga fr\u00e5gor"},"content":{"rendered":"\t<div id=\"gap-429384993\" class=\"gap-element clearfix\" style=\"display:block; height:auto;\">\n\t\t\n<style>\n#gap-429384993 {\n  padding-top: 15px;\n}\n<\/style>\n\t<\/div>\n\t\n\n<div class=\"container section-title-container\" ><h1 class=\"section-title section-title-center\"><b><\/b><span class=\"section-title-main\" style=\"color:rgb(22, 47, 102);\">Vanliga fr\u00e5gor<\/span><b><\/b><\/h1><\/div>\n\n<div class=\"row align-center show-for-small\"  id=\"row-1336313823\">\n\n\n\t<div id=\"col-1861430523\" class=\"col small-12 large-12\"  data-animate=\"fadeInDown\">\n\t\t\t\t<div class=\"col-inner\"  >\n\t\t\t\n\t\t\t\n\n<h3 class=\"accordion_title\">VANLIGA FR\u00c5GOR<\/h3><div class=\"accordion\">\n\n<div id=\"accordion-1387065435\" class=\"accordion-item\"><a id=\"accordion-1387065435-label\" href=\"#\" class=\"accordion-title plain\" aria-expanded=\"false\" aria-controls=\"accordion-1387065435-content\"><button class=\"toggle\" aria-label=\"Toggle\"><i class=\"icon-angle-down\"><\/i><\/button><span>Hur v\u00e4ljer jag <b>m\u00e5tt<\/b> p\u00e5 mina gardiner?<\/span><\/a><div id=\"accordion-1387065435-content\" class=\"accordion-inner\" aria-labelledby=\"accordion-1387065435-label\">\n\n<p>F\u00f6r att v\u00e4lja r\u00e4tt m\u00e5tt f\u00f6r dina Sound Escape-gardiner, se v\u00e5r enkla m\u00e5ttguide:<\/p>\n<a href=\"https:\/\/sound-escape.co\/se\/guide\/\" target=\"_self\" class=\"button primary box-shadow-1 expand\"  style=\"border-radius:10px;\">\n    <span>Uppt\u00e4ck v\u00e5r m\u00e5ttguide<\/span>\n  <\/a>\n\n\n\n<\/div><\/div>\n<div id=\"accordion-2477200892\" class=\"accordion-item\"><a id=\"accordion-2477200892-label\" href=\"#\" class=\"accordion-title plain\" aria-expanded=\"false\" aria-controls=\"accordion-2477200892-content\"><button class=\"toggle\" aria-label=\"Toggle\"><i class=\"icon-angle-down\"><\/i><\/button><span>Vad \u00e4r <b>vikten<\/b> p\u00e5 mina gardiner?<\/span><\/a><div id=\"accordion-2477200892-content\" class=\"accordion-inner\" aria-labelledby=\"accordion-2477200892-label\">\n\n<div id=\"calculator\">\n<div class=\"fields\">\n<div class=\"field\"><label for=\"width\">Gardinsbredd (cm)<\/label><br \/><input id=\"width\" name=\"width\" type=\"number\" placeholder=\"Ex: 100\" \/><\/div>\n<div class=\"field\"><label for=\"height\">Gardinh\u00f6jd (cm)<\/label><br \/><input id=\"height\" name=\"height\" type=\"number\" placeholder=\"Ex: 90\" \/><\/div>\n<\/div>\n<p><button type=\"button\" onclick=\"calculateWeight()\" style=\"width:100%;\">Ber\u00e4kna vikt<\/button><\/p>\n<p id=\"result\">\n<\/div>\n<p>V\u00e5ra gardiner \u00e4r utformade f\u00f6r att kunna h\u00e4ngas p\u00e5 alla \u201dstandard\u201d gardinst\u00e4nger eller skenor. Densiteten \u00e4r endast cirka 760 gram per kvadratmeter.<\/p>\n<p>Det \u00e4r d\u00e4rf\u00f6r fullt m\u00f6jligt att h\u00e4nga tv\u00e5 gardiner p\u00e5 samma st\u00e5ng eller skena.<\/p>\n\n<\/div><\/div>\n<div id=\"accordion-1740808574\" class=\"accordion-item\"><a id=\"accordion-1740808574-label\" href=\"#\" class=\"accordion-title plain\" aria-expanded=\"false\" aria-controls=\"accordion-1740808574-content\"><button class=\"toggle\" aria-label=\"Toggle\"><i class=\"icon-angle-down\"><\/i><\/button><span>Vilka \u00e4r <b>leveranstiderna<\/b>?<\/span><\/a><div id=\"accordion-1740808574-content\" class=\"accordion-inner\" aria-labelledby=\"accordion-1740808574-label\">\n\n<p>Vi beh\u00f6ver mellan <strong>12 och 17 dagar<\/strong> f\u00f6r att tillverka, skicka och leverera v\u00e5ra m\u00e5ttanpassade ljudd\u00e4mpande gardiner.<\/p>\n<p>Om du best\u00e4ller idag b\u00f6r dina gardiner levereras mellan <b id=\"deliveryDates\"><\/b>.<\/p>\n\n<\/div><\/div>\n\n<\/div>\n\n\t\t<\/div>\n\t\t\t\t\n<style>\n#col-1861430523 > .col-inner {\n  padding: 0px 10px 0px 10px;\n  margin: 0px 0px -20px 0px;\n}\n<\/style>\n\t<\/div>\n\n\t\n\n<\/div>\n<div class=\"row align-middle\"  id=\"row-1113071820\">\n\n\n\t<div id=\"col-725147317\" class=\"col medium-9 small-12 large-9\"  data-animate=\"fadeInDown\">\n\t\t\t\t<div class=\"col-inner\"  >\n\t\t\t\n\t\t\t\n\n\t<div id=\"gap-1649428413\" class=\"gap-element clearfix\" style=\"display:block; height:auto;\">\n\t\t\n<style>\n#gap-1649428413 {\n  padding-top: 15px;\n}\n<\/style>\n\t<\/div>\n\t\n\n<h3 class=\"accordion_title\">V\u00c5RA LJUDD\u00c4MPANDE GARDINER<\/h3><div class=\"accordion\">\n\n<div id=\"accordion-2268217181\" class=\"accordion-item\"><a id=\"accordion-2268217181-label\" href=\"#\" class=\"accordion-title plain\" aria-expanded=\"false\" aria-controls=\"accordion-2268217181-content\"><button class=\"toggle\" aria-label=\"Toggle\"><i class=\"icon-angle-down\"><\/i><\/button><span>Vilka ljud reducerar Sound Escape-gardiner?<\/span><\/a><div id=\"accordion-2268217181-content\" class=\"accordion-inner\" aria-labelledby=\"accordion-2268217181-label\">\n\n<p>Sound Escape-gardiner \u00e4r utformade f\u00f6r att d\u00e4mpa m\u00e5nga typer av ljud, s\u00e4rskilt f\u00f6ljande:<\/p>\n<ul>\n<li><span style=\"color: #173982;\"><strong>Trafikbuller<\/strong>:<\/span> bilar, lastbilar, motorcyklar och \u00e4ven t\u00e5g.<\/li>\n<li><span style=\"color: #173982;\"><strong>Omgivningsljud<\/strong>:<\/span> ljud fr\u00e5n grannar s\u00e5som samtal, musik, TV, trapphus eller gr\u00e4sklippare.<\/li>\n<li><span style=\"color: #173982;\"><strong>Luftburna ljud<\/strong>:<\/span> flygplan vid start eller landning.<\/li>\n<li><span style=\"color: #173982;\"><strong>Byggljud<\/strong>:<\/span> byggarbetsplatser, s\u00e4rskilt maskiner och verktyg.<\/li>\n<li><span style=\"color: #173982;\"><strong>Naturliga ljud<\/strong>:<\/span> regn, djur och \u00e4ven vind.<\/li>\n<li><span style=\"color: #173982;\"><strong>Nattlivsljud<\/strong>:<\/span> i omr\u00e5den med aktivt nattliv.<\/li>\n<\/ul>\n<p>Gardinerna reducerar \u00e4ven efterklang i rummet, vilket f\u00f6rb\u00e4ttrar den inomhusakustiska komforten. Observera att ljudreduktionen \u00e4r n\u00e5got mindre effektiv vid h\u00f6ga frekvenser.<\/p>\n\n<\/div><\/div>\n<div id=\"accordion-1593318937\" class=\"accordion-item\"><a id=\"accordion-1593318937-label\" href=\"#\" class=\"accordion-title plain\" aria-expanded=\"false\" aria-controls=\"accordion-1593318937-content\"><button class=\"toggle\" aria-label=\"Toggle\"><i class=\"icon-angle-down\"><\/i><\/button><span>Vad inneb\u00e4r en reducering p\u00e5 21 decibel?<\/span><\/a><div id=\"accordion-1593318937-content\" class=\"accordion-inner\" aria-labelledby=\"accordion-1593318937-label\">\n\n<p style=\"text-align: center;\"><span style=\"font-size: 100%;\">H\u00e4r \u00e4r en simulering av ljudreducering p\u00e5 21 dB. St\u00e4ll in volymen p\u00e5 din enhet till <span data-text-color=\"primary\"><strong>cirka 20\u00a0%<\/strong><\/span> och klicka p\u00e5 ljudspelarna.<\/span><\/p>\n\n<div class=\"row\"  id=\"row-292745015\">\n\n\n\t<div id=\"col-1651141211\" class=\"col medium-6 small-12 large-6\"  >\n\t\t\t\t<div class=\"col-inner text-center\"  >\n\t\t\t\n\t\t\t\n\n\t<div id=\"gap-1889542735\" class=\"gap-element clearfix\" style=\"display:block; height:auto;\">\n\t\t\n<style>\n#gap-1889542735 {\n  padding-top: 15px;\n}\n<\/style>\n\t<\/div>\n\t\n\n<p style=\"text-align: center; margin-bottom: 5px;\"><span style=\"font-size: 120%; color: #525252;\">UTAN GARDIN :<\/span><\/p>\n\n\n\n<audio id=\"audio-1131-1\" class=\"wp-audio-shortcode\" style=\"width: 100%;\" preload=\"none\" controls=\"controls\">\n<source type=\"audio\/mpeg\" src=\"https:\/\/sound-escape.co\/wp-content\/uploads\/2023\/08\/Son-sans-rideau-1.mp3?_=1\" \/>\n<\/audio>\n\n\n\t\t<\/div>\n\t\t\t\t\t<\/div>\n\n\t\n\n\t<div id=\"col-1470382495\" class=\"col medium-6 small-12 large-6\"  >\n\t\t\t\t<div class=\"col-inner text-center\"  >\n\t\t\t\n\t\t\t\n\n\t<div id=\"gap-327632044\" class=\"gap-element clearfix\" style=\"display:block; height:auto;\">\n\t\t\n<style>\n#gap-327632044 {\n  padding-top: 15px;\n}\n<\/style>\n\t<\/div>\n\t\n\n<p style=\"text-align: center; margin-bottom: 5px;\"><span style=\"font-size: 120%; color: #176b00;\">MED GARDIN :<\/span><\/p>\n\n\n\n<audio id=\"audio-1131-1\" class=\"wp-audio-shortcode\" style=\"width: 100%;\" preload=\"none\" controls=\"controls\">\n<source type=\"audio\/mpeg\" src=\"https:\/\/sound-escape.co\/wp-content\/uploads\/2023\/08\/Son-avec-rideau-1.mp3?_=1\" \/>\n<\/audio>\n\n\n\t\t<\/div>\n\t\t\t\t\t<\/div>\n\n\t\n\n\n<style>\n#row-292745015 > .col > .col-inner {\n  background-color: rgb(242, 242, 242);\n  border-radius: 35px;\n}\n<\/style>\n<\/div>\n<p style=\"text-align: center;\"><span style=\"font-size: 95%;\"><em>Ljudet \u201dMed gardin\u201d simulerar en ljudd\u00e4mpning p\u00e5 21 decibel. L\u00e5t volymen vara of\u00f6r\u00e4ndrad f\u00f6r att f\u00e5 den b\u00e4sta simuleringen.<\/em><\/span><\/p>\n\n\n<\/div><\/div>\n<div id=\"accordion-812928756\" class=\"accordion-item\"><a id=\"accordion-812928756-label\" href=\"#\" class=\"accordion-title plain\" aria-expanded=\"false\" aria-controls=\"accordion-812928756-content\"><button class=\"toggle\" aria-label=\"Toggle\"><i class=\"icon-angle-down\"><\/i><\/button><span>Hur v\u00e4ljer jag m\u00e5tten p\u00e5 mina gardiner?<\/span><\/a><div id=\"accordion-812928756-content\" class=\"accordion-inner\" aria-labelledby=\"accordion-812928756-label\">\n\n<p>F\u00f6r att v\u00e4lja r\u00e4tt m\u00e5tt f\u00f6r dina Sound Escape-gardiner, se v\u00e5r enkla m\u00e5ttguide:<\/p>\n<a href=\"https:\/\/sound-escape.co\/se\/guide\/\" target=\"_self\" class=\"button primary box-shadow-1 expand\"  style=\"border-radius:10px;\">\n    <span>Uppt\u00e4ck v\u00e5r m\u00e5ttguide<\/span>\n  <i class=\"icon-angle-right\" aria-hidden=\"true\" ><\/i><\/a>\n\n\n\n<\/div><\/div>\n<div id=\"accordion-788054991\" class=\"accordion-item\"><a id=\"accordion-788054991-label\" href=\"#\" class=\"accordion-title plain\" aria-expanded=\"false\" aria-controls=\"accordion-788054991-content\"><button class=\"toggle\" aria-label=\"Toggle\"><i class=\"icon-angle-down\"><\/i><\/button><span>Vad \u00e4r gardinernas tjocklek och vikt?<\/span><\/a><div id=\"accordion-788054991-content\" class=\"accordion-inner\" aria-labelledby=\"accordion-788054991-label\">\n\n<p>Sound Escape-gardiner har en <span data-text-color=\"primary\"><strong>tjocklek p\u00e5 cirka 1 cm<\/strong><\/span>, vilket g\u00f6r det m\u00f6jligt att integrera flera lager av h\u00f6gpresterande ljudisolerande material.<\/p>\n<p>N\u00e4r det g\u00e4ller vikten: goda nyheter \u2013 <span data-text-color=\"primary\"><strong>v\u00e5ra gardiner \u00e4r utformade f\u00f6r att kunna h\u00e4ngas p\u00e5 alla standardst\u00e4nger eller skenor<\/strong><\/span>. Densiteten \u00e4r cirka 760 g\/m\u00b2, vilket g\u00f6r det fullt m\u00f6jligt att h\u00e4nga tv\u00e5 gardiner p\u00e5 samma upph\u00e4ngning.<\/p>\n\n\n<\/div><\/div>\n<div id=\"accordion-3345453915\" class=\"accordion-item\"><a id=\"accordion-3345453915-label\" href=\"#\" class=\"accordion-title plain\" aria-expanded=\"false\" aria-controls=\"accordion-3345453915-content\"><button class=\"toggle\" aria-label=\"Toggle\"><i class=\"icon-angle-down\"><\/i><\/button><span>Har ni bevis p\u00e5 gardinernas effektivitet?<\/span><\/a><div id=\"accordion-3345453915-content\" class=\"accordion-inner\" aria-labelledby=\"accordion-3345453915-label\">\n\n<p>Sj\u00e4lvklart! Se ett utdrag ur v\u00e5r demonstrationsvideo f\u00f6r Sound Escape-ljudd\u00e4mpande gardiner:<\/p>\n<p><strong><span style=\"text-decoration: underline;\"><em><a href=\"https:\/\/sound-escape.co\/se\/sound-escape-proof\/\">Se videon<\/a><\/em><\/span><\/strong><\/p>\n\n<\/div><\/div>\n<div id=\"accordion-543985442\" class=\"accordion-item\"><a id=\"accordion-543985442-label\" href=\"#\" class=\"accordion-title plain\" aria-expanded=\"false\" aria-controls=\"accordion-543985442-content\"><button class=\"toggle\" aria-label=\"Toggle\"><i class=\"icon-angle-down\"><\/i><\/button><span>Hur g\u00f6r jag en best\u00e4llning?<\/span><\/a><div id=\"accordion-543985442-content\" class=\"accordion-inner\" aria-labelledby=\"accordion-543985442-label\">\n\n<p><span data-text-color=\"primary\"><strong>Best\u00e4ll dina ljudd\u00e4mpande gardiner \u2013 snabbt och enkelt:<br \/>\n<\/strong><\/span><\/p>\n<p>G\u00e5 till toppen av <a style=\"text-decoration: underline;\" href=\"https:\/\/sound-escape.co\/se\/product\/ljuddampande-gardiner\/\">produktsidan f\u00f6r v\u00e5ra ljudd\u00e4mpande gardiner<\/a> och v\u00e4lj anpassningsalternativen:<\/p>\n<ul>\n<li><strong><span data-text-color=\"primary\">&#8220;Gardinens h\u00f6jd&#8221; :<\/span><\/strong> <span style=\"color: #333333;\">Ange den h\u00f6jd p\u00e5 gardinen som beh\u00f6vs.<\/span><\/li>\n<li><strong><span data-text-color=\"primary\">&#8220;Gardinens bredd&#8221; :<\/span><\/strong> <span style=\"color: #333333;\">V\u00e4lj bredd och ta h\u00e4nsyn till angivelsen \u201dt\u00e4cker effektivt\u201d.<\/span><\/li>\n<li><strong><span data-text-color=\"primary\">&#8220;F\u00e4rg&#8221; :<\/span><\/strong> <span style=\"color: #333333;\">V\u00e4lj helt enkelt den f\u00e4rg du \u00f6nskar.<\/span><\/li>\n<li><strong><span data-text-color=\"primary\">&#8220;Upph\u00e4ngningsmetod&#8221; :<\/span><\/strong> <span style=\"color: #333333;\">V\u00e4lj den upph\u00e4ngningstyp som passar din gardinst\u00e5ng eller ditt skensystem.<\/span><\/li>\n<\/ul>\n<p><span style=\"color: #333333;\">N\u00e4r du har anpassat dina gardiner kan du klicka p\u00e5 knappen &#8220;<strong><span data-text-color=\"primary\">L\u00e4gg i varukorgen<\/span><\/strong>&#8221; (kom ih\u00e5g att justera \u00f6nskat antal gardiner) och slutf\u00f6ra din best\u00e4llning.<\/span><\/p>\n\n\n<\/div><\/div>\n<div id=\"accordion-3538311651\" class=\"accordion-item\"><a id=\"accordion-3538311651-label\" href=\"#\" class=\"accordion-title plain\" aria-expanded=\"false\" aria-controls=\"accordion-3538311651-content\"><button class=\"toggle\" aria-label=\"Toggle\"><i class=\"icon-angle-down\"><\/i><\/button><span>Kan jag best\u00e4lla prover?<\/span><\/a><div id=\"accordion-3538311651-content\" class=\"accordion-inner\" aria-labelledby=\"accordion-3538311651-label\">\n\n<p>Ja, absolut!<\/p>\n<p><span style=\"text-decoration: underline;\"><a class=\"uppercase\" href=\"https:\/\/sound-escape.co\/se\/product\/sound-escape-gardinprover\/\"><strong>Uppt\u00e4ck v\u00e5ra prover<\/strong><\/a><\/span><\/p>\n<p>Efter klick kan du v\u00e4lja de f\u00e4rger du vill f\u00e5. Ett perfekt s\u00e4tt att f\u00e5 en realistisk uppfattning om dina framtida gardiner.<\/p>\n\n<\/div><\/div>\n<div id=\"accordion-263973717\" class=\"accordion-item\"><a id=\"accordion-263973717-label\" href=\"#\" class=\"accordion-title plain\" aria-expanded=\"false\" aria-controls=\"accordion-263973717-content\"><button class=\"toggle\" aria-label=\"Toggle\"><i class=\"icon-angle-down\"><\/i><\/button><span>Kan gardinerna placeras n\u00e4ra ett element?<\/span><\/a><div id=\"accordion-263973717-content\" class=\"accordion-inner\" aria-labelledby=\"accordion-263973717-label\">\n\n<p>Av s\u00e4kerhetssk\u00e4l rekommenderar vi ett minsta avst\u00e5nd p\u00e5 10 cm mellan gardinerna och ett element.<\/p>\n\n<\/div><\/div>\n<div id=\"accordion-3284852138\" class=\"accordion-item\"><a id=\"accordion-3284852138-label\" href=\"#\" class=\"accordion-title plain\" aria-expanded=\"false\" aria-controls=\"accordion-3284852138-content\"><button class=\"toggle\" aria-label=\"Toggle\"><i class=\"icon-angle-down\"><\/i><\/button><span>Kan jag anv\u00e4nda era gardiner f\u00f6r att dela av ett rum?<\/span><\/a><div id=\"accordion-3284852138-content\" class=\"accordion-inner\" aria-labelledby=\"accordion-3284852138-label\">\n\n<p>Ja, absolut! Inget f\u00f6nster eller d\u00f6rr kr\u00e4vs f\u00f6r att v\u00e5ra ljudd\u00e4mpande gardiner ska fungera korrekt.<\/p>\n<p>Om du vill att den silverf\u00e4rgade sidan ska vara dold s\u00e5 att b\u00e5da sidor ser likadana ut, markera helt enkelt alternativet &#8220;<strong>Ja<\/strong>&#8221; under fr\u00e5gan &#8220;<strong>Ge b\u00e5da sidor av gardinen samma utseende?<\/strong>&#8220;.<\/p>\n\n<\/div><\/div>\n\n<\/div>\n\t<div id=\"gap-1119982077\" class=\"gap-element clearfix\" style=\"display:block; height:auto;\">\n\t\t\n<style>\n#gap-1119982077 {\n  padding-top: 25px;\n}\n<\/style>\n\t<\/div>\n\t\n\n<h3 class=\"accordion_title\">LEVERANSINFORMATION<\/h3><div class=\"accordion\">\n\n<div id=\"accordion-1267253360\" class=\"accordion-item\"><a id=\"accordion-1267253360-label\" href=\"#\" class=\"accordion-title plain\" aria-expanded=\"false\" aria-controls=\"accordion-1267253360-content\"><button class=\"toggle\" aria-label=\"Toggle\"><i class=\"icon-angle-down\"><\/i><\/button><span>Hur l\u00e5ng \u00e4r leveranstiden?<\/span><\/a><div id=\"accordion-1267253360-content\" class=\"accordion-inner\" aria-labelledby=\"accordion-1267253360-label\">\n\n<p>Vi tillverkar dina m\u00e5ttanpassade ljudd\u00e4mpande gardiner inom 5 arbetsdagar efter best\u00e4llning. Paketet skickas d\u00e4refter inom 24 timmar.<\/p>\n<p>N\u00e4r best\u00e4llningen har skickats sker leveransen vanligtvis inom 5 dagar.<\/p>\n<p>Du kan d\u00e4rf\u00f6r f\u00f6rv\u00e4nta dig att ta emot dina Sound Escape-gardiner inom cirka <span data-text-color=\"primary\"><strong>10 till 15 dagar<\/strong><\/span>.<\/p>\n\n<\/div><\/div>\n\n<\/div>\n\n\t\t<\/div>\n\t\t\t\t\n<style>\n#col-725147317 > .col-inner {\n  padding: 0px 10px 10px 10px;\n}\n@media (min-width:550px) {\n  #col-725147317 > .col-inner {\n    padding: 0px 40px 10px 40px;\n  }\n}\n<\/style>\n\t<\/div>\n\n\t\n\n\t<div id=\"col-1862768728\" class=\"col show-for-small medium-4 small-12 large-4\"  >\n\t\t\t\t<div class=\"col-inner\"  >\n\t\t\t\n\t\t\t\n\n<div class=\"text-center\"><div class=\"is-divider divider clearfix\" style=\"max-width:200px;height:2px;background-color:rgba(31, 52, 109, 0.355);\"><\/div><\/div>\n\n\t<div id=\"gap-1932481549\" class=\"gap-element clearfix\" style=\"display:block; height:auto;\">\n\t\t\n<style>\n#gap-1932481549 {\n  padding-top: 40px;\n}\n@media (min-width:550px) {\n  #gap-1932481549 {\n    padding-top: 30px;\n  }\n}\n<\/style>\n\t<\/div>\n\t\n\n<p style=\"text-align: center;\"><span data-text-color=\"primary\">Redo att njuta av lugn och tystnad? Best\u00e4ll dina ljudd\u00e4mpande gardiner nu:<\/span><\/p>\n<a href=\"https:\/\/sound-escape.co\/se\/product\/soundproof-curtain\/\" target=\"_self\" class=\"button primary expand\"  style=\"border-radius:10px;\">\n    <span>Anpassa & best\u00e4ll mina gardiner<\/span>\n  <\/a>\n\n\n\t<div id=\"gap-490433572\" class=\"gap-element clearfix\" style=\"display:block; height:auto;\">\n\t\t\n<style>\n#gap-490433572 {\n  padding-top: 30px;\n}\n<\/style>\n\t<\/div>\n\t\n\n<p style=\"text-align: center;\"><span data-text-color=\"primary\">Beh\u00f6ver du mer information? V\u00e5rt team hj\u00e4lper dig g\u00e4rna:<\/span><\/p>\n<a href=\"https:\/\/sound-escape.co\/se\/contact-us\/\" target=\"_self\" class=\"button primary is-outline expand\"  style=\"border-radius:10px;\">\n    <span>Kontakta v\u00e5rt team<\/span>\n  <i class=\"icon-angle-right\" aria-hidden=\"true\" ><\/i><\/a>\n\n\n\n\t\t<\/div>\n\t\t\t\t\n<style>\n#col-1862768728 > .col-inner {\n  padding: 0px 10px 0px 10px;\n  margin: 0px 0px -30px 0px;\n}\n<\/style>\n\t<\/div>\n\n\t\n\n\t<div id=\"col-2115821494\" class=\"col hide-for-small medium-3 small-12 large-3\"  >\n\t\t\t\t<div class=\"col-inner\" style=\"background-color:rgb(255, 255, 255);\" >\n\t\t\t\n\t<div class=\"is-border\"\n\t\tstyle=\"border-color:rgb(221, 221, 221);border-radius:20px;border-width:1px 1px 1px 1px;\">\n\t<\/div>\n\t\t\t\n\n\t<div id=\"gap-690458575\" class=\"gap-element clearfix\" style=\"display:block; height:auto;\">\n\t\t\n<style>\n#gap-690458575 {\n  padding-top: 20px;\n}\n<\/style>\n\t<\/div>\n\t\n\n<p class=\"uppercase\" style=\"text-align: center;\"><span style=\"font-size: 115%; color: #333333;\">Har du fler fr\u00e5gor?<\/span><\/p>\n<p style=\"text-align: center;\"><span style=\"color: #333333;\">Vi svarar g\u00e4rna! Bes\u00f6k v\u00e5r <a href=\"https:\/\/sound-escape.co\/se\/contact\/\" style=\"text-decoration: underline;\">kontaktsida<\/a>.<\/span><\/p>\n\t<div class=\"img has-hover hide-for-small x md-x lg-x y md-y lg-y\" id=\"image_268217111\">\n\t\t\t\t\t\t\t\t<div class=\"img-inner dark\" >\n\t\t\t<img loading=\"lazy\" decoding=\"async\" width=\"428\" height=\"878\" src=\"https:\/\/sound-escape.co\/se\/wp-content\/uploads\/2023\/09\/soundescapepc1-1-5.jpg\" class=\"attachment-large size-large wvs-archive-product-image\" alt=\"\" srcset=\"https:\/\/sound-escape.co\/se\/wp-content\/uploads\/2023\/09\/soundescapepc1-1-5.jpg 428w, https:\/\/sound-escape.co\/se\/wp-content\/uploads\/2023\/09\/soundescapepc1-1-5-146x300.jpg 146w\" sizes=\"auto, (max-width: 428px) 100vw, 428px\" \/>\t\t\t\t\t\t\n\t\t\t\t\t<\/div>\n\t\t\t\t\t\t\t\t\n<style>\n#image_268217111 {\n  width: 100%;\n}\n<\/style>\n\t<\/div>\n\t\n\n\n\t\t<\/div>\n\t\t\t\t\n<style>\n#col-2115821494 > .col-inner {\n  padding: 10px 20px 10px 20px;\n  border-radius: 20px;\n}\n<\/style>\n\t<\/div>\n\n\t\n\n<\/div>\n\n\n<script>\nfunction calculateWeight() {\n  var width = document.getElementById('width').value;\n  var height = document.getElementById('height').value;\n  if(width && height) {\n    var weight = (width * height) \/ 10000 * 0.76;\n    document.getElementById('result').innerHTML = \"Vikten p\u00e5 denna gardin \u00e4r cirka \" + weight.toFixed(2) + \" kg.\";\n  } else {\n    document.getElementById('result').innerHTML = \"Ange b\u00e5de bredd och h\u00f6jd.\";\n  }\n}\n<\/script>\n\n\n\n<script>\n  var today = new Date();\n  var date1 = new Date();\n  date1.setDate(today.getDate() + 12);\n  var date2 = new Date();\n  date2.setDate(today.getDate() + 17);\n\n  function formatDate(date) {\n    var options = { month: 'short', day: 'numeric' };\n    return date.toLocaleDateString('sv-SE', options);\n  }\n\n  var formattedDate1 = formatDate(date1);\n  var formattedDate2 = formatDate(date2);\n\n  var deliveryDates = formattedDate1 + \" och \" + formattedDate2;\n  document.getElementById('deliveryDates').innerHTML = deliveryDates;\n<\/script>\n","protected":false},"excerpt":{"rendered":"","protected":false},"author":1,"featured_media":0,"parent":0,"menu_order":0,"comment_status":"closed","ping_status":"closed","template":"","meta":{"inline_featured_image":false,"footnotes":""},"class_list":["post-3456","page","type-page","status-publish","hentry"],"_links":{"self":[{"href":"https:\/\/sound-escape.co\/se\/wp-json\/wp\/v2\/pages\/3456","targetHints":{"allow":["GET"]}}],"collection":[{"href":"https:\/\/sound-escape.co\/se\/wp-json\/wp\/v2\/pages"}],"about":[{"href":"https:\/\/sound-escape.co\/se\/wp-json\/wp\/v2\/types\/page"}],"author":[{"embeddable":true,"href":"https:\/\/sound-escape.co\/se\/wp-json\/wp\/v2\/users\/1"}],"replies":[{"embeddable":true,"href":"https:\/\/sound-escape.co\/se\/wp-json\/wp\/v2\/comments?post=3456"}],"version-history":[{"count":0,"href":"https:\/\/sound-escape.co\/se\/wp-json\/wp\/v2\/pages\/3456\/revisions"}],"wp:attachment":[{"href":"https:\/\/sound-escape.co\/se\/wp-json\/wp\/v2\/media?parent=3456"}],"curies":[{"name":"wp","href":"https:\/\/api.w.org\/{rel}","templated":true}]}}