{"id":2205,"date":"2023-08-29T07:56:50","date_gmt":"2023-08-29T05:56:50","guid":{"rendered":"https:\/\/sound-escape.co\/se\/?page_id=2205"},"modified":"2026-01-21T07:27:00","modified_gmt":"2026-01-21T06:27:00","slug":"suivi-de-colis","status":"publish","type":"page","link":"https:\/\/sound-escape.co\/se\/suivi-de-colis\/","title":{"rendered":"Paketsp\u00e5rning"},"content":{"rendered":"<div style=\"height:40px\" aria-hidden=\"true\" class=\"wp-block-spacer\"><\/div><h1 class=\"wp-block-heading has-text-align-center has-text-color has-link-color wp-elements-eac3bb0a12a8b99e413ab8d686cb6792\" style=\"color:#172e81\">Sp\u00e5ra mina best\u00e4llningar<\/h1><p class=\"has-text-align-center\">Tack f\u00f6r att du har valt Sound Escape f\u00f6r dina ljudd\u00e4mpande gardiner!<\/p><p class=\"has-text-align-center\">V\u00e4nligen <strong><a href=\"https:\/\/sound-escape.co\/se\/kontakta-oss\/\"><span style=\"text-decoration: underline;\">kontakta oss<\/span><\/a><\/strong> om du vill f\u00e5 ditt sp\u00e5rningsnummer. Observera att v\u00e5ra gardiner beh\u00f6ver upp till 5 arbetsdagar f\u00f6r att tillverkas och att sp\u00e5rningsnumret aktiveras f\u00f6rst n\u00e4r paketet har skickats.<\/p><p class=\"has-text-align-center\">Tack f\u00f6r ditt t\u00e5lamod.<\/p><div style=\"height:133px\" aria-hidden=\"true\" class=\"wp-block-spacer\"><\/div>","protected":false},"excerpt":{"rendered":"<p>Sp\u00e5ra mina best\u00e4llningar Tack f\u00f6r att du har valt Sound Escape f\u00f6r dina ljudd\u00e4mpande gardiner! V\u00e4nligen kontakta oss om du vill f\u00e5 ditt sp\u00e5rningsnummer. Observera att v\u00e5ra gardiner beh\u00f6ver upp till 5 arbetsdagar f\u00f6r att tillverkas och att sp\u00e5rningsnumret aktiveras f\u00f6rst n\u00e4r paketet har skickats. Tack f\u00f6r ditt t\u00e5lamod.<\/p>\n","protected":false},"author":1,"featured_media":0,"parent":0,"menu_order":0,"comment_status":"closed","ping_status":"closed","template":"","meta":{"inline_featured_image":false,"footnotes":""},"class_list":["post-2205","page","type-page","status-publish","hentry"],"_links":{"self":[{"href":"https:\/\/sound-escape.co\/se\/wp-json\/wp\/v2\/pages\/2205","targetHints":{"allow":["GET"]}}],"collection":[{"href":"https:\/\/sound-escape.co\/se\/wp-json\/wp\/v2\/pages"}],"about":[{"href":"https:\/\/sound-escape.co\/se\/wp-json\/wp\/v2\/types\/page"}],"author":[{"embeddable":true,"href":"https:\/\/sound-escape.co\/se\/wp-json\/wp\/v2\/users\/1"}],"replies":[{"embeddable":true,"href":"https:\/\/sound-escape.co\/se\/wp-json\/wp\/v2\/comments?post=2205"}],"version-history":[{"count":0,"href":"https:\/\/sound-escape.co\/se\/wp-json\/wp\/v2\/pages\/2205\/revisions"}],"wp:attachment":[{"href":"https:\/\/sound-escape.co\/se\/wp-json\/wp\/v2\/media?parent=2205"}],"curies":[{"name":"wp","href":"https:\/\/api.w.org\/{rel}","templated":true}]}}