{"id":2184,"date":"2023-08-29T07:35:44","date_gmt":"2023-08-29T05:35:44","guid":{"rendered":"https:\/\/sound-escape.co\/se\/?page_id=2184"},"modified":"2026-01-21T08:14:53","modified_gmt":"2026-01-21T07:14:53","slug":"mentions-legales","status":"publish","type":"page","link":"https:\/\/sound-escape.co\/se\/mentions-legales\/","title":{"rendered":"GENERAL TERMS AND CONDITIONS OF SALE AND USE"},"content":{"rendered":"<h1 class=\"wp-block-heading\"><strong>ALLM\u00c4NNA F\u00d6RS\u00c4LJNINGS- OCH ANV\u00c4NDNINGSVILLKOR<\/strong><\/h1><p><strong>\u00d6VERSIKT<\/strong><\/p><p>Denna webbplats drivs av Sound Escape. P\u00e5 hela webbplatsen h\u00e4nvisar termerna \u201dvi\u201d, \u201doss\u201d och \u201dv\u00e5r\u201d till Sound Escape. Sound Escape erbjuder denna webbplats, inklusive all information, alla verktyg och tj\u00e4nster som finns tillg\u00e4ngliga p\u00e5 webbplatsen, till dig som anv\u00e4ndare, under f\u00f6ruts\u00e4ttning att du accepterar samtliga villkor, regler, policys och meddelanden som anges h\u00e4r.<\/p><p>Genom att bes\u00f6ka v\u00e5r webbplats och\/eller k\u00f6pa n\u00e5gon av v\u00e5ra produkter anv\u00e4nder du v\u00e5r \u201dTj\u00e4nst\u201d och samtycker till att vara bunden av f\u00f6ljande villkor, inklusive ytterligare villkor och policys som h\u00e4nvisas till h\u00e4r. Dessa anv\u00e4ndarvillkor g\u00e4ller f\u00f6r alla anv\u00e4ndare av webbplatsen.<\/p><p>L\u00e4s dessa allm\u00e4nna f\u00f6rs\u00e4ljnings- och anv\u00e4ndningsvillkor noggrant innan du anv\u00e4nder v\u00e5r webbplats. Genom att anv\u00e4nda n\u00e5gon del av webbplatsen accepterar du dessa villkor. Om du inte accepterar samtliga villkor i detta avtal f\u00e5r du inte anv\u00e4nda webbplatsen eller dess tj\u00e4nster.<\/p><p>Alla nya funktioner eller verktyg som l\u00e4ggs till i butiken omfattas ocks\u00e5 av dessa allm\u00e4nna f\u00f6rs\u00e4ljnings- och anv\u00e4ndningsvillkor. Den senaste versionen av villkoren finns alltid tillg\u00e4nglig p\u00e5 denna sida. Vi f\u00f6rbeh\u00e5ller oss r\u00e4tten att n\u00e4r som helst uppdatera eller \u00e4ndra villkoren genom att publicera \u00e4ndringar p\u00e5 webbplatsen. Det \u00e4r ditt ansvar att regelbundet kontrollera denna sida. Fortsatt anv\u00e4ndning av webbplatsen efter publicerade \u00e4ndringar inneb\u00e4r att du accepterar dem.<\/p><p>V\u00e5r butik \u00e4r v\u00e4rd hos WordPress:<\/p><p>Automattic Inc. 60 29th Street #343 San Francisco, CA 94110 USA<\/p><p>De tillhandah\u00e5ller den e-handelsplattform som g\u00f6r det m\u00f6jligt f\u00f6r oss att s\u00e4lja v\u00e5ra produkter och tj\u00e4nster till dig.<\/p><p><strong>ARTIKEL 1 \u2013 VILLKOR F\u00d6R ONLINEBUTIKEN<\/strong><\/p><p>Genom att acceptera dessa villkor intygar du att du \u00e4r myndig i ditt land eller din region, och att du har gett samtycke till att eventuella minder\u00e5riga som du ansvarar f\u00f6r f\u00e5r anv\u00e4nda webbplatsen.<\/p><p>Du f\u00e5r inte anv\u00e4nda v\u00e5ra produkter f\u00f6r olagliga eller obeh\u00f6riga \u00e4ndam\u00e5l och f\u00e5r inte bryta mot till\u00e4mpliga lagar i din jurisdiktion (inklusive upphovsr\u00e4ttslagstiftning).<\/p><p>Du f\u00e5r inte \u00f6verf\u00f6ra virus, skadlig kod eller annat destruktivt material.<\/p><p><strong>ARTIKEL 2 \u2013 ALLM\u00c4NNA VILLKOR<\/strong><\/p><p>Du f\u00f6rst\u00e5r att ditt inneh\u00e5ll (exklusive kreditkortsinformation) kan \u00f6verf\u00f6ras okrypterat och innefatta (a) \u00f6verf\u00f6ringar via olika n\u00e4tverk och (b) anpassningar till tekniska krav hos n\u00e4tverk eller enheter. Kreditkortsinformation krypteras alltid vid \u00f6verf\u00f6ring.<\/p><p>Du samtycker till att inte kopiera, reproducera, s\u00e4lja eller utnyttja n\u00e5gon del av tj\u00e4nsten utan skriftligt tillst\u00e5nd fr\u00e5n oss.<\/p><p>Rubriker anv\u00e4nds endast f\u00f6r tydlighet och p\u00e5verkar inte tolkningen av villkoren.<\/p><p><strong>ARTIKEL 3 \u2013 INFORMATIONENS KORREKTHET<\/strong><\/p><p>Vi ansvarar inte f\u00f6r att informationen p\u00e5 webbplatsen \u00e4r fullst\u00e4ndig, korrekt eller uppdaterad. Informationen tillhandah\u00e5lls endast i informationssyfte och ska inte ligga till grund f\u00f6r beslut utan att konsultera mer tillf\u00f6rlitliga k\u00e4llor.<\/p><p>Webbplatsen kan inneh\u00e5lla historisk information som endast \u00e4r avsedd som referens. Vi f\u00f6rbeh\u00e5ller oss r\u00e4tten att n\u00e4r som helst \u00e4ndra inneh\u00e5llet utan skyldighet att uppdatera det.<\/p><p><strong>ARTIKEL 4 \u2013 \u00c4NDRINGAR AV TJ\u00c4NST OCH PRISER<\/strong><\/p><p>Priserna p\u00e5 v\u00e5ra produkter kan \u00e4ndras utan f\u00f6reg\u00e5ende meddelande.<\/p><p>Vi f\u00f6rbeh\u00e5ller oss r\u00e4tten att n\u00e4r som helst \u00e4ndra eller avbryta tj\u00e4nsten utan ansvar.<\/p><p><strong>ARTIKEL 5 \u2013 PRODUKTER OCH TJ\u00c4NSTER<\/strong><\/p><p>Vissa produkter eller tj\u00e4nster kan endast vara tillg\u00e4ngliga online och i begr\u00e4nsat antal. Returer och byten regleras av v\u00e5r returpolicy.<\/p><p>Vi g\u00f6r v\u00e5rt b\u00e4sta f\u00f6r att visa f\u00e4rger och bilder korrekt men kan inte garantera att de \u00e5terges exakt p\u00e5 din sk\u00e4rm.<\/p><p><strong>ARTIKEL 6 \u2013 FAKTURERINGSINFORMATION<\/strong><\/p><p>Vi f\u00f6rbeh\u00e5ller oss r\u00e4tten att neka eller annullera best\u00e4llningar. Vid \u00e4ndringar kan vi kontakta dig via e-post eller telefon.<\/p><p><strong>ARTIKEL 7 \u2013 TREDJEPARTSVERKTYG<\/strong><\/p><p>Vi kan tillhandah\u00e5lla verktyg fr\u00e5n tredje part utan kontroll eller ansvar.<\/p><p><strong>ARTIKEL 8 \u2013 KOMMENTARER OCH FEEDBACK<\/strong><\/p><p>Genom att skicka kommentarer till oss ger du oss r\u00e4tt att anv\u00e4nda dem utan begr\u00e4nsning och utan ers\u00e4ttning.<\/p><p><strong>ARTIKEL 9 \u2013 PERSONUPPGIFTER<\/strong><\/p><p>Behandling av personuppgifter regleras av v\u00e5r integritetspolicy.<\/p><p><strong>ARTIKEL 10 \u2013 FEL OCH UTEL\u00c4MNANDEN<\/strong><\/p><p>Vi f\u00f6rbeh\u00e5ller oss r\u00e4tten att korrigera fel och uppdatera information utan f\u00f6reg\u00e5ende meddelande.<\/p><p><strong>ARTIKEL 11 \u2013 F\u00d6RBJUDEN ANV\u00c4NDNING<\/strong><\/p><p>Du f\u00e5r inte anv\u00e4nda webbplatsen f\u00f6r olagliga, skadliga eller bedr\u00e4gliga \u00e4ndam\u00e5l eller kr\u00e4nka tredje parts r\u00e4ttigheter.<\/p><p><strong>ARTIKEL 12 \u2013 ANSVARSBEGR\u00c4NSNING<\/strong><\/p><p>Tj\u00e4nsten tillhandah\u00e5lls \u201di befintligt skick\u201d utan garantier. Anv\u00e4ndning sker p\u00e5 egen risk.<\/p><p>P\u00e5 grund av gardinernas m\u00e5ttanpassade natur kan vi i de flesta fall inte acceptera returer. Kontrollera noggrant dina m\u00e5tt f\u00f6re best\u00e4llning.<\/p><p><strong>ARTIKEL 13 \u2013 SKADESL\u00d6SH\u00c5LLANDE<\/strong><\/p><p>Du samtycker till att h\u00e5lla Sound Escape skadesl\u00f6st fr\u00e5n krav som uppst\u00e5r till f\u00f6ljd av brott mot dessa villkor.<\/p><p><strong>ARTIKEL 14 \u2013 GILTIGHET<\/strong><\/p><p>Om n\u00e5gon best\u00e4mmelse anses ogiltig p\u00e5verkar det inte \u00f6vriga best\u00e4mmelser.<\/p><p><strong>ARTIKEL 15 \u2013 OM SOUND ESCAPE<\/strong><\/p><p>Sound Escape \u00e4r ett varum\u00e4rke skapat av Globale Ecom Technologies LLC<\/p><p>Globale Ecom Technologies LLC<br>1309 Coffeen Avenue STE 1200<br>Sheridan, Wyoming, 82801<br>USA<\/p>","protected":false},"excerpt":{"rendered":"<p>ALLM\u00c4NNA F\u00d6RS\u00c4LJNINGS- OCH ANV\u00c4NDNINGSVILLKOR \u00d6VERSIKT Denna webbplats drivs av Sound Escape. P\u00e5 hela webbplatsen h\u00e4nvisar termerna \u201dvi\u201d, \u201doss\u201d och \u201dv\u00e5r\u201d till Sound Escape. Sound Escape erbjuder denna webbplats, inklusive all information, alla verktyg och tj\u00e4nster som finns tillg\u00e4ngliga p\u00e5 webbplatsen, till dig som anv\u00e4ndare, under f\u00f6ruts\u00e4ttning att du accepterar samtliga villkor, regler, policys och meddelanden [&#8230;]\n","protected":false},"author":1,"featured_media":0,"parent":0,"menu_order":0,"comment_status":"closed","ping_status":"closed","template":"","meta":{"inline_featured_image":false,"footnotes":""},"class_list":["post-2184","page","type-page","status-publish","hentry"],"_links":{"self":[{"href":"https:\/\/sound-escape.co\/se\/wp-json\/wp\/v2\/pages\/2184","targetHints":{"allow":["GET"]}}],"collection":[{"href":"https:\/\/sound-escape.co\/se\/wp-json\/wp\/v2\/pages"}],"about":[{"href":"https:\/\/sound-escape.co\/se\/wp-json\/wp\/v2\/types\/page"}],"author":[{"embeddable":true,"href":"https:\/\/sound-escape.co\/se\/wp-json\/wp\/v2\/users\/1"}],"replies":[{"embeddable":true,"href":"https:\/\/sound-escape.co\/se\/wp-json\/wp\/v2\/comments?post=2184"}],"version-history":[{"count":0,"href":"https:\/\/sound-escape.co\/se\/wp-json\/wp\/v2\/pages\/2184\/revisions"}],"wp:attachment":[{"href":"https:\/\/sound-escape.co\/se\/wp-json\/wp\/v2\/media?parent=2184"}],"curies":[{"name":"wp","href":"https:\/\/api.w.org\/{rel}","templated":true}]}}