{"id":3791,"date":"2023-10-11T11:19:02","date_gmt":"2023-10-11T09:19:02","guid":{"rendered":"https:\/\/sound-escape.co\/jp\/?page_id=3791"},"modified":"2024-02-01T06:58:42","modified_gmt":"2024-02-01T05:58:42","slug":"couleurs-des-rideaux-sound-escape","status":"publish","type":"page","link":"https:\/\/sound-escape.co\/jp\/couleurs-des-rideaux-sound-escape\/","title":{"rendered":"Couleurs des Rideaux Sound Escape"},"content":{"rendered":"\t<div id=\"gap-790646778\" class=\"gap-element clearfix\" style=\"display:block; height:auto;\">\n\t\t\n<style>\n#gap-790646778 {\n  padding-top: 15px;\n}\n@media (min-width:550px) {\n  #gap-790646778 {\n    padding-top: 30px;\n  }\n}\n<\/style>\n\t<\/div>\n\t\n\n<div class=\"container section-title-container\" ><h1 class=\"section-title section-title-center\"><b><\/b><span class=\"section-title-main\" style=\"color:rgb(24, 57, 100);\">Couleur des rideaux<\/span><b><\/b><\/h1><\/div>\n\n<div class=\"row\"  id=\"row-1030261755\">\n\n\n\t<div id=\"col-1925764943\" class=\"col medium-3 small-6 large-3\"  >\n\t\t\t\t<div class=\"col-inner\"  >\n\t\t\t\n\t\t\t\n\n\t<div class=\"img has-hover x md-x lg-x y md-y lg-y\" id=\"image_1801362784\">\n\t\t\t\t\t\t\t\t<div class=\"img-inner dark\" style=\"margin:0px 0px -15px 0px;\">\n\t\t\t<img loading=\"lazy\" decoding=\"async\" width=\"427\" height=\"878\" src=\"https:\/\/sound-escape.co\/jp\/wp-content\/uploads\/2023\/12\/gris-graphite-1.jpg\" class=\"attachment-large size-large\" alt=\"\" srcset=\"https:\/\/sound-escape.co\/jp\/wp-content\/uploads\/2023\/12\/gris-graphite-1.jpg 427w, https:\/\/sound-escape.co\/jp\/wp-content\/uploads\/2023\/12\/gris-graphite-1-146x300.jpg 146w\" sizes=\"auto, (max-width: 427px) 100vw, 427px\" \/>\t\t\t\t\t\t\n\t\t\t\t\t<\/div>\n\t\t\t\t\t\t\t\t\n<style>\n#image_1801362784 {\n  width: 100%;\n}\n<\/style>\n\t<\/div>\n\t\n\n\t<div id=\"text-1277701858\" class=\"text\">\n\t\t\n\n<p class=\"uppercase\" style=\"text-align: center;\"><span style=\"color: #808080;\">Gris Graphite<\/span><\/p>\n\t\t\n<style>\n#text-1277701858 {\n  font-size: 1rem;\n}\n<\/style>\n\t<\/div>\n\t\n\n\t\t<\/div>\n\t\t\t\t\t<\/div>\n\n\t\n\n\t<div id=\"col-1366468196\" class=\"col medium-3 small-6 large-3\"  >\n\t\t\t\t<div class=\"col-inner\"  >\n\t\t\t\n\t\t\t\n\n\t<div class=\"img has-hover x md-x lg-x y md-y lg-y\" id=\"image_1411615085\">\n\t\t\t\t\t\t\t\t<div class=\"img-inner dark\" style=\"margin:0px 0px -15px 0px;\">\n\t\t\t<img loading=\"lazy\" decoding=\"async\" width=\"429\" height=\"878\" src=\"https:\/\/sound-escape.co\/jp\/wp-content\/uploads\/2023\/09\/rideaux-anti-bruit-jaunes-4.jpg\" class=\"attachment-large size-large\" alt=\"\" srcset=\"https:\/\/sound-escape.co\/jp\/wp-content\/uploads\/2023\/09\/rideaux-anti-bruit-jaunes-4.jpg 429w, https:\/\/sound-escape.co\/jp\/wp-content\/uploads\/2023\/09\/rideaux-anti-bruit-jaunes-4-147x300.jpg 147w\" sizes=\"auto, (max-width: 429px) 100vw, 429px\" \/>\t\t\t\t\t\t\n\t\t\t\t\t<\/div>\n\t\t\t\t\t\t\t\t\n<style>\n#image_1411615085 {\n  width: 100%;\n}\n<\/style>\n\t<\/div>\n\t\n\n<p class=\"uppercase\" style=\"text-align: center;\"><span style=\"color: #808080;\">Soleil Dor\u00e9<\/span><\/p>\n\n\n\t\t<\/div>\n\t\t\t\t\t<\/div>\n\n\t\n\n\t<div id=\"col-156210908\" class=\"col medium-3 small-6 large-3\"  >\n\t\t\t\t<div class=\"col-inner\"  >\n\t\t\t\n\t\t\t\n\n\t<div class=\"img has-hover x md-x lg-x y md-y lg-y\" id=\"image_1558699130\">\n\t\t\t\t\t\t\t\t<div class=\"img-inner dark\" style=\"margin:0px 0px -15px 0px;\">\n\t\t\t<img loading=\"lazy\" decoding=\"async\" width=\"429\" height=\"878\" src=\"https:\/\/sound-escape.co\/jp\/wp-content\/uploads\/2024\/02\/coloris-blanc-1.webp\" class=\"attachment-large size-large\" alt=\"\" srcset=\"https:\/\/sound-escape.co\/jp\/wp-content\/uploads\/2024\/02\/coloris-blanc-1.webp 429w, https:\/\/sound-escape.co\/jp\/wp-content\/uploads\/2024\/02\/coloris-blanc-1-147x300.webp 147w\" sizes=\"auto, (max-width: 429px) 100vw, 429px\" \/>\t\t\t\t\t\t\n\t\t\t\t\t<\/div>\n\t\t\t\t\t\t\t\t\n<style>\n#image_1558699130 {\n  width: 100%;\n}\n<\/style>\n\t<\/div>\n\t\n\n<p class=\"uppercase\" style=\"text-align: center;\"><span style=\"color: #808080;\">Blanc Perle<\/span><\/p>\n\n\n\t\t<\/div>\n\t\t\t\t\t<\/div>\n\n\t\n\n\t<div id=\"col-92915436\" class=\"col medium-3 small-6 large-3\"  >\n\t\t\t\t<div class=\"col-inner\"  >\n\t\t\t\n\t\t\t\n\n\t<div class=\"img has-hover x md-x lg-x y md-y lg-y\" id=\"image_1730225881\">\n\t\t\t\t\t\t\t\t<div class=\"img-inner dark\" style=\"margin:0px 0px -15px 0px;\">\n\t\t\t<img loading=\"lazy\" decoding=\"async\" width=\"429\" height=\"878\" src=\"https:\/\/sound-escape.co\/jp\/wp-content\/uploads\/2024\/02\/noire.webp\" class=\"attachment-large size-large\" alt=\"\" srcset=\"https:\/\/sound-escape.co\/jp\/wp-content\/uploads\/2024\/02\/noire.webp 429w, https:\/\/sound-escape.co\/jp\/wp-content\/uploads\/2024\/02\/noire-147x300.webp 147w\" sizes=\"auto, (max-width: 429px) 100vw, 429px\" \/>\t\t\t\t\t\t\n\t\t\t\t\t<\/div>\n\t\t\t\t\t\t\t\t\n<style>\n#image_1730225881 {\n  width: 100%;\n}\n<\/style>\n\t<\/div>\n\t\n\n<p class=\"uppercase\" style=\"text-align: center;\"><span style=\"color: #808080;\">Noir Obsidienne<\/span><\/p>\n\n\n\t\t<\/div>\n\t\t\t\t\t<\/div>\n\n\t\n\n<\/div>\n<div class=\"row\"  id=\"row-1228205715\">\n\n\n\t<div id=\"col-1610953260\" class=\"col medium-3 small-6 large-3\"  >\n\t\t\t\t<div class=\"col-inner\"  >\n\t\t\t\n\t\t\t\n\n\t<div class=\"img has-hover x md-x lg-x y md-y lg-y\" id=\"image_1009603984\">\n\t\t\t\t\t\t\t\t<div class=\"img-inner dark\" style=\"margin:-15px 0px -15px 0px;\">\n\t\t\t<img loading=\"lazy\" decoding=\"async\" width=\"429\" height=\"878\" src=\"https:\/\/sound-escape.co\/jp\/wp-content\/uploads\/2023\/09\/rideaux-phoniques-gris-clair-1.jpg\" class=\"attachment-original size-original\" alt=\"\" srcset=\"https:\/\/sound-escape.co\/jp\/wp-content\/uploads\/2023\/09\/rideaux-phoniques-gris-clair-1.jpg 429w, https:\/\/sound-escape.co\/jp\/wp-content\/uploads\/2023\/09\/rideaux-phoniques-gris-clair-1-147x300.jpg 147w\" sizes=\"auto, (max-width: 429px) 100vw, 429px\" \/>\t\t\t\t\t\t\n\t\t\t\t\t<\/div>\n\t\t\t\t\t\t\t\t\n<style>\n#image_1009603984 {\n  width: 100%;\n}\n<\/style>\n\t<\/div>\n\t\n\n<p class=\"uppercase\" style=\"text-align: center;\"><span style=\"color: #808080;\">Gris Sid\u00e9ral<\/span><\/p>\n\n\n\t\t<\/div>\n\t\t\t\t\t<\/div>\n\n\t\n\n\t<div id=\"col-1832668036\" class=\"col medium-3 small-6 large-3\"  >\n\t\t\t\t<div class=\"col-inner\"  >\n\t\t\t\n\t\t\t\n\n\t<div class=\"img has-hover x md-x lg-x y md-y lg-y\" id=\"image_2008305866\">\n\t\t\t\t\t\t\t\t<div class=\"img-inner dark\" style=\"margin:-15px 0px -15px 0px;\">\n\t\t\t<img loading=\"lazy\" decoding=\"async\" width=\"430\" height=\"878\" src=\"https:\/\/sound-escape.co\/jp\/wp-content\/uploads\/2023\/09\/rideaux-phoniques-bleus-2-1.jpg\" class=\"attachment-large size-large\" alt=\"\" srcset=\"https:\/\/sound-escape.co\/jp\/wp-content\/uploads\/2023\/09\/rideaux-phoniques-bleus-2-1.jpg 430w, https:\/\/sound-escape.co\/jp\/wp-content\/uploads\/2023\/09\/rideaux-phoniques-bleus-2-1-147x300.jpg 147w\" sizes=\"auto, (max-width: 430px) 100vw, 430px\" \/>\t\t\t\t\t\t\n\t\t\t\t\t<\/div>\n\t\t\t\t\t\t\t\t\n<style>\n#image_2008305866 {\n  width: 100%;\n}\n<\/style>\n\t<\/div>\n\t\n\n<p class=\"uppercase\" style=\"text-align: center;\"><span style=\"color: #808080;\">Bleu marine<\/span><\/p>\n\n\n\t\t<\/div>\n\t\t\t\t\t<\/div>\n\n\t\n\n\t<div id=\"col-1833472717\" class=\"col medium-3 small-6 large-3\"  >\n\t\t\t\t<div class=\"col-inner\"  >\n\t\t\t\n\t\t\t\n\n\t<div class=\"img has-hover x md-x lg-x y md-y lg-y\" id=\"image_1820505561\">\n\t\t\t\t\t\t\t\t<div class=\"img-inner dark\" style=\"margin:-15px 0px -15px 0px;\">\n\t\t\t<img loading=\"lazy\" decoding=\"async\" width=\"429\" height=\"878\" src=\"https:\/\/sound-escape.co\/jp\/wp-content\/uploads\/2023\/09\/rideaux-phoniques-gris-clair-2.jpg\" class=\"attachment-original size-original\" alt=\"\" srcset=\"https:\/\/sound-escape.co\/jp\/wp-content\/uploads\/2023\/09\/rideaux-phoniques-gris-clair-2.jpg 429w, https:\/\/sound-escape.co\/jp\/wp-content\/uploads\/2023\/09\/rideaux-phoniques-gris-clair-2-147x300.jpg 147w\" sizes=\"auto, (max-width: 429px) 100vw, 429px\" \/>\t\t\t\t\t\t\n\t\t\t\t\t<\/div>\n\t\t\t\t\t\t\t\t\n<style>\n#image_1820505561 {\n  width: 100%;\n}\n<\/style>\n\t<\/div>\n\t\n\n<p class=\"uppercase\" style=\"text-align: center;\"><span style=\"color: #808080;\">Bleu Cyan<\/span><\/p>\n\n\n\t\t<\/div>\n\t\t\t\t\t<\/div>\n\n\t\n\n\t<div id=\"col-785685935\" class=\"col medium-3 small-6 large-3\"  >\n\t\t\t\t<div class=\"col-inner\"  >\n\t\t\t\n\t\t\t\n\n\t<div class=\"img has-hover x md-x lg-x y md-y lg-y\" id=\"image_787181896\">\n\t\t\t\t\t\t\t\t<div class=\"img-inner dark\" style=\"margin:-15px 0px -15px 0px;\">\n\t\t\t<img loading=\"lazy\" decoding=\"async\" width=\"429\" height=\"878\" src=\"https:\/\/sound-escape.co\/jp\/wp-content\/uploads\/2023\/09\/rideaux-phoniques-gris-clair-4.jpg\" class=\"attachment-large size-large\" alt=\"\" srcset=\"https:\/\/sound-escape.co\/jp\/wp-content\/uploads\/2023\/09\/rideaux-phoniques-gris-clair-4.jpg 429w, https:\/\/sound-escape.co\/jp\/wp-content\/uploads\/2023\/09\/rideaux-phoniques-gris-clair-4-147x300.jpg 147w\" sizes=\"auto, (max-width: 429px) 100vw, 429px\" \/>\t\t\t\t\t\t\n\t\t\t\t\t<\/div>\n\t\t\t\t\t\t\t\t\n<style>\n#image_787181896 {\n  width: 100%;\n}\n<\/style>\n\t<\/div>\n\t\n\n<p class=\"uppercase\" style=\"text-align: center;\"><span style=\"color: #808080;\">Vert Sapin<\/span><\/p>\n\n\n\t\t<\/div>\n\t\t\t\t\t<\/div>\n\n\t\n\n\t<div id=\"col-1308459427\" class=\"col medium-3 small-6 large-3\"  >\n\t\t\t\t<div class=\"col-inner\"  >\n\t\t\t\n\t\t\t\n\n\t<div class=\"img has-hover x md-x lg-x y md-y lg-y\" id=\"image_1046684105\">\n\t\t\t\t\t\t\t\t<div class=\"img-inner dark\" style=\"margin:-15px 0px -15px 0px;\">\n\t\t\t<img loading=\"lazy\" decoding=\"async\" width=\"429\" height=\"878\" src=\"https:\/\/sound-escape.co\/jp\/wp-content\/uploads\/2023\/09\/rideaux-phoniques-gris-clair-3.jpg\" class=\"attachment-large size-large\" alt=\"\" srcset=\"https:\/\/sound-escape.co\/jp\/wp-content\/uploads\/2023\/09\/rideaux-phoniques-gris-clair-3.jpg 429w, https:\/\/sound-escape.co\/jp\/wp-content\/uploads\/2023\/09\/rideaux-phoniques-gris-clair-3-147x300.jpg 147w\" sizes=\"auto, (max-width: 429px) 100vw, 429px\" \/>\t\t\t\t\t\t\n\t\t\t\t\t<\/div>\n\t\t\t\t\t\t\t\t\n<style>\n#image_1046684105 {\n  width: 100%;\n}\n<\/style>\n\t<\/div>\n\t\n\n<p class=\"uppercase\" style=\"text-align: center;\"><span style=\"color: #808080;\">Rouge Bordeaux<\/span><\/p>\n\n\n\t\t<\/div>\n\t\t\t\t\t<\/div>\n\n\t\n\n\t<div id=\"col-1448681769\" class=\"col medium-3 small-6 large-3\"  >\n\t\t\t\t<div class=\"col-inner\"  >\n\t\t\t\n\t\t\t\n\n\t<div class=\"img has-hover x md-x lg-x y md-y lg-y\" id=\"image_387510862\">\n\t\t\t\t\t\t\t\t<div class=\"img-inner dark\" style=\"margin:-15px 0px -15px 0px;\">\n\t\t\t<img loading=\"lazy\" decoding=\"async\" width=\"429\" height=\"878\" src=\"https:\/\/sound-escape.co\/jp\/wp-content\/uploads\/2023\/09\/rideaux-phoniques-gris-clair-5.jpg\" class=\"attachment-large size-large\" alt=\"\" srcset=\"https:\/\/sound-escape.co\/jp\/wp-content\/uploads\/2023\/09\/rideaux-phoniques-gris-clair-5.jpg 429w, https:\/\/sound-escape.co\/jp\/wp-content\/uploads\/2023\/09\/rideaux-phoniques-gris-clair-5-147x300.jpg 147w\" sizes=\"auto, (max-width: 429px) 100vw, 429px\" \/>\t\t\t\t\t\t\n\t\t\t\t\t<\/div>\n\t\t\t\t\t\t\t\t\n<style>\n#image_387510862 {\n  width: 100%;\n}\n<\/style>\n\t<\/div>\n\t\n\n<p class=\"uppercase\" style=\"text-align: center;\"><span style=\"color: #808080;\">Rose Persan<\/span><\/p>\n\n\n\t\t<\/div>\n\t\t\t\t\t<\/div>\n\n\t\n\n<\/div>\n<p style=\"text-align: center;\"><em>N&#8217;h\u00e9sitez pas \u00e0 <span style=\"text-decoration: underline;\"><a href=\"https:\/\/sound-escape.co\/jp\/nous-contacter\/\">nous contacter<\/a><\/span> pour obtenir les \u00e9chantillons des coloris de votre choix.<\/em><\/p>\n<p style=\"text-align: center;\"><em>Veuillez noter que les coloris Bleu Cyan, Vert Sapin, Rose Persan, et Rouge Bordeaux sont exclusivement disponibles <span style=\"text-decoration: underline;\"><a href=\"https:\/\/sound-escape.co\/jp\/nous-contacter\/\">sur demande<\/a><\/span>, et selon la disponibilit\u00e9.\u00a0Aucun surco\u00fbt ne sera \u00e0 pr\u00e9voir pour ces coloris.<\/em><\/p>\n\t<div id=\"gap-169655432\" class=\"gap-element clearfix\" style=\"display:block; height:auto;\">\n\t\t\n<style>\n#gap-169655432 {\n  padding-top: 30px;\n}\n<\/style>\n\t<\/div>\n\t\n\n<div class=\"row align-center\"  id=\"row-749415818\">\n\n\n\t<div id=\"col-825439578\" class=\"col small-12 large-12\"  >\n\t\t\t\t<div class=\"col-inner text-center\"  >\n\t\t\t\n\t\t\t\n\n<a href=\"https:\/\/sound-escape.co\/jp\/produit\/rideaux-phoniques-21db-3-en-1\/\" target=\"_self\" class=\"button primary\"  style=\"border-radius:99px;\">\n  <i class=\"icon-angle-right\" aria-hidden=\"true\" ><\/i>  <span>Je personalise mes rideaux<\/span>\n  <\/a>\n\n\n\n\t\t<\/div>\n\t\t\t\t\t<\/div>\n\n\t\n\n<\/div>","protected":false},"excerpt":{"rendered":"","protected":false},"author":1,"featured_media":0,"parent":0,"menu_order":0,"comment_status":"closed","ping_status":"closed","template":"","meta":{"inline_featured_image":false,"footnotes":""},"class_list":["post-3791","page","type-page","status-publish","hentry"],"_links":{"self":[{"href":"https:\/\/sound-escape.co\/jp\/wp-json\/wp\/v2\/pages\/3791","targetHints":{"allow":["GET"]}}],"collection":[{"href":"https:\/\/sound-escape.co\/jp\/wp-json\/wp\/v2\/pages"}],"about":[{"href":"https:\/\/sound-escape.co\/jp\/wp-json\/wp\/v2\/types\/page"}],"author":[{"embeddable":true,"href":"https:\/\/sound-escape.co\/jp\/wp-json\/wp\/v2\/users\/1"}],"replies":[{"embeddable":true,"href":"https:\/\/sound-escape.co\/jp\/wp-json\/wp\/v2\/comments?post=3791"}],"version-history":[{"count":0,"href":"https:\/\/sound-escape.co\/jp\/wp-json\/wp\/v2\/pages\/3791\/revisions"}],"wp:attachment":[{"href":"https:\/\/sound-escape.co\/jp\/wp-json\/wp\/v2\/media?parent=3791"}],"curies":[{"name":"wp","href":"https:\/\/api.w.org\/{rel}","templated":true}]}}