{"id":3580,"date":"2023-10-04T05:47:48","date_gmt":"2023-10-04T03:47:48","guid":{"rendered":"https:\/\/sound-escape.co\/de\/?page_id=3580"},"modified":"2024-07-20T10:19:36","modified_gmt":"2024-07-20T08:19:36","slug":"grossenleitfaden","status":"publish","type":"page","link":"https:\/\/sound-escape.co\/de\/grossenleitfaden\/","title":{"rendered":"W\u00e4hlen Sie die Ma\u00dfe Ihrer Schallschutzvorh\u00e4nge aus"},"content":{"rendered":"\t<div id=\"gap-73111119\" class=\"gap-element clearfix\" style=\"display:block; height:auto;\">\n\t\t\n<style>\n#gap-73111119 {\n  padding-top: 20px;\n}\n<\/style>\n\t<\/div>\n\t\n\n<div class=\"container section-title-container\" ><h1 class=\"section-title section-title-center\"><b><\/b><span class=\"section-title-main\" style=\"color:rgb(13, 39, 93);\">GR\u00d6SSENLEITFADEN<\/span><b><\/b><\/h1><\/div>\n\n\t<div id=\"text-916788040\" class=\"text\">\n\t\t\n\n<p style=\"text-align: center;\">Ben\u00f6tigen Sie Hilfe bei der Auswahl der richtigen Gr\u00f6\u00dfe Ihrer Sound Escape Schallschutzvorh\u00e4nge? Diese Seite wurde mit dem Ziel erstellt, Ihnen dabei auf einfache Weise Aufschluss dar\u00fcber zu geben. So profitieren Sie von der bestm\u00f6glichen Ger\u00e4uschreduzierung.<\/p>\n\n\t\t\n<style>\n#text-916788040 {\n  font-size: 0.85rem;\n}\n@media (min-width:550px) {\n  #text-916788040 {\n    font-size: 0.95rem;\n  }\n}\n<\/style>\n\t<\/div>\n\t\n\t<div id=\"gap-59186278\" class=\"gap-element clearfix\" style=\"display:block; height:auto;\">\n\t\t\n<style>\n#gap-59186278 {\n  padding-top: 20px;\n}\n<\/style>\n\t<\/div>\n\t\n\n<div class=\"row hide-for-small\"  id=\"row-1924433241\">\n\n\n\t<div id=\"col-1697679790\" class=\"col small-12 large-12\"  data-animate=\"fadeInDown\">\n\t\t\t\t<div class=\"col-inner box-shadow-1\" style=\"background-color:rgb(244, 248, 253);\" >\n\t\t\t\n\t\t\t\n\n\t<div id=\"gap-1490233852\" class=\"gap-element clearfix\" style=\"display:block; height:auto;\">\n\t\t\n<style>\n#gap-1490233852 {\n  padding-top: 25px;\n}\n<\/style>\n\t<\/div>\n\t\n\n\t<div id=\"text-3512736742\" class=\"text\">\n\t\t\n\n<p class=\"thin-font uppercase\"><span style=\"color: #333333; font-size: 150%;\" data-text-color=\"primary\">Die <strong>Breite<\/strong> Ihres Vorhangs w\u00e4hlen<\/span><\/p>\n\t\t\n<style>\n#text-3512736742 {\n  text-align: center;\n}\n<\/style>\n\t<\/div>\n\t\n\t<div id=\"gap-1005502139\" class=\"gap-element clearfix\" style=\"display:block; height:auto;\">\n\t\t\n<style>\n#gap-1005502139 {\n  padding-top: 15px;\n}\n<\/style>\n\t<\/div>\n\t\n\n<p style=\"text-align: center;\"><strong><span data-text-color=\"primary\">\ud83d\udca1 Aufgrund ihrer schalld\u00e4mpfenden Eigenschaften falten sich unsere Vorh\u00e4nge selbstst\u00e4ndig, wenn sie aufgeh\u00e4ngt sind.<br \/><\/span><\/strong><span style=\"color: #333333;\">Zum Beispiel ist ein Vorhang mit einer Breite von 250 cm so konzipiert, dass er zwischen 111 und 135 cm abdeckt.<\/span><\/p>\n<div class=\"row align-equal\"  id=\"row-849312325\">\n\n\n\t<div id=\"col-190851125\" class=\"col medium-6 small-12 large-6\"  >\n\t\t\t\t<div class=\"col-inner\"  >\n\t\t\t\n\t\t\t\n\n<p style=\"color: #333333; font-size: 90%;margin-bottom:15px;><span style=\"color: #333333; font-size: 90%;\">\u00a0 \u00a0Breite des Vorhangs (cm) :<\/span><\/p>\n\t<div class=\"img has-hover x md-x lg-x y md-y lg-y\" id=\"image_1523779899\">\n\t\t\t\t\t\t\t\t<div class=\"img-inner dark\" style=\"margin:-20px 0px 0px 0px;\">\n\t\t\t<img loading=\"lazy\" decoding=\"async\" width=\"1230\" height=\"475\" src=\"https:\/\/sound-escape.co\/de\/wp-content\/uploads\/2024\/06\/deckte.webp\" class=\"attachment-original size-original\" alt=\"\" srcset=\"https:\/\/sound-escape.co\/de\/wp-content\/uploads\/2024\/06\/deckte.webp 1230w, https:\/\/sound-escape.co\/de\/wp-content\/uploads\/2024\/06\/deckte-300x116.webp 300w, https:\/\/sound-escape.co\/de\/wp-content\/uploads\/2024\/06\/deckte-1024x395.webp 1024w, https:\/\/sound-escape.co\/de\/wp-content\/uploads\/2024\/06\/deckte-768x297.webp 768w, https:\/\/sound-escape.co\/de\/wp-content\/uploads\/2024\/06\/deckte-800x309.webp 800w\" sizes=\"auto, (max-width: 1230px) 100vw, 1230px\" \/>\t\t\t\t\t\t\n\t\t\t\t\t<\/div>\n\t\t\t\t\t\t\t\t\n<style>\n#image_1523779899 {\n  width: 100%;\n}\n<\/style>\n\t<\/div>\n\t\n\n\n\t\t<\/div>\n\t\t\t\t\n<style>\n#col-190851125 > .col-inner {\n  margin: 0px 0px -20px 0px;\n}\n<\/style>\n\t<\/div>\n\n\t\n\n\t<div id=\"col-363463363\" class=\"col medium-6 small-12 large-6\"  >\n\t\t\t\t<div class=\"col-inner\"  >\n\t\t\t\n\t\t\t\n\n<p><em>\u2190 Daher ist es wichtig, auf die Angabe &#8222;<span data-text-color=\"primary\"><strong>Deckt tats\u00e4chlich<\/strong><\/span>&#8220; zu achten, wenn Sie die Breite Ihres Vorhangs w\u00e4hlen.<\/em><\/p>\n<p><em>Beispiel: Wenn Sie 100 cm abdecken m\u00f6chten, w\u00e4hlen Sie eine Breite von 200 cm. Um 300 cm abzudecken, sollten Sie idealerweise zwei Vorh\u00e4nge mit einer jeweiligen Breite von 300 cm ausw\u00e4hlen.<\/em><\/p>\n\n\n\t\t<\/div>\n\t\t\t\t\n<style>\n#col-363463363 > .col-inner {\n  padding: 10px 0px 0px 0px;\n}\n<\/style>\n\t<\/div>\n\n\t\n\n<\/div>\n\t<div id=\"gap-1456365983\" class=\"gap-element clearfix\" style=\"display:block; height:auto;\">\n\t\t\n<style>\n#gap-1456365983 {\n  padding-top: 0px;\n}\n<\/style>\n\t<\/div>\n\t\n\n<div class=\"row\"  id=\"row-1548785602\">\n\n\n\t<div id=\"col-1486134648\" class=\"col small-12 large-12\"  >\n\t\t\t\t<div class=\"col-inner text-center\"  >\n\t\t\t\n\t\t\t\n\n<a href=\"https:\/\/sound-escape.co\/de\/produkt\/schallschutzvorhang-21db-3-in-1\/\" target=\"_self\" class=\"button primary\"  style=\"border-radius:99px;\">\n  <i class=\"icon-angle-right\" aria-hidden=\"true\" ><\/i>  <span>Fertigen Sie Ihre Vorh\u00e4nge hier an<\/span>\n  <\/a>\n\n\n\n\t\t<\/div>\n\t\t\t\t\n<style>\n#col-1486134648 > .col-inner {\n  margin: -10px 0px -10px 0px;\n}\n<\/style>\n\t<\/div>\n\n\t\n\n<\/div>\n\n\t\t<\/div>\n\t\t\t\t\n<style>\n#col-1697679790 > .col-inner {\n  padding: 20px 20px 0px 20px;\n  border-radius: 15px;\n}\n<\/style>\n\t<\/div>\n\n\t\n\n<\/div>\n<div class=\"row show-for-small\"  id=\"row-2060814205\">\n\n\n\t<div id=\"col-799744679\" class=\"col small-12 large-12\"  >\n\t\t\t\t<div class=\"col-inner\" style=\"background-color:rgb(246, 246, 246);\" >\n\t\t\t\n\t\t\t\n\n\t<div id=\"gap-1538243829\" class=\"gap-element clearfix\" style=\"display:block; height:auto;\">\n\t\t\n<style>\n#gap-1538243829 {\n  padding-top: 15px;\n}\n<\/style>\n\t<\/div>\n\t\n\n\t<div id=\"text-3843113963\" class=\"text\">\n\t\t\n\n<p class=\"thin-font uppercase\"><span style=\"color: #333333; font-size: 110%;\" data-text-color=\"primary\">Die <strong>Breite<\/strong> Ihres Vorhangs w\u00e4hlen<\/span><\/p>\n\t\t\n<style>\n#text-3843113963 {\n  font-size: 1.2rem;\n  text-align: center;\n}\n<\/style>\n\t<\/div>\n\t\n\t<div id=\"gap-339895090\" class=\"gap-element clearfix\" style=\"display:block; height:auto;\">\n\t\t\n<style>\n#gap-339895090 {\n  padding-top: 25px;\n}\n<\/style>\n\t<\/div>\n\t\n\n<p style=\"text-align: center;\"><span style=\"font-size: 95%;\" data-text-color=\"primary\"><strong><span><strong>Aufgrund ihrer schalld\u00e4mmenden Eigenschaften falten sich unsere Vorh\u00e4nge leicht, wenn sie aufgeh\u00e4ngt sind.<\/strong><\/span><\/strong><\/span><\/p>\n<p style=\"text-align: center;\"><span style=\"font-size: 95%;\" data-text-color=\"primary\"><span style=\"color: #333333;\">Zum Beispiel ist ein Vorhang mit einer Breite von 250 cm so konzipiert, dass er zwischen 111 und 135 cm abdeckt, wenn er aufgeh\u00e4ngt ist.<\/span><\/span><\/p>\n<p style=\"text-align: center;\"><span style=\"font-size: 95%;\" data-text-color=\"primary\"><span style=\"color: #333333;\">Die Falten unserer Vorh\u00e4nge spielen tats\u00e4chlich eine wichtige Rolle bei der Effektivit\u00e4t der Ger\u00e4uschreduzierung. Es ist daher entscheidend, sich auf die Angabe \u201eTats\u00e4chlich abdeckend\u201c zu verlassen, wenn Sie die Breite Ihrer Vorh\u00e4nge w\u00e4hlen.<\/span><\/span><\/p>\n<div class=\"row align-middle\"  id=\"row-427961964\">\n\n\n\t<div id=\"col-349215345\" class=\"col medium-6 small-12 large-6\"  >\n\t\t\t\t<div class=\"col-inner\"  >\n\t\t\t\n\t\t\t\n\n<p style=\"text-align: center;\"><span style=\"font-size: 95%;\" data-text-color=\"primary\"><em>Beispiel: Wenn Sie 100 cm abdecken m\u00f6chten, w\u00e4hlen Sie eine Breite von 200 cm. Um 300 cm abzudecken, sollten Sie idealerweise zwei Vorh\u00e4nge mit einer jeweiligen Breite von 300 cm ausw\u00e4hlen.<\/em><\/span><\/p>\n\n\n\t\t<\/div>\n\t\t\t\t\t<\/div>\n\n\t\n\n<\/div>\n<div class=\"row\"  id=\"row-397530450\">\n\n\n\t<div id=\"col-1281964697\" class=\"col small-12 large-12\"  >\n\t\t\t\t<div class=\"col-inner text-center\"  >\n\t\t\t\n\t\t\t\n\n<a href=\"https:\/\/sound-escape.co\/de\/produkt\/schallschutzvorhang-21db-3-in-1\/\" target=\"_self\" class=\"button primary is-small\"  style=\"border-radius:99px;\">\n  <i class=\"icon-angle-right\" aria-hidden=\"true\" ><\/i>  <span>Fertigen Sie Ihre Vorh\u00e4nge hier an<\/span>\n  <\/a>\n\n\n\n\t\t<\/div>\n\t\t\t\t\n<style>\n#col-1281964697 > .col-inner {\n  margin: -20px 0px -10px 0px;\n}\n<\/style>\n\t<\/div>\n\n\t\n\n<\/div>\n\t<div id=\"gap-475287603\" class=\"gap-element clearfix\" style=\"display:block; height:auto;\">\n\t\t\n<style>\n#gap-475287603 {\n  padding-top: 10px;\n}\n@media (min-width:550px) {\n  #gap-475287603 {\n    padding-top: 30px;\n  }\n}\n<\/style>\n\t<\/div>\n\t\n\n\n\t\t<\/div>\n\t\t\t\t\n<style>\n#col-799744679 > .col-inner {\n  padding: 20px 15px 0px 15px;\n  border-radius: 15px;\n}\n@media (min-width:550px) {\n  #col-799744679 > .col-inner {\n    padding: 20px 20px 0px 20px;\n  }\n}\n<\/style>\n\t<\/div>\n\n\t\n\n<\/div>\n\t<div id=\"gap-526179398\" class=\"gap-element clearfix\" style=\"display:block; height:auto;\">\n\t\t\n<style>\n#gap-526179398 {\n  padding-top: 30px;\n}\n<\/style>\n\t<\/div>\n\t\n\n<div class=\"row hide-for-small\"  id=\"row-1576762109\">\n\n\n\t<div id=\"col-1788099202\" class=\"col small-12 large-12\"  data-animate=\"fadeInDown\">\n\t\t\t\t<div class=\"col-inner box-shadow-1\" style=\"background-color:rgb(244, 248, 253);\" >\n\t\t\t\n\t\t\t\n\n\t<div id=\"gap-57835441\" class=\"gap-element clearfix\" style=\"display:block; height:auto;\">\n\t\t\n<style>\n#gap-57835441 {\n  padding-top: 25px;\n}\n<\/style>\n\t<\/div>\n\t\n\n\t<div id=\"text-3867540533\" class=\"text\">\n\t\t\n\n<p class=\"thin-font uppercase\"><span style=\"color: #333333; font-size: 120%;\" data-text-color=\"primary\">Die <strong>H\u00d6HE<\/strong> Ihres Vorhangs w\u00e4hlen<\/span><\/p>\n\t\t\n<style>\n#text-3867540533 {\n  font-size: 1.3rem;\n  text-align: center;\n}\n<\/style>\n\t<\/div>\n\t\n\t<div id=\"gap-1504718444\" class=\"gap-element clearfix\" style=\"display:block; height:auto;\">\n\t\t\n<style>\n#gap-1504718444 {\n  padding-top: 15px;\n}\n<\/style>\n\t<\/div>\n\t\n\n<p style=\"text-align: center;\"><strong><span data-text-color=\"primary\">\ud83d\udca1 Sound Escape bietet die Ma\u00dfanfertigung der H\u00f6he Ihrer Vorh\u00e4nge auf den Zentimeter genau an.<\/span><\/strong><\/p>\n\t<div id=\"gap-1695725665\" class=\"gap-element clearfix hide-for-small\" style=\"display:block; height:auto;\">\n\t\t\n<style>\n#gap-1695725665 {\n  padding-top: 20px;\n}\n<\/style>\n\t<\/div>\n\t\n\n\n\t<div id=\"gap-247000816\" class=\"gap-element clearfix hidden\" style=\"display:block; height:auto;\">\n\t\t\n<style>\n#gap-247000816 {\n  padding-top: 30px;\n}\n<\/style>\n\t<\/div>\n\t\n\n<div class=\"row\"  id=\"row-1686855217\">\n\n\n\t<div id=\"col-1921651870\" class=\"col small-12 large-12\"  >\n\t\t\t\t<div class=\"col-inner text-center\"  >\n\t\t\t\n\t\t\t\n\n<a href=\"https:\/\/sound-escape.co\/de\/produkt\/hoehe-der-vorhaenge\/\" target=\"_self\" class=\"button primary\"  style=\"border-radius:99px;\">\n  <i class=\"icon-angle-right\" aria-hidden=\"true\" ><\/i>  <span>Greifen Sie auf unseren interaktiven Leitfaden zu<\/span>\n  <\/a>\n\n\n\n\t\t<\/div>\n\t\t\t\t\n<style>\n#col-1921651870 > .col-inner {\n  margin: 0px 0px -10px 0px;\n}\n<\/style>\n\t<\/div>\n\n\t\n\n<\/div>\n<p style=\"text-align: center;\">Mit dieser neuen Anleitung finden Sie in weniger als <span data-text-color=\"primary\"><strong>15 Sekunden<\/strong><\/span> <br \/>die ideale H\u00f6he f\u00fcr Ihre Vorh\u00e4nge.<\/p>\n\t<div id=\"gap-455181072\" class=\"gap-element clearfix\" style=\"display:block; height:auto;\">\n\t\t\n<style>\n#gap-455181072 {\n  padding-top: 10px;\n}\n@media (min-width:550px) {\n  #gap-455181072 {\n    padding-top: 10px;\n  }\n}\n<\/style>\n\t<\/div>\n\t\n\n\n\t\t<\/div>\n\t\t\t\t\n<style>\n#col-1788099202 > .col-inner {\n  padding: 20px 10px 0px 10px;\n  border-radius: 15px;\n}\n@media (min-width:550px) {\n  #col-1788099202 > .col-inner {\n    padding: 20px 30px 0px 30px;\n  }\n}\n<\/style>\n\t<\/div>\n\n\t\n\n<\/div>\n<div class=\"row show-for-small\"  id=\"row-110146264\">\n\n\n\t<div id=\"col-1967442702\" class=\"col small-12 large-12\"  >\n\t\t\t\t<div class=\"col-inner\" style=\"background-color:rgb(246, 246, 246);\" >\n\t\t\t\n\t\t\t\n\n\t<div id=\"gap-53644755\" class=\"gap-element clearfix\" style=\"display:block; height:auto;\">\n\t\t\n<style>\n#gap-53644755 {\n  padding-top: 15px;\n}\n<\/style>\n\t<\/div>\n\t\n\n\t<div id=\"text-3167900138\" class=\"text\">\n\t\t\n\n<p class=\"thin-font uppercase\"><span style=\"color: #333333; font-size: 110%;\" data-text-color=\"primary\">Die <strong>H\u00d6HE<\/strong> Ihres Vorhangs w\u00e4hlen<\/span><\/p>\n\t\t\n<style>\n#text-3167900138 {\n  font-size: 1.2rem;\n  text-align: center;\n}\n<\/style>\n\t<\/div>\n\t\n\t<div id=\"gap-936194079\" class=\"gap-element clearfix\" style=\"display:block; height:auto;\">\n\t\t\n<style>\n#gap-936194079 {\n  padding-top: 25px;\n}\n<\/style>\n\t<\/div>\n\t\n\n<p style=\"text-align: center;\"><span style=\"font-size: 95%;\" data-text-color=\"primary\"><strong>\u00a0\ud83d\udca1 Sound Escape bietet die <span data-text-color=\"primary\">Ma\u00dfanfertigung<\/span> der H\u00f6he Ihrer Vorh\u00e4nge auf den Zentimeter genau an.<\/strong><\/span><\/p>\n\t<div id=\"gap-1289630889\" class=\"gap-element clearfix\" style=\"display:block; height:auto;\">\n\t\t\n<style>\n#gap-1289630889 {\n  padding-top: 30px;\n}\n<\/style>\n\t<\/div>\n\t\n\n<div class=\"row\"  id=\"row-1440675074\">\n\n\n\t<div id=\"col-1416725041\" class=\"col small-12 large-12\"  >\n\t\t\t\t<div class=\"col-inner text-center\"  >\n\t\t\t\n\t\t\t\n\n<a href=\"https:\/\/sound-escape.co\/de\/produkt\/hoehe-der-vorhaenge\/\" target=\"_self\" class=\"button primary is-small\"  style=\"border-radius:99px;\">\n  <i class=\"icon-angle-right\" aria-hidden=\"true\" ><\/i>  <span>Greifen Sie auf unseren interaktiven Leitfaden zu<\/span>\n  <\/a>\n\n\n\t<div id=\"gap-806644077\" class=\"gap-element clearfix\" style=\"display:block; height:auto;\">\n\t\t\n<style>\n#gap-806644077 {\n  padding-top: 30px;\n}\n@media (min-width:550px) {\n  #gap-806644077 {\n    padding-top: 30px;\n  }\n}\n<\/style>\n\t<\/div>\n\t\n\n<p style=\"text-align: center;\">Mit dieser neuen Anleitung finden Sie in weniger als <span data-text-color=\"primary\"><strong>15 Sekunden<\/strong><\/span> <br \/>die ideale H\u00f6he f\u00fcr Ihre Vorh\u00e4nge.<\/p>\n\n\t\t<\/div>\n\t\t\t\t\n<style>\n#col-1416725041 > .col-inner {\n  margin: 0px 0px -10px 0px;\n}\n<\/style>\n\t<\/div>\n\n\t\n\n<\/div>\n\t<div id=\"gap-55829507\" class=\"gap-element clearfix\" style=\"display:block; height:auto;\">\n\t\t\n<style>\n#gap-55829507 {\n  padding-top: 10px;\n}\n@media (min-width:550px) {\n  #gap-55829507 {\n    padding-top: 30px;\n  }\n}\n<\/style>\n\t<\/div>\n\t\n\n\n\t\t<\/div>\n\t\t\t\t\n<style>\n#col-1967442702 > .col-inner {\n  padding: 20px 15px 0px 15px;\n  border-radius: 15px;\n}\n@media (min-width:550px) {\n  #col-1967442702 > .col-inner {\n    padding: 20px 30px 0px 30px;\n  }\n}\n<\/style>\n\t<\/div>\n\n\t\n\n<\/div>\n\t<div id=\"gap-1638294280\" class=\"gap-element clearfix\" style=\"display:block; height:auto;\">\n\t\t\n<style>\n#gap-1638294280 {\n  padding-top: 30px;\n}\n<\/style>\n\t<\/div>\n\t\n\n<p style=\"text-align: center;\"><em>Weitere Fragen? Kontaktieren Sie uns \u00fcber <span style=\"text-decoration: underline;\"><a href=\"https:\/\/sound-escape.co\/de\/kontakt\/\">diese Seite<\/a><\/span>.<\/em><\/p>\n\t<div id=\"gap-1080129863\" class=\"gap-element clearfix\" style=\"display:block; height:auto;\">\n\t\t\n<style>\n#gap-1080129863 {\n  padding-top: 50px;\n}\n<\/style>\n\t<\/div>\n\t\n\n<p class=\"uppercase\"><span style=\"font-size: 110%;\" data-text-color=\"primary\"><strong>Entdecken Sie unsere weiteren Leitf\u00e4den und Artikel:<\/strong><\/span><\/p>\n\n  \n    <div class=\"row large-columns-3 medium-columns-1 small-columns-1 slider row-slider slider-nav-reveal slider-nav-push\"  data-flickity-options='{\"imagesLoaded\": true, \"groupCells\": \"100%\", \"dragThreshold\" : 5, \"cellAlign\": \"left\",\"wrapAround\": true,\"prevNextButtons\": true,\"percentPosition\": true,\"pageDots\": false, \"rightToLeft\": false, \"autoPlay\" : false}'>\n\n  <div class=\"col post-item\" >\n\t\t\t<div class=\"col-inner\">\n\t\t\t<a href=\"https:\/\/sound-escape.co\/de\/wartung-von-schallschutzvorhaengen-anleitung\/\" class=\"plain\">\n\t\t\t\t<div class=\"box box-normal box-text-bottom box-blog-post has-hover\">\n            \t\t\t\t\t<div class=\"box-image\" >\n  \t\t\t\t\t\t<div class=\"image-cover\" style=\"padding-top:56.25%;\">\n  \t\t\t\t\t\t\t<img loading=\"lazy\" decoding=\"async\" width=\"300\" height=\"169\" src=\"https:\/\/sound-escape.co\/de\/wp-content\/uploads\/2023\/09\/tips-300x169.webp\" class=\"attachment-medium size-medium wp-post-image\" alt=\"\" srcset=\"https:\/\/sound-escape.co\/de\/wp-content\/uploads\/2023\/09\/tips-300x169.webp 300w, https:\/\/sound-escape.co\/de\/wp-content\/uploads\/2023\/09\/tips.webp 768w\" sizes=\"auto, (max-width: 300px) 100vw, 300px\" \/>  \t\t\t\t\t\t\t  \t\t\t\t\t\t\t  \t\t\t\t\t\t<\/div>\n  \t\t\t\t\t\t  \t\t\t\t\t<\/div>\n          \t\t\t\t\t<div class=\"box-text text-center\" >\n\t\t\t\t\t<div class=\"box-text-inner blog-post-inner\">\n\n\t\t\t\t\t\n\t\t\t\t\t\t\t\t\t\t<h5 class=\"post-title is-large uppercase\">DIE RICHTIGE PFLEGE VON SCHALLSCHUTZVORH\u00c4NGEN (ANLEITUNG)<\/h5>\n\t\t\t\t\t\t\t\t\t\t<div class=\"is-divider\"><\/div>\n\t\t\t\t\t\t\t\t\t\t<p class=\"from_the_blog_excerpt \">Ver\u00f6ffentlicht von M\u00e9lodie, Akustikingenieurin und Redakteurin bei Sound Escape.Willkommen bei [...]\t\t\t\t\t<\/p>\n\t\t\t\t\t                    \n\t\t\t\t\t\n\t\t\t\t\t\n\t\t\t\t\t<\/div>\n\t\t\t\t\t<\/div>\n\t\t\t\t\t\t\t\t\t<\/div>\n\t\t\t\t<\/a>\n\t\t\t<\/div>\n\t\t<\/div><div class=\"col post-item\" >\n\t\t\t<div class=\"col-inner\">\n\t\t\t<a href=\"https:\/\/sound-escape.co\/de\/waehlen-sie-die-farbe-ihrer-schallschutzvorhaenge\/\" class=\"plain\">\n\t\t\t\t<div class=\"box box-normal box-text-bottom box-blog-post has-hover\">\n            \t\t\t\t\t<div class=\"box-image\" >\n  \t\t\t\t\t\t<div class=\"image-cover\" style=\"padding-top:56.25%;\">\n  \t\t\t\t\t\t\t<img loading=\"lazy\" decoding=\"async\" width=\"300\" height=\"169\" src=\"https:\/\/sound-escape.co\/de\/wp-content\/uploads\/2023\/09\/harmonie-300x169.webp\" class=\"attachment-medium size-medium wp-post-image\" alt=\"\" srcset=\"https:\/\/sound-escape.co\/de\/wp-content\/uploads\/2023\/09\/harmonie-300x169.webp 300w, https:\/\/sound-escape.co\/de\/wp-content\/uploads\/2023\/09\/harmonie.webp 768w\" sizes=\"auto, (max-width: 300px) 100vw, 300px\" \/>  \t\t\t\t\t\t\t  \t\t\t\t\t\t\t  \t\t\t\t\t\t<\/div>\n  \t\t\t\t\t\t  \t\t\t\t\t<\/div>\n          \t\t\t\t\t<div class=\"box-text text-center\" >\n\t\t\t\t\t<div class=\"box-text-inner blog-post-inner\">\n\n\t\t\t\t\t\n\t\t\t\t\t\t\t\t\t\t<h5 class=\"post-title is-large uppercase\">W\u00e4hlen Sie die Farbe Ihrer Schallschutzvorh\u00e4nge<\/h5>\n\t\t\t\t\t\t\t\t\t\t<div class=\"is-divider\"><\/div>\n\t\t\t\t\t\t\t\t\t\t<p class=\"from_the_blog_excerpt \">Ver\u00f6ffentlicht von M\u00e9lodie, Akustikingenieurin und Redakteurin bei Sound Escape. Schallschutzvorh\u00e4nge [...]\t\t\t\t\t<\/p>\n\t\t\t\t\t                    \n\t\t\t\t\t\n\t\t\t\t\t\n\t\t\t\t\t<\/div>\n\t\t\t\t\t<\/div>\n\t\t\t\t\t\t\t\t\t<\/div>\n\t\t\t\t<\/a>\n\t\t\t<\/div>\n\t\t<\/div><div class=\"col post-item\" >\n\t\t\t<div class=\"col-inner\">\n\t\t\t<a href=\"https:\/\/sound-escape.co\/de\/schallschutzvorhaenge-die-wissenschaftliche-erklaerung\/\" class=\"plain\">\n\t\t\t\t<div class=\"box box-normal box-text-bottom box-blog-post has-hover\">\n            \t\t\t\t\t<div class=\"box-image\" >\n  \t\t\t\t\t\t<div class=\"image-cover\" style=\"padding-top:56.25%;\">\n  \t\t\t\t\t\t\t<img loading=\"lazy\" decoding=\"async\" width=\"300\" height=\"169\" src=\"https:\/\/sound-escape.co\/de\/wp-content\/uploads\/2023\/09\/funktion-300x169.webp\" class=\"attachment-medium size-medium wp-post-image\" alt=\"\" srcset=\"https:\/\/sound-escape.co\/de\/wp-content\/uploads\/2023\/09\/funktion-300x169.webp 300w, https:\/\/sound-escape.co\/de\/wp-content\/uploads\/2023\/09\/funktion.webp 768w\" sizes=\"auto, (max-width: 300px) 100vw, 300px\" \/>  \t\t\t\t\t\t\t  \t\t\t\t\t\t\t  \t\t\t\t\t\t<\/div>\n  \t\t\t\t\t\t  \t\t\t\t\t<\/div>\n          \t\t\t\t\t<div class=\"box-text text-center\" >\n\t\t\t\t\t<div class=\"box-text-inner blog-post-inner\">\n\n\t\t\t\t\t\n\t\t\t\t\t\t\t\t\t\t<h5 class=\"post-title is-large uppercase\">Schallschutzvorh\u00e4nge: die wissenschaftliche Erkl\u00e4rung<\/h5>\n\t\t\t\t\t\t\t\t\t\t<div class=\"is-divider\"><\/div>\n\t\t\t\t\t\t\t\t\t\t<p class=\"from_the_blog_excerpt \">Ver\u00f6ffentlicht von M\u00e9lodie, Ingenieurin f\u00fcr Akustik und Redakteurin bei Sound [...]\t\t\t\t\t<\/p>\n\t\t\t\t\t                                            <p class=\"from_the_blog_comments uppercase is-xsmall\">\n                            1 Comment                        <\/p>\n                    \n\t\t\t\t\t\n\t\t\t\t\t\n\t\t\t\t\t<\/div>\n\t\t\t\t\t<\/div>\n\t\t\t\t\t\t\t\t\t<\/div>\n\t\t\t\t<\/a>\n\t\t\t<\/div>\n\t\t<\/div><\/div>\n\n\t<div id=\"text-2438280046\" class=\"text\">\n\t\t\n\n<p style=\"text-align: center;\">M\u00f6chten Sie das Beste aus Ihren Schallschutzvorh\u00e4ngen herausholen? Unser Team von Akustikexperten hat mehrere detaillierte Leitf\u00e4den speziell daf\u00fcr erstellt! Sie lernen zum Beispiel, wie Sie Ihre Vorh\u00e4nge richtig pflegen, ihre Funktionsweise verstehen und die beste Farbe entsprechend Ihrer Inneneinrichtung w\u00e4hlen.<\/p>\n\t\t\n<style>\n#text-2438280046 {\n  font-size: 0.85rem;\n}\n@media (min-width:550px) {\n  #text-2438280046 {\n    font-size: 0.95rem;\n  }\n}\n<\/style>\n\t<\/div>\n\t","protected":false},"excerpt":{"rendered":"","protected":false},"author":1,"featured_media":0,"parent":0,"menu_order":0,"comment_status":"closed","ping_status":"closed","template":"","meta":{"inline_featured_image":false,"footnotes":""},"class_list":["post-3580","page","type-page","status-publish","hentry"],"_links":{"self":[{"href":"https:\/\/sound-escape.co\/de\/wp-json\/wp\/v2\/pages\/3580","targetHints":{"allow":["GET"]}}],"collection":[{"href":"https:\/\/sound-escape.co\/de\/wp-json\/wp\/v2\/pages"}],"about":[{"href":"https:\/\/sound-escape.co\/de\/wp-json\/wp\/v2\/types\/page"}],"author":[{"embeddable":true,"href":"https:\/\/sound-escape.co\/de\/wp-json\/wp\/v2\/users\/1"}],"replies":[{"embeddable":true,"href":"https:\/\/sound-escape.co\/de\/wp-json\/wp\/v2\/comments?post=3580"}],"version-history":[{"count":8,"href":"https:\/\/sound-escape.co\/de\/wp-json\/wp\/v2\/pages\/3580\/revisions"}],"predecessor-version":[{"id":5968,"href":"https:\/\/sound-escape.co\/de\/wp-json\/wp\/v2\/pages\/3580\/revisions\/5968"}],"wp:attachment":[{"href":"https:\/\/sound-escape.co\/de\/wp-json\/wp\/v2\/media?parent=3580"}],"curies":[{"name":"wp","href":"https:\/\/api.w.org\/{rel}","templated":true}]}}