{"id":3456,"date":"2023-09-26T16:14:18","date_gmt":"2023-09-26T14:14:18","guid":{"rendered":"https:\/\/sound-escape.co\/de\/?page_id=3456"},"modified":"2024-05-02T18:50:09","modified_gmt":"2024-05-02T16:50:09","slug":"haufig-gestellte-fragen","status":"publish","type":"page","link":"https:\/\/sound-escape.co\/de\/haufig-gestellte-fragen\/","title":{"rendered":"H\u00e4ufig gestellte Fragen"},"content":{"rendered":"\t<div id=\"gap-782330961\" class=\"gap-element clearfix\" style=\"display:block; height:auto;\">\n\t\t\n<style>\n#gap-782330961 {\n  padding-top: 15px;\n}\n<\/style>\n\t<\/div>\n\t\n\n<div class=\"container section-title-container\" ><h1 class=\"section-title section-title-center\"><b><\/b><span class=\"section-title-main\" style=\"color:rgb(22, 47, 102);\">H\u00e4ufig gestellte Fragen<\/span><b><\/b><\/h1><\/div>\n\n<div class=\"row align-equal\"  id=\"row-981492398\">\n\n\n\t<div id=\"col-1627261352\" class=\"col medium-9 small-12 large-9\"  >\n\t\t\t\t<div class=\"col-inner\"  >\n\t\t\t\n\t\t\t\n\n\t<div id=\"gap-692130676\" class=\"gap-element clearfix\" style=\"display:block; height:auto;\">\n\t\t\n<style>\n#gap-692130676 {\n  padding-top: 15px;\n}\n<\/style>\n\t<\/div>\n\t\n\n<h3 class=\"accordion_title\">UNSERE SCHALLSCHUTZVORH\u00c4NGE<\/h3><div class=\"accordion\">\n\n<div id=\"accordion-3196471773\" class=\"accordion-item\"><a id=\"accordion-3196471773-label\" href=\"#\" class=\"accordion-title plain\" aria-expanded=\"false\" aria-controls=\"accordion-3196471773-content\"><button class=\"toggle\" aria-label=\"Toggle\"><i class=\"icon-angle-down\"><\/i><\/button><span>Welche Ger\u00e4usche d\u00e4mpfen die Sound Escape Vorh\u00e4nge?<\/span><\/a><div id=\"accordion-3196471773-content\" class=\"accordion-inner\" aria-labelledby=\"accordion-3196471773-label\">\n\n<p>Die Sound Escape Vorh\u00e4nge sind darauf ausgelegt, viele Arten von Ger\u00e4uschen zu d\u00e4mpfen, insbesondere die folgenden:<\/p>\n<ul>\n<li><span style=\"color: #173982;\"><strong>Verkehrsl\u00e4rm<\/strong>:<\/span> Autos, LKW, Motorr\u00e4der und sogar Z\u00fcge.<\/li>\n<li><span style=\"color: #173982;\"><strong>Nachbarschaftsl\u00e4rm<\/strong>:<\/span> Ger\u00e4usche von Nachbarn, sei es Gespr\u00e4che, Musik, Fernseher oder Rasenm\u00e4her.<\/li>\n<li><span style=\"color: #173982;\"><strong>Flugl\u00e4rm<\/strong>:<\/span> Startende und landende Flugzeuge.<\/li>\n<li><span style=\"color: #173982;\"><strong>Baul\u00e4rm<\/strong>:<\/span> : Baustellenl\u00e4rm, einschlie\u00dflich L\u00e4rm von Maschinen und<br \/>Werkzeugen.<\/li>\n<li><span style=\"color: #173982;\"><strong>Naturger\u00e4usche<\/strong>:<\/span> Regen, Tiere und sogar der Wind.<\/li>\n<li><span style=\"color: #173982;\"><strong>Diskotheken<\/strong>: <span style=\"color: #616161;\">Der L\u00e4rm des Nachtlebens<\/span><\/span><\/li>\n<\/ul>\n<p>Dar\u00fcber hinaus reduzieren die Vorh\u00e4nge die Schallreflexion innerhalb eines Raumes und verbessern so die Raumakustik.<\/p>\n\n<\/div><\/div>\n<div id=\"accordion-2320457263\" class=\"accordion-item\"><a id=\"accordion-2320457263-label\" href=\"#\" class=\"accordion-title plain\" aria-expanded=\"false\" aria-controls=\"accordion-2320457263-content\"><button class=\"toggle\" aria-label=\"Toggle\"><i class=\"icon-angle-down\"><\/i><\/button><span>Was bedeutet eine Reduzierung um 21 Dezibel?<\/span><\/a><div id=\"accordion-2320457263-content\" class=\"accordion-inner\" aria-labelledby=\"accordion-2320457263-label\">\n\n\t<div id=\"gap-1849280959\" class=\"gap-element clearfix\" style=\"display:block; height:auto;\">\n\t\t\n<style>\n#gap-1849280959 {\n  padding-top: 10px;\n}\n<\/style>\n\t<\/div>\n\t\n\n<div class=\"row\"  id=\"row-901188384\">\n\n\n\t<div id=\"col-53010275\" class=\"col small-12 large-12\"  >\n\t\t\t\t<div class=\"col-inner\"  >\n\t\t\t\n\t\t\t\n\n<p style=\"text-align: center;\"><span style=\"font-size: 100%;\">Hier ist eine Simulation der Schallreduzierung um 21 dB. Stellen Sie die Lautst\u00e4rke Ihres Ger\u00e4ts auf <strong>etwa 20%<\/strong> ein und klicken Sie auf die Audioplayer.<\/span><\/p>\n<div class=\"row\"  id=\"row-1535353340\">\n\n\n\t<div id=\"col-2050941854\" class=\"col medium-6 small-12 large-6\"  >\n\t\t\t\t<div class=\"col-inner text-center\"  >\n\t\t\t\n\t\t\t\n\n\t<div id=\"gap-1658353678\" class=\"gap-element clearfix\" style=\"display:block; height:auto;\">\n\t\t\n<style>\n#gap-1658353678 {\n  padding-top: 12px;\n}\n@media (min-width:550px) {\n  #gap-1658353678 {\n    padding-top: 15px;\n  }\n}\n<\/style>\n\t<\/div>\n\t\n\n<p style=\"text-align: center; margin-bottom: 5px;\"><span style=\"font-size: 120%; color: #525252;\">OHNE VORHANG :<\/span><\/p>\n\n\n<audio id=\"audio-1131-1\" class=\"wp-audio-shortcode\" style=\"width: 100%;\" preload=\"none\" controls=\"controls\" data-mce-fragment=\"1\"><source type=\"audio\/mpeg\" src=\"https:\/\/sound-escape.co\/de\/wp-content\/uploads\/2023\/08\/Son-sans-rideau-1.mp3?_=1\" \/><a href=\"https:\/\/sound-escape.co\/de\/wp-content\/uploads\/2023\/08\/Son-sans-rideau-1.mp3\">https:\/\/sound-escape.co\/de\/wp-content\/uploads\/2023\/08\/Son-sans-rideau-1.mp3<\/a><\/audio>\n\n\n\t\t<\/div>\n\t\t\t\t\n<style>\n#col-2050941854 > .col-inner {\n  margin: 0px 0px -10px 0px;\n}\n<\/style>\n\t<\/div>\n\n\t\n\n\t<div id=\"col-1917295404\" class=\"col medium-6 small-12 large-6\"  >\n\t\t\t\t<div class=\"col-inner text-center\"  >\n\t\t\t\n\t\t\t\n\n\t<div id=\"gap-1621275572\" class=\"gap-element clearfix\" style=\"display:block; height:auto;\">\n\t\t\n<style>\n#gap-1621275572 {\n  padding-top: 12px;\n}\n@media (min-width:550px) {\n  #gap-1621275572 {\n    padding-top: 15px;\n  }\n}\n<\/style>\n\t<\/div>\n\t\n\n<p style=\"text-align: center; margin-bottom: 5px;\"><span style=\"font-size: 120%; color: #176b00;\">MIT VORHANG :<\/span><\/p>\n\n\n<audio id=\"audio-1131-1\" class=\"wp-audio-shortcode\" style=\"width: 100%;\" preload=\"none\" controls=\"controls\" data-mce-fragment=\"1\"><source type=\"audio\/mpeg\" src=\"https:\/\/sound-escape.co\/de\/wp-content\/uploads\/2023\/08\/Son-avec-rideau-1.mp3?_=1\" \/><a href=\"https:\/\/sound-escape.co\/de\/wp-content\/uploads\/2023\/08\/Son-avec-rideau-1.mp3\" https:=\"\" sound-escape=\"\" co=\"\" wp-content=\"\" uploads=\"\" 2023=\"\" 08=\"\" son-avec-rideau-1=\"\" mp3=\"\" a=\"\"><\/a><\/audio>\n\n\n\t\t<\/div>\n\t\t\t\t\n<style>\n#col-1917295404 > .col-inner {\n  margin: 0px 0px -30px 0px;\n}\n<\/style>\n\t<\/div>\n\n\t\n\n\n<style>\n#row-1535353340 > .col > .col-inner {\n  background-color: rgb(242, 242, 242);\n  border-radius: 35px;\n}\n<\/style>\n<\/div>\n\t<div id=\"gap-1846372175\" class=\"gap-element clearfix\" style=\"display:block; height:auto;\">\n\t\t\n<style>\n#gap-1846372175 {\n  padding-top: 10px;\n}\n<\/style>\n\t<\/div>\n\t\n\n<p style=\"text-align: center;\"><span style=\"font-size: 95%;\"><em>Das Audio \"Mit Vorh\u00e4ngen\" simuliert eine D\u00e4mpfung von 21 Dezibel. Lassen Sie die Lautst\u00e4rke unver\u00e4ndert, um die beste Simulation zu erhalten.<\/em><\/span><\/p>\n\n\t\t<\/div>\n\t\t\t\t\n<style>\n#col-53010275 > .col-inner {\n  padding: 0px 10px 0px 10px;\n  margin: 0px 0px 0px 0px;\n}\n<\/style>\n\t<\/div>\n\n\t\n\n<\/div>\n\n<\/div><\/div>\n<div id=\"accordion-1023997559\" class=\"accordion-item\"><a id=\"accordion-1023997559-label\" href=\"#\" class=\"accordion-title plain\" aria-expanded=\"false\" aria-controls=\"accordion-1023997559-content\"><button class=\"toggle\" aria-label=\"Toggle\"><i class=\"icon-angle-down\"><\/i><\/button><span>Wie w\u00e4hle ich die Gr\u00f6\u00dfe meiner Vorh\u00e4nge aus?<\/span><\/a><div id=\"accordion-1023997559-content\" class=\"accordion-inner\" aria-labelledby=\"accordion-1023997559-label\">\n\n\t<div id=\"gap-1719708388\" class=\"gap-element clearfix\" style=\"display:block; height:auto;\">\n\t\t\n<style>\n#gap-1719708388 {\n  padding-top: 10px;\n}\n<\/style>\n\t<\/div>\n\t\n\n<h3 class=\"uppercase\"><span data-text-color=\"primary\">H\u00f6he<\/span><\/h3>\n<p>Die H\u00f6he Ihrer Vorh\u00e4nge k\u00f6nnen Sie mit der Option \u201e<span data-text-color=\"primary\"><strong>H\u00f6he des Vorhangs<\/strong><\/span>\u201c oben auf der Seite ausw\u00e4hlen.\" oben auf der Seite ausw\u00e4hlen.<\/p>\n<p>Sie finden die ben\u00f6tigte H\u00f6he des Vorhangs, um die optimale Ger\u00e4uschreduktion zu erreichen, indem Sie diesen interaktiven Leitfaden verwenden:<\/p>\n<p><span style=\"font-size: 100%;\"><strong><span style=\"text-decoration: underline;\"><a class=\"uppercase\" href=\"https:\/\/sound-escape.co\/de\/produkt\/hoehe-der-vorhaenge\/\">Zum Leitfaden gelangen<\/a><\/span><\/strong><\/span><\/p>\n<hr \/>\n<h3 class=\"uppercase\"><span data-text-color=\"primary\">Breite<\/span><\/h3>\n<p>Aufgrund ihrer schalld\u00e4mpfenden Eigenschaften falten sich unsere Vorh\u00e4nge leicht zusammen, was bedeutet, dass ein Vorhang, der 100 cm breit ist, beispielsweise nur zwischen 45 und 60 cm Ihrer Fensterfl\u00e4che abdeckt.<\/p>\n<p><span style=\"color: #4a4a4a;\">Bei der Wahl der Breite verlassen Sie sich daher einfach auf die Angabe \u201e<span data-text-color=\"primary\"><strong>Deckt tats\u00e4chlich<\/strong><\/span>\".<\/span><\/p>\n\n<\/div><\/div>\n<div id=\"accordion-1635691960\" class=\"accordion-item\"><a id=\"accordion-1635691960-label\" href=\"#\" class=\"accordion-title plain\" aria-expanded=\"false\" aria-controls=\"accordion-1635691960-content\"><button class=\"toggle\" aria-label=\"Toggle\"><i class=\"icon-angle-down\"><\/i><\/button><span>Wie sind Dicke und Gewicht der Vorh\u00e4nge?<\/span><\/a><div id=\"accordion-1635691960-content\" class=\"accordion-inner\" aria-labelledby=\"accordion-1635691960-label\">\n\n<p>Die Sound Escape Vorh\u00e4nge haben eine <strong><span style=\"color: #173982;\">Dicke von 10 bis 12 Millimetern<\/span><\/strong>. Diese erm\u00f6glicht die Integration mehrerer Schichten hochgradig schalld\u00e4mmender Materialien.<\/p>\n<p>Was das Gewicht betrifft, so gibt es gute Neuigkeiten: Unsere Vorh\u00e4nge sind so konzipiert, dass sie an jeder Standard-Gardinenstange aufgeh\u00e4ngt werden k\u00f6nnen. Tats\u00e4chlich betr\u00e4gt ihre Dichte nur <strong><span style=\"color: #173982;\">760 Gramm pro Quadratmeter<\/span><\/strong>. Zum Beispiel w\u00fcrde ein Vorhang mit einer H\u00f6he von 250 cm und einer Breite von 150 cm 2,85 kg wiegen.<\/p>\n<p>Es ist also durchaus m\u00f6glich, zwei unserer Vorh\u00e4nge an derselben Stange oder demselben Schienensystem aufzuh\u00e4ngen.<\/p>\n\n<\/div><\/div>\n<div id=\"accordion-3766560068\" class=\"accordion-item\"><a id=\"accordion-3766560068-label\" href=\"#\" class=\"accordion-title plain\" aria-expanded=\"false\" aria-controls=\"accordion-3766560068-content\"><button class=\"toggle\" aria-label=\"Toggle\"><i class=\"icon-angle-down\"><\/i><\/button><span>Haben Sie einen Beweis f\u00fcr die Wirksamkeit der Vorh\u00e4nge?<\/span><\/a><div id=\"accordion-3766560068-content\" class=\"accordion-inner\" aria-labelledby=\"accordion-3766560068-label\">\n\n<p>Nat\u00fcrlich! Entdecken Sie einen Ausschnitt aus unserem Demonstrationsvideo f\u00fcr den Sound Escape Schallschutzvorhang:<\/p>\n<p><strong><span style=\"text-decoration: underline;\"><em><a href=\"https:\/\/sound-escape.co\/de\/videobeweis-fur-sound-escape-vorhange\/\">Video ansehen<\/a><\/em><\/span><\/strong><\/p>\n\n<\/div><\/div>\n<div id=\"accordion-3196928456\" class=\"accordion-item\"><a id=\"accordion-3196928456-label\" href=\"#\" class=\"accordion-title plain\" aria-expanded=\"false\" aria-controls=\"accordion-3196928456-content\"><button class=\"toggle\" aria-label=\"Toggle\"><i class=\"icon-angle-down\"><\/i><\/button><span>Wie kann ich eine Bestellung aufgeben?<\/span><\/a><div id=\"accordion-3196928456-content\" class=\"accordion-inner\" aria-labelledby=\"accordion-3196928456-label\">\n\n<p><span style=\"color: #333333;\">Das Bestellen Ihrer Schallschutzvorh\u00e4nge ist einfach und schnell. Beginnen Sie, indem Sie oben auf der Seite die Optionen f\u00fcr die Ma\u00dfanfertigung Ihrer Vorh\u00e4nge w\u00e4hlen:<\/span><\/p>\n<ul>\n<li><strong><span data-text-color=\"primary\">\"H\u00f6he des Vorhangs\" :<\/span><\/strong> <span style=\"color: #333333;\">Geben Sie die ben\u00f6tigte H\u00f6he des Vorhangs ein.<\/span><\/li>\n<li><strong><span data-text-color=\"primary\">\"Breite des Vorhangs\" :<\/span><\/strong> <span style=\"color: #333333;\"> W\u00e4hlen Sie die Breite, achten Sie dabei auf die Angabe \"tats\u00e4chlich abdeckend\".<\/span><\/li>\n<li><strong><span data-text-color=\"primary\">\"Farbe\" :<\/span><\/strong> <span style=\"color: #4d4d4d;\">W\u00e4hlen<\/span><span style=\"color: #333333;\">\u00a0Sie einfach die gew\u00fcnschte Farbe aus.<\/span><\/li>\n<li><strong><span data-text-color=\"primary\">\"Befestigung\" :<\/span><\/strong> <span style=\"color: #4d4d4d;\">W\u00e4hlen<\/span><span style=\"color: #333333;\">\u00a0Sie den Typ der Befestigung, der zu Ihrer Gardinenstange oder Ihrem Schienensystem passt.<\/span><\/li>\n<\/ul>\n<p><span style=\"color: #333333;\">Nachdem Sie Ihre Vorh\u00e4nge personalisiert haben, k\u00f6nnen Sie auf den Button \"<strong><span data-text-color=\"primary\">In den Warenkorb<\/span><\/strong>\" klicken (achten Sie darauf, die gew\u00fcnschte Anzahl der Vorh\u00e4nge anzupassen) und Ihre Bestellung aufgeben.<\/span><\/p>\n\n<\/div><\/div>\n<div id=\"accordion-28385061\" class=\"accordion-item\"><a id=\"accordion-28385061-label\" href=\"#\" class=\"accordion-title plain\" aria-expanded=\"false\" aria-controls=\"accordion-28385061-content\"><button class=\"toggle\" aria-label=\"Toggle\"><i class=\"icon-angle-down\"><\/i><\/button><span>Kann ich Muster bestellen?<\/span><\/a><div id=\"accordion-28385061-content\" class=\"accordion-inner\" aria-labelledby=\"accordion-28385061-label\">\n\n<p>Ja, das ist durchaus m\u00f6glich.<\/p>\n<p><span style=\"text-decoration: underline;\"><a class=\"uppercase\" href=\"https:\/\/sound-escape.co\/de\/produkt\/sound-escape-vorhangmuster\/\"><strong>UNSERE MUSTER ENTDECKEN<\/strong><\/a><\/span><\/p>\n<p>Nachdem Sie geklickt haben, k\u00f6nnen Sie die Farben ausw\u00e4hlen, die Sie erhalten m\u00f6chten. Eine hervorragende M\u00f6glichkeit, sich ein realistischeres Bild vom potenziellen Aussehen Ihrer zuk\u00fcnftigen Vorh\u00e4nge zu machen!<\/p>\n\n<\/div><\/div>\n<div id=\"accordion-4224942119\" class=\"accordion-item\"><a id=\"accordion-4224942119-label\" href=\"#\" class=\"accordion-title plain\" aria-expanded=\"false\" aria-controls=\"accordion-4224942119-content\"><button class=\"toggle\" aria-label=\"Toggle\"><i class=\"icon-angle-down\"><\/i><\/button><span>K\u00f6nnen die Vorh\u00e4nge in der N\u00e4he eines Heizk\u00f6rpers angebracht werden?<\/span><\/a><div id=\"accordion-4224942119-content\" class=\"accordion-inner\" aria-labelledby=\"accordion-4224942119-label\">\n\n<p>Aus Vorsichtsgr\u00fcnden empfehlen wir einen Mindestabstand von 5 Zentimetern zwischen unseren Vorh\u00e4ngen und einem Heizk\u00f6rper.<\/p>\n\n<\/div><\/div>\n<div id=\"accordion-472663779\" class=\"accordion-item\"><a id=\"accordion-472663779-label\" href=\"#\" class=\"accordion-title plain\" aria-expanded=\"false\" aria-controls=\"accordion-472663779-content\"><button class=\"toggle\" aria-label=\"Toggle\"><i class=\"icon-angle-down\"><\/i><\/button><span>K\u00f6nnte ich einen Raum mit Ihren Vorh\u00e4ngen teilen?<\/span><\/a><div id=\"accordion-472663779-content\" class=\"accordion-inner\" aria-labelledby=\"accordion-472663779-label\">\n\n<p>Ja, das ist durchaus m\u00f6glich! Ein Fenster oder eine T\u00fcr ist nicht erforderlich, um die einwandfreie Funktion unserer L\u00e4rmschutzvorh\u00e4nge zu gew\u00e4hrleisten.<\/p>\n<p>M\u00f6chten Sie, dass die silberne Oberfl\u00e4che abgedeckt wird, sodass beide Seiten Ihrer Vorh\u00e4nge identisch sind? Das ist durchaus m\u00f6glich! Aktivieren Sie dazu das Kontrollk\u00e4stchen \"Ja\" unter der Frage \"Die silberne R\u00fcckseite des Vorhangs anpassen?\".<\/p>\n\n<\/div><\/div>\n<div id=\"accordion-555173453\" class=\"accordion-item\"><a id=\"accordion-555173453-label\" href=\"#\" class=\"accordion-title plain\" aria-expanded=\"false\" aria-controls=\"accordion-555173453-content\"><button class=\"toggle\" aria-label=\"Toggle\"><i class=\"icon-angle-down\"><\/i><\/button><span>Was ist der Durchmesser der \u00d6sen?<\/span><\/a><div id=\"accordion-555173453-content\" class=\"accordion-inner\" aria-labelledby=\"accordion-555173453-label\">\n\n<p style=\"text-align: left;\">Die \u00d6sen unserer Vorh\u00e4nge haben einen Durchmesser von <span data-text-color=\"primary\"><strong>40 Millimetern<\/strong><\/span>, wodurch sie mit den meisten Gardinenstangen kompatibel sind.<\/p>\n\n<\/div><\/div>\n<div id=\"accordion-4085148636\" class=\"accordion-item\"><a id=\"accordion-4085148636-label\" href=\"#\" class=\"accordion-title plain\" aria-expanded=\"false\" aria-controls=\"accordion-4085148636-content\"><button class=\"toggle\" aria-label=\"Toggle\"><i class=\"icon-angle-down\"><\/i><\/button><span>Sind die Vorh\u00e4nge feuerfest?<\/span><\/a><div id=\"accordion-4085148636-content\" class=\"accordion-inner\" aria-labelledby=\"accordion-4085148636-label\">\n\n<p style=\"text-align: left;\"><span data-text-color=\"primary\"><strong>Ja<\/strong><\/span>, unsere Vorh\u00e4nge sind feuerfest und entsprechen den geltenden europ\u00e4ischen Vorschriften.<\/p>\n\n<\/div><\/div>\n\n<\/div>\n\t<div id=\"gap-1750354628\" class=\"gap-element clearfix\" style=\"display:block; height:auto;\">\n\t\t\n<style>\n#gap-1750354628 {\n  padding-top: 25px;\n}\n<\/style>\n\t<\/div>\n\t\n\n<h3 class=\"accordion_title\">LIEFERINFORMATIONEN<\/h3><div class=\"accordion\">\n\n<div id=\"accordion-2645061701\" class=\"accordion-item\"><a id=\"accordion-2645061701-label\" href=\"#\" class=\"accordion-title plain\" aria-expanded=\"false\" aria-controls=\"accordion-2645061701-content\"><button class=\"toggle\" aria-label=\"Toggle\"><i class=\"icon-angle-down\"><\/i><\/button><span>Wie sind die Lieferzeiten?<\/span><\/a><div id=\"accordion-2645061701-content\" class=\"accordion-inner\" aria-labelledby=\"accordion-2645061701-label\">\n\n<p>Wir fertigen Ihre ma\u00dfgeschneiderten Schallschutzvorh\u00e4nge in nur 3 bis 5 Werktagen nach Ihrer Bestellung. Ihre Bestellung wird dann innerhalb von 24 Stunden versendet.<\/p>\n<p>Sobald die Bestellung unserem Partnerspediteur anvertraut wurde, erfolgt die Lieferung in der Regel innerhalb von 5 Tagen.<\/p>\n<p>Im Durchschnitt dauert es 10 bis 15 Tage, bis Sie Ihre individuellen Sound Escape-Vorh\u00e4nge erhalten.<\/p>\n\n<\/div><\/div>\n<div id=\"accordion-2446669848\" class=\"accordion-item\"><a id=\"accordion-2446669848-label\" href=\"#\" class=\"accordion-title plain\" aria-expanded=\"false\" aria-controls=\"accordion-2446669848-content\"><button class=\"toggle\" aria-label=\"Toggle\"><i class=\"icon-angle-down\"><\/i><\/button><span>Welches ist das Lieferunternehmen?<\/span><\/a><div id=\"accordion-2446669848-content\" class=\"accordion-inner\" aria-labelledby=\"accordion-2446669848-label\">\n\n<p>Wir kollaborieren mit DPD und DHL. Die Sendungsverfolgung wird Ihnen automatisch zugesendet, sobald das Paket verschickt wurde.<\/p>\n\n<\/div><\/div>\n\n<\/div>\n\n\t\t<\/div>\n\t\t\t\t\n<style>\n#col-1627261352 > .col-inner {\n  padding: 0px 10px 10px 10px;\n}\n@media (min-width:550px) {\n  #col-1627261352 > .col-inner {\n    padding: 0px 40px 10px 40px;\n  }\n}\n<\/style>\n\t<\/div>\n\n\t\n\n\t<div id=\"col-1009235673\" class=\"col medium-3 small-12 large-3\"  >\n\t\t\t\t<div class=\"col-inner\" style=\"background-color:rgba(175, 201, 233, 0);\" >\n\t\t\t\n\t<div class=\"is-border\"\n\t\tstyle=\"border-color:rgb(221, 221, 221);border-radius:26px;border-width:1px 1px 1px 1px;\">\n\t<\/div>\n\t\t\t\n\n\t<div id=\"gap-898113115\" class=\"gap-element clearfix\" style=\"display:block; height:auto;\">\n\t\t\n<style>\n#gap-898113115 {\n  padding-top: 20px;\n}\n@media (min-width:550px) {\n  #gap-898113115 {\n    padding-top: 20px;\n  }\n}\n<\/style>\n\t<\/div>\n\t\n\n\t<div id=\"gap-1172434236\" class=\"gap-element clearfix\" style=\"display:block; height:auto;\">\n\t\t\n<style>\n#gap-1172434236 {\n  padding-top: 30px;\n}\n<\/style>\n\t<\/div>\n\t\n\n<p class=\"uppercase\" style=\"text-align: center;\"><span style=\"font-size: 115%;\">\ud83d\udd0d NOCH FRAGEN?<\/p>\n<p><\/span><\/p>\n<p style=\"text-align: center;\">Wir beantworten sie gerne! Unsere Berater sind t\u00e4glich von 8 bis 17 Uhr erreichbar.<\/p>\n<a href=\"https:\/\/sound-escape.co\/de\/kontakt\/\" target=\"_self\" class=\"button primary expand\"  style=\"border-radius:10px;\">\n    <span>Kontakt<\/span>\n  <i class=\"icon-angle-right\" aria-hidden=\"true\" ><\/i><\/a>\n\n\n\t<div class=\"img has-hover hide-for-small x md-x lg-x y md-y lg-y\" id=\"image_34478342\">\n\t\t\t\t\t\t\t\t<div class=\"img-inner dark\" >\n\t\t\t<img loading=\"lazy\" decoding=\"async\" width=\"428\" height=\"878\" src=\"https:\/\/sound-escape.co\/de\/wp-content\/uploads\/2023\/09\/soundescapepc1-1-5.jpg\" class=\"attachment-large size-large\" alt=\"\" srcset=\"https:\/\/sound-escape.co\/de\/wp-content\/uploads\/2023\/09\/soundescapepc1-1-5.jpg 428w, https:\/\/sound-escape.co\/de\/wp-content\/uploads\/2023\/09\/soundescapepc1-1-5-146x300.jpg 146w\" sizes=\"auto, (max-width: 428px) 100vw, 428px\" \/>\t\t\t\t\t\t\n\t\t\t\t\t<\/div>\n\t\t\t\t\t\t\t\t\n<style>\n#image_34478342 {\n  width: 100%;\n}\n<\/style>\n\t<\/div>\n\t\n\n\n\t\t<\/div>\n\t\t\t\t\n<style>\n#col-1009235673 > .col-inner {\n  padding: 10px 20px 10px 20px;\n  border-radius: 20px;\n}\n<\/style>\n\t<\/div>\n\n\t\n\n<\/div>","protected":false},"excerpt":{"rendered":"","protected":false},"author":1,"featured_media":0,"parent":0,"menu_order":0,"comment_status":"closed","ping_status":"closed","template":"","meta":{"inline_featured_image":false,"footnotes":""},"class_list":["post-3456","page","type-page","status-publish","hentry"],"_links":{"self":[{"href":"https:\/\/sound-escape.co\/de\/wp-json\/wp\/v2\/pages\/3456","targetHints":{"allow":["GET"]}}],"collection":[{"href":"https:\/\/sound-escape.co\/de\/wp-json\/wp\/v2\/pages"}],"about":[{"href":"https:\/\/sound-escape.co\/de\/wp-json\/wp\/v2\/types\/page"}],"author":[{"embeddable":true,"href":"https:\/\/sound-escape.co\/de\/wp-json\/wp\/v2\/users\/1"}],"replies":[{"embeddable":true,"href":"https:\/\/sound-escape.co\/de\/wp-json\/wp\/v2\/comments?post=3456"}],"version-history":[{"count":0,"href":"https:\/\/sound-escape.co\/de\/wp-json\/wp\/v2\/pages\/3456\/revisions"}],"wp:attachment":[{"href":"https:\/\/sound-escape.co\/de\/wp-json\/wp\/v2\/media?parent=3456"}],"curies":[{"name":"wp","href":"https:\/\/api.w.org\/{rel}","templated":true}]}}