{"id":3,"date":"2023-08-15T14:47:25","date_gmt":"2023-08-15T12:47:25","guid":{"rendered":"https:\/\/sound-escape.co\/de\/?page_id=3"},"modified":"2024-05-02T18:47:29","modified_gmt":"2024-05-02T16:47:29","slug":"datenschutzrichtlinie","status":"publish","type":"page","link":"https:\/\/sound-escape.co\/de\/datenschutzrichtlinie\/","title":{"rendered":"Datenschutzrichtlinie"},"content":{"rendered":"<h1 class=\"wp-block-heading\">Datenschutzrichtlinie<\/h1><p>Unsere Website-Adresse ist: https:\/\/sound-escape.co.<\/p><hr class=\"wp-block-separator has-alpha-channel-opacity\"\/><p>Diese Datenschutzrichtlinie beschreibt, wie Sound Escape (nachfolgend &#8222;wir&#8220;, &#8222;unser&#8220; oder &#8222;uns&#8220;) pers\u00f6nliche Informationen von Nutzern unserer Website sound-escape.co sammelt, verwendet, teilt und sch\u00fctzt. Sie entspricht der Datenschutz-Grundverordnung (DSGVO) der Europ\u00e4ischen Union.<\/p><ol class=\"wp-block-list\"><li><strong>Informationssammlung<\/strong> Wir sammeln Informationen, wenn Sie auf unserer Website surfen, sich registrieren, eine Bestellung aufgeben, unseren Newsletter abonnieren oder ein Formular ausf\u00fcllen. Die gesammelten Informationen umfassen Ihren Namen, Postanschrift, E-Mail-Adresse, Telefonnummer und\/oder die letzten vier Ziffern Ihrer Zahlungskarte.<\/li>\n\n<li><strong>Verwendung der Informationen<\/strong> Die gesammelten Informationen k\u00f6nnen verwendet werden, um:<\/li><\/ol><ul class=\"wp-block-list\"><li>Ihre Erfahrung zu personalisieren und auf Ihre individuellen Bed\u00fcrfnisse einzugehen.<\/li>\n\n<li>Unsere Website zu verbessern.<\/li>\n\n<li>Den Kundenservice und Ihre Support-Anforderungen zu verbessern.<\/li>\n\n<li>Sie per E-Mail zu kontaktieren.<\/li>\n\n<li>Ein Gewinnspiel, eine Promotion oder eine Umfrage zu verwalten.<\/li><\/ul><ol class=\"wp-block-list\"><li><strong>Schutz Ihrer Informationen<\/strong> Wir setzen eine Vielzahl von Sicherheitsma\u00dfnahmen ein, um die Sicherheit Ihrer pers\u00f6nlichen Informationen zu gew\u00e4hrleisten. Wir verwenden fortschrittliche Verschl\u00fcsselungstechnologie, um sensible Informationen online zu sch\u00fctzen.<\/li>\n\n<li><strong>Verwendung von Cookies<\/strong> Unsere Cookies verbessern den Zugang zu unserer Website und identifizieren regelm\u00e4\u00dfige Besucher. Dar\u00fcber hinaus verbessern unsere Cookies das Benutzererlebnis durch das Verfolgen und Zielen auf ihre Interessen. Diese Verwendung von Cookies ist jedoch in keiner Weise mit pers\u00f6nlich identifizierbaren Informationen auf unserer Website verbunden.<\/li>\n\n<li><strong>Google Ads Retargeting und Google Analytics<\/strong><\/li><\/ol><ul class=\"wp-block-list\"><li><strong>Google Analytics<\/strong>: Wir verwenden Google Analytics, um zu verstehen, wie Besucher mit unserer Website interagieren. Google Analytics sammelt Informationen anonym und berichtet Website-Trends ohne einzelne Besucher zu identifizieren. Sie k\u00f6nnen die Datenschutzrichtlinie von Google einsehen und Google Analytics deaktivieren.<\/li>\n\n<li><strong>Google Ads Retargeting<\/strong>: Wir verwenden Retargeting, um zielgerichtete Werbung an Benutzer zu liefern, die unsere Website zuvor besucht haben. Diese Anzeigen werden auf Drittseiten, einschlie\u00dflich Google, basierend auf den vorherigen Aktionen des Benutzers auf unserer Website geschaltet. Benutzer k\u00f6nnen die Verwendung von Cookies durch Google deaktivieren, indem sie die Google-Werbeeinstellungen besuchen.<\/li><\/ul><ol class=\"wp-block-list\"><li><strong>Zustimmung<\/strong> Durch die Nutzung unserer Website stimmen Sie unserer Datenschutzrichtlinie zu.<\/li>\n\n<li><strong>Ihre Rechte<\/strong> Unter der DSGVO haben Sie das Recht,:<\/li><\/ol><ul class=\"wp-block-list\"><li>Auf Ihre pers\u00f6nlichen Daten zuzugreifen.<\/li>\n\n<li>Ihre Daten zu korrigieren, wenn sie ungenau oder unvollst\u00e4ndig sind.<\/li>\n\n<li>Ihre Daten zu l\u00f6schen.<\/li>\n\n<li>Die Verarbeitung Ihrer Daten einzuschr\u00e4nken.<\/li>\n\n<li>Der Verarbeitung Ihrer Daten zu widersprechen.<\/li>\n\n<li>Ihre Zustimmung zu widerrufen. Wenn Sie eines dieser Rechte aus\u00fcben m\u00f6chten, kontaktieren Sie uns bitte unter contact@sound-escape.co.<\/li><\/ul><ol class=\"wp-block-list\"><li><strong>\u00c4nderungen dieser Richtlinie<\/strong> Wenn wir uns entscheiden, unsere Datenschutzrichtlinie zu \u00e4ndern, werden wir diese \u00c4nderungen auf dieser Seite ver\u00f6ffentlichen.<\/li><\/ol><h2 class=\"wp-block-heading\"> <\/h2>","protected":false},"excerpt":{"rendered":"<p>Datenschutzrichtlinie Unsere Website-Adresse ist: https:\/\/sound-escape.co. Diese Datenschutzrichtlinie beschreibt, wie Sound Escape (nachfolgend &#8222;wir&#8220;, &#8222;unser&#8220; oder &#8222;uns&#8220;) pers\u00f6nliche Informationen von Nutzern unserer Website sound-escape.co sammelt, verwendet, teilt und sch\u00fctzt. Sie entspricht der Datenschutz-Grundverordnung (DSGVO) der Europ\u00e4ischen Union.<\/p>\n","protected":false},"author":1,"featured_media":0,"parent":0,"menu_order":0,"comment_status":"closed","ping_status":"open","template":"","meta":{"inline_featured_image":false,"footnotes":""},"class_list":["post-3","page","type-page","status-publish","hentry"],"_links":{"self":[{"href":"https:\/\/sound-escape.co\/de\/wp-json\/wp\/v2\/pages\/3","targetHints":{"allow":["GET"]}}],"collection":[{"href":"https:\/\/sound-escape.co\/de\/wp-json\/wp\/v2\/pages"}],"about":[{"href":"https:\/\/sound-escape.co\/de\/wp-json\/wp\/v2\/types\/page"}],"author":[{"embeddable":true,"href":"https:\/\/sound-escape.co\/de\/wp-json\/wp\/v2\/users\/1"}],"replies":[{"embeddable":true,"href":"https:\/\/sound-escape.co\/de\/wp-json\/wp\/v2\/comments?post=3"}],"version-history":[{"count":0,"href":"https:\/\/sound-escape.co\/de\/wp-json\/wp\/v2\/pages\/3\/revisions"}],"wp:attachment":[{"href":"https:\/\/sound-escape.co\/de\/wp-json\/wp\/v2\/media?parent=3"}],"curies":[{"name":"wp","href":"https:\/\/api.w.org\/{rel}","templated":true}]}}