{"id":2325,"date":"2023-08-30T19:03:46","date_gmt":"2023-08-30T17:03:46","guid":{"rendered":"https:\/\/sound-escape.co\/de\/?page_id=2325"},"modified":"2024-07-20T10:11:21","modified_gmt":"2024-07-20T08:11:21","slug":"bewertungen","status":"publish","type":"page","link":"https:\/\/sound-escape.co\/de\/bewertungen\/","title":{"rendered":"KUNDENMEINUNG"},"content":{"rendered":"\t<div id=\"gap-468763066\" class=\"gap-element clearfix\" style=\"display:block; height:auto;\">\n\t\t\n<style>\n#gap-468763066 {\n  padding-top: 10px;\n}\n<\/style>\n\t<\/div>\n\t\n\n<div class=\"container section-title-container\" ><h1 class=\"section-title section-title-center\"><b><\/b><span class=\"section-title-main\" style=\"color:rgb(31, 58, 134);\">KUNDENMEINUNG<\/span><b><\/b><\/h1><\/div>\n\n<div class=\"row align-center\"  id=\"row-228577782\">\n\n\n\t<div id=\"col-48087147\" class=\"col medium-11 small-12 large-11\"  >\n\t\t\t\t<div class=\"col-inner text-center\"  >\n\t\t\t\n\t\t\t\n\n\t<div id=\"text-2321382402\" class=\"text\">\n\t\t\n\n<p style=\"text-align: center;\"><span style=\"color: #808080;\">Auf dieser Seite laden wir Sie ein, das Feedback und die Erfahrungsberichte unserer Kunden zu <span style=\"text-decoration: underline;\"><a style=\"color: #808080; text-decoration: underline;\" href=\"https:\/\/sound-escape.co\/de\/produkt\/schallschutzvorhang-21db-3-in-1\/\"><span style=\"color: #0c2a45; text-decoration: underline;\">Vorh\u00e4nge Sound Escape<\/span><\/a><\/span> zu lesen.\u00a0Alle unten aufgef\u00fchrten Bewertungen stammen von verifizierten K\u00e4ufern.<\/span><\/p>\n\t\t\n<style>\n#text-2321382402 {\n  font-size: 0.85rem;\n}\n@media (min-width:550px) {\n  #text-2321382402 {\n    font-size: 0.95rem;\n  }\n}\n<\/style>\n\t<\/div>\n\t\n\n\t\t<\/div>\n\t\t\t\t\n<style>\n#col-48087147 > .col-inner {\n  padding: 0px -20px -20px 0px;\n  margin: 0px -20px -30px 0px;\n}\n@media (min-width:550px) {\n  #col-48087147 > .col-inner {\n    margin: 0px 0px -30px 0px;\n  }\n}\n<\/style>\n\t<\/div>\n\n\t\n\n<\/div>\n\t<div id=\"gap-1833037913\" class=\"gap-element clearfix\" style=\"display:block; height:auto;\">\n\t\t\n<style>\n#gap-1833037913 {\n  padding-top: 20px;\n}\n<\/style>\n\t<\/div>\n\t\n\n<div class=\"row align-equal\"  id=\"row-989484053\">\n\n\n\t<div id=\"col-1439887584\" class=\"col medium-3 small-6 large-3\"  data-animate=\"fadeInDown\">\n\t\t\t\t<div class=\"col-inner box-shadow-2 box-shadow-3-hover\"  >\n\t\t\t\n\t\t\t\n\n<p><strong>J. S.<\/strong><br \/><img loading=\"lazy\" decoding=\"async\" class=\"alignnone  wp-image-4744\" src=\"https:\/\/sound-escape.co\/de\/wp-content\/uploads\/2024\/03\/avisstar5.webp\" alt=\"\" width=\"92\" height=\"21\" \/><br \/>\ud83c\udfc5 <em>Verifizierter K\u00e4ufer<\/em><\/p>\n\t<div class=\"img has-hover x md-x lg-x y md-y lg-y\" id=\"image_794337467\">\n\t\t<a class=\"image-lightbox lightbox-gallery\" title=\"\" href=\"https:\/\/sound-escape.co\/de\/wp-content\/uploads\/2023\/10\/WeChat-Image_20231020141353-1-1.jpg\">\t\t\t\t\t\t<div class=\"img-inner image-cover dark\" style=\"padding-top:120%;\">\n\t\t\t<img loading=\"lazy\" decoding=\"async\" width=\"200\" height=\"300\" src=\"https:\/\/sound-escape.co\/de\/wp-content\/uploads\/2023\/10\/WeChat-Image_20231020141353-1-1-200x300.jpg\" class=\"attachment-medium size-medium\" alt=\"\" srcset=\"https:\/\/sound-escape.co\/de\/wp-content\/uploads\/2023\/10\/WeChat-Image_20231020141353-1-1-200x300.jpg 200w, https:\/\/sound-escape.co\/de\/wp-content\/uploads\/2023\/10\/WeChat-Image_20231020141353-1-1.jpg 500w\" sizes=\"auto, (max-width: 200px) 100vw, 200px\" \/>\t\t\t\t\t\t\n\t\t\t\t\t<\/div>\n\t\t\t\t\t\t<\/a>\t\t\n<style>\n#image_794337467 {\n  width: 100%;\n}\n<\/style>\n\t<\/div>\n\t\n\n<p><span style=\"font-size: 95%;\"><em>Ultra-High-End-Qualit\u00e4tsoberfl\u00e4chen!! Sehr zufrieden mit den Vorh\u00e4ngen, die Schalld\u00e4mpfung ist ausgezeichnet (die 21 dB sind sehr real)&#8230;<\/em><\/span><\/p>\n\t<div id=\"gap-287443992\" class=\"gap-element clearfix\" style=\"display:block; height:auto;\">\n\t\t\n<style>\n#gap-287443992 {\n  padding-top: 5px;\n}\n<\/style>\n\t<\/div>\n\t\n\n\n\t\t<\/div>\n\t\t\t\t\n<style>\n#col-1439887584 > .col-inner {\n  padding: 25px 15px 0px 15px;\n  border-radius: 25px;\n}\n<\/style>\n\t<\/div>\n\n\t\n\n\t<div id=\"col-284491952\" class=\"col medium-3 small-6 large-3\"  data-animate=\"fadeInDown\">\n\t\t\t\t<div class=\"col-inner box-shadow-2 box-shadow-3-hover\"  >\n\t\t\t\n\t\t\t\n\n<p><strong>L. G.<\/strong><br \/><img loading=\"lazy\" decoding=\"async\" class=\"alignnone  wp-image-4744\" src=\"https:\/\/sound-escape.co\/de\/wp-content\/uploads\/2024\/03\/avisstar5.webp\" alt=\"\" width=\"92\" height=\"21\" \/><br \/>\ud83c\udfc5 <em>Verifizierter K\u00e4ufer<\/em><\/p>\n\t<div class=\"img has-hover x md-x lg-x y md-y lg-y\" id=\"image_644936396\">\n\t\t<a class=\"image-lightbox lightbox-gallery\" title=\"\" href=\"https:\/\/sound-escape.co\/de\/wp-content\/uploads\/2023\/08\/A5fb781b3dd304a3f9308b8764ef88c1dH-1-1.jpg\">\t\t\t\t\t\t<div class=\"img-inner image-cover dark\" style=\"padding-top:120%;\">\n\t\t\t<img loading=\"lazy\" decoding=\"async\" width=\"234\" height=\"300\" src=\"https:\/\/sound-escape.co\/de\/wp-content\/uploads\/2023\/08\/A5fb781b3dd304a3f9308b8764ef88c1dH-1-1-234x300.jpg\" class=\"attachment-medium size-medium\" alt=\"\" srcset=\"https:\/\/sound-escape.co\/de\/wp-content\/uploads\/2023\/08\/A5fb781b3dd304a3f9308b8764ef88c1dH-1-1-234x300.jpg 234w, https:\/\/sound-escape.co\/de\/wp-content\/uploads\/2023\/08\/A5fb781b3dd304a3f9308b8764ef88c1dH-1-1.jpg 545w\" sizes=\"auto, (max-width: 234px) 100vw, 234px\" \/>\t\t\t\t\t\t\n\t\t\t\t\t<\/div>\n\t\t\t\t\t\t<\/a>\t\t\n<style>\n#image_644936396 {\n  width: 100%;\n}\n<\/style>\n\t<\/div>\n\t\n\n<p><em><span style=\"font-size: 95%;\">Gute Schalld\u00e4mmung. Wir haben unsere Vorh\u00e4nge hier auf Anraten einiger Freunde gekauft und es war eine tolle Idee. Vielen Dank<\/p>\n<p><\/span><\/em><\/p>\n\t<div id=\"gap-1213223158\" class=\"gap-element clearfix\" style=\"display:block; height:auto;\">\n\t\t\n<style>\n#gap-1213223158 {\n  padding-top: 5px;\n}\n<\/style>\n\t<\/div>\n\t\n\n\n\t\t<\/div>\n\t\t\t\t\n<style>\n#col-284491952 > .col-inner {\n  padding: 25px 15px 0px 15px;\n  border-radius: 25px;\n}\n<\/style>\n\t<\/div>\n\n\t\n\n\t<div id=\"col-2063807711\" class=\"col medium-3 small-6 large-3\"  data-animate=\"fadeInDown\">\n\t\t\t\t<div class=\"col-inner box-shadow-2 box-shadow-3-hover\"  >\n\t\t\t\n\t\t\t\n\n<p><strong>S. D.<\/strong><br \/><img loading=\"lazy\" decoding=\"async\" class=\"alignnone  wp-image-4744\" src=\"https:\/\/sound-escape.co\/de\/wp-content\/uploads\/2024\/03\/avisstar5.webp\" alt=\"\" width=\"92\" height=\"21\" \/><br \/>\ud83c\udfc5 <em>Verifizierter K\u00e4ufer<\/em><\/p>\n\t<div class=\"img has-hover x md-x lg-x y md-y lg-y\" id=\"image_582770369\">\n\t\t<a class=\"image-lightbox lightbox-gallery\" title=\"\" href=\"https:\/\/sound-escape.co\/de\/wp-content\/uploads\/2023\/08\/A5fb781b3dd304a3f9308b8764ef88c1dH-1-2.jpg\">\t\t\t\t\t\t<div class=\"img-inner image-cover dark\" style=\"padding-top:120%;\">\n\t\t\t<img loading=\"lazy\" decoding=\"async\" width=\"234\" height=\"300\" src=\"https:\/\/sound-escape.co\/de\/wp-content\/uploads\/2023\/08\/A5fb781b3dd304a3f9308b8764ef88c1dH-1-2-234x300.jpg\" class=\"attachment-medium size-medium\" alt=\"\" srcset=\"https:\/\/sound-escape.co\/de\/wp-content\/uploads\/2023\/08\/A5fb781b3dd304a3f9308b8764ef88c1dH-1-2-234x300.jpg 234w, https:\/\/sound-escape.co\/de\/wp-content\/uploads\/2023\/08\/A5fb781b3dd304a3f9308b8764ef88c1dH-1-2.jpg 545w\" sizes=\"auto, (max-width: 234px) 100vw, 234px\" \/>\t\t\t\t\t\t\n\t\t\t\t\t<\/div>\n\t\t\t\t\t\t<\/a>\t\t\n<style>\n#image_582770369 {\n  width: 100%;\n}\n<\/style>\n\t<\/div>\n\t\n\n<p><em><span style=\"font-size: 95%;\">H\u00fcbsche Vorh\u00e4nge mit dem zus\u00e4tzlichen Plus an willkommenem Komfort! Wir sind mit dem Ergebnis rundum zufrieden, ein gro\u00dfes Dankesch\u00f6n f\u00fcr diese Qualit\u00e4t zu diesem Preis. Sandrine.<\/span><\/em><\/p>\n\t<div id=\"gap-990008800\" class=\"gap-element clearfix\" style=\"display:block; height:auto;\">\n\t\t\n<style>\n#gap-990008800 {\n  padding-top: 5px;\n}\n<\/style>\n\t<\/div>\n\t\n\n\n\t\t<\/div>\n\t\t\t\t\n<style>\n#col-2063807711 > .col-inner {\n  padding: 25px 15px 0px 15px;\n  border-radius: 25px;\n}\n<\/style>\n\t<\/div>\n\n\t\n\n\t<div id=\"col-1989905673\" class=\"col medium-3 small-6 large-3\"  data-animate=\"fadeInDown\">\n\t\t\t\t<div class=\"col-inner box-shadow-2 box-shadow-3-hover\"  >\n\t\t\t\n\t\t\t\n\n<p><strong>C. B.<\/strong><br \/><img loading=\"lazy\" decoding=\"async\" class=\"alignnone  wp-image-4744\" src=\"https:\/\/sound-escape.co\/de\/wp-content\/uploads\/2024\/03\/avisstar5.webp\" alt=\"\" width=\"92\" height=\"21\" \/><br \/>\ud83c\udfc5 <em>Verifizierter K\u00e4ufer<\/em><\/p>\n\t<div class=\"img has-hover x md-x lg-x y md-y lg-y\" id=\"image_491857774\">\n\t\t<a class=\"image-lightbox lightbox-gallery\" title=\"\" href=\"https:\/\/sound-escape.co\/de\/wp-content\/uploads\/2023\/10\/WeChat-Image_20231020141327.webp\">\t\t\t\t\t\t<div class=\"img-inner image-cover dark\" style=\"padding-top:120%;\">\n\t\t\t<img loading=\"lazy\" decoding=\"async\" width=\"262\" height=\"300\" src=\"https:\/\/sound-escape.co\/de\/wp-content\/uploads\/2023\/10\/WeChat-Image_20231020141327-262x300.webp\" class=\"attachment-medium size-medium\" alt=\"\" srcset=\"https:\/\/sound-escape.co\/de\/wp-content\/uploads\/2023\/10\/WeChat-Image_20231020141327-262x300.webp 262w, https:\/\/sound-escape.co\/de\/wp-content\/uploads\/2023\/10\/WeChat-Image_20231020141327.webp 600w\" sizes=\"auto, (max-width: 262px) 100vw, 262px\" \/>\t\t\t\t\t\t\n\t\t\t\t\t<\/div>\n\t\t\t\t\t\t<\/a>\t\t\n<style>\n#image_491857774 {\n  width: 100%;\n}\n<\/style>\n\t<\/div>\n\t\n\n<p><em><span style=\"font-size: 95%;\">Wir waren auf der Suche nach \u00e4sthetischen und effizienten Schallschutzvorh\u00e4ngen, das ist alles :)) Die Installation auf unserer Schiene war sehr einfach, es gab keine Bedenken hinsichtlich des Gewichts.<\/span><\/em><\/p>\n<p>\u00a0<\/p>\n\t<div id=\"gap-1331183695\" class=\"gap-element clearfix\" style=\"display:block; height:auto;\">\n\t\t\n<style>\n#gap-1331183695 {\n  padding-top: 5px;\n}\n<\/style>\n\t<\/div>\n\t\n\n\n\t\t<\/div>\n\t\t\t\t\n<style>\n#col-1989905673 > .col-inner {\n  padding: 25px 15px 0px 15px;\n  border-radius: 25px;\n}\n<\/style>\n\t<\/div>\n\n\t\n\n\t<div id=\"col-2133421566\" class=\"col medium-3 small-6 large-3\"  data-animate=\"fadeInDown\">\n\t\t\t\t<div class=\"col-inner box-shadow-2 box-shadow-3-hover\"  >\n\t\t\t\n\t\t\t\n\n<p><strong>D. G.<\/strong><br \/><img loading=\"lazy\" decoding=\"async\" class=\"alignnone  wp-image-4744\" src=\"https:\/\/sound-escape.co\/de\/wp-content\/uploads\/2024\/03\/avisstar5.webp\" alt=\"\" width=\"92\" height=\"21\" \/><br \/>\ud83c\udfc5 <em>Verifizierter K\u00e4ufer<\/em><\/p>\n\t<div class=\"img has-hover x md-x lg-x y md-y lg-y\" id=\"image_146626959\">\n\t\t<a class=\"image-lightbox lightbox-gallery\" title=\"\" href=\"https:\/\/sound-escape.co\/de\/wp-content\/uploads\/2023\/10\/WeChat-Image_20231020141157.webp\">\t\t\t\t\t\t<div class=\"img-inner image-cover dark\" style=\"padding-top:120%;\">\n\t\t\t<img loading=\"lazy\" decoding=\"async\" width=\"300\" height=\"253\" src=\"https:\/\/sound-escape.co\/de\/wp-content\/uploads\/2023\/10\/WeChat-Image_20231020141157-300x253.webp\" class=\"attachment-medium size-medium\" alt=\"\" srcset=\"https:\/\/sound-escape.co\/de\/wp-content\/uploads\/2023\/10\/WeChat-Image_20231020141157-300x253.webp 300w, https:\/\/sound-escape.co\/de\/wp-content\/uploads\/2023\/10\/WeChat-Image_20231020141157-768x648.webp 768w, https:\/\/sound-escape.co\/de\/wp-content\/uploads\/2023\/10\/WeChat-Image_20231020141157-800x675.webp 800w, https:\/\/sound-escape.co\/de\/wp-content\/uploads\/2023\/10\/WeChat-Image_20231020141157.webp 960w\" sizes=\"auto, (max-width: 300px) 100vw, 300px\" \/>\t\t\t\t\t\t\n\t\t\t\t\t<\/div>\n\t\t\t\t\t\t<\/a>\t\t\n<style>\n#image_146626959 {\n  width: 100%;\n}\n<\/style>\n\t<\/div>\n\t\n\n<p><em><span style=\"font-size: 95%;\"><span style=\"font-size: 95%;\">Heute wurden im Rahmen eines ersten Tests Vorh\u00e4nge angebracht, um unsere Hotelzimmer mit Blick auf die Stra\u00dfe weiter schalldicht zu machen. Sehr schl\u00fcssig \u2013 sowohl vom \u201eDesign\u201c als auch vom Klang her \u2013 wir werden es weiterempfehlen<\/span><\/span><\/em><\/p>\n\t<div id=\"gap-1463162372\" class=\"gap-element clearfix\" style=\"display:block; height:auto;\">\n\t\t\n<style>\n#gap-1463162372 {\n  padding-top: 5px;\n}\n<\/style>\n\t<\/div>\n\t\n\n\n\t\t<\/div>\n\t\t\t\t\n<style>\n#col-2133421566 > .col-inner {\n  padding: 25px 15px 0px 15px;\n  border-radius: 25px;\n}\n<\/style>\n\t<\/div>\n\n\t\n\n\t<div id=\"col-870270586\" class=\"col medium-3 small-6 large-3\"  data-animate=\"fadeInDown\">\n\t\t\t\t<div class=\"col-inner box-shadow-2 box-shadow-3-hover\"  >\n\t\t\t\n\t\t\t\n\n<p><strong>L. B.<\/strong><br \/><img loading=\"lazy\" decoding=\"async\" class=\"alignnone  wp-image-4744\" src=\"https:\/\/sound-escape.co\/de\/wp-content\/uploads\/2024\/03\/avisstar5.webp\" alt=\"\" width=\"92\" height=\"21\" \/><br \/>\ud83c\udfc5 <em>Verifizierter K\u00e4ufer<\/em><\/p>\n\t<div class=\"img has-hover x md-x lg-x y md-y lg-y\" id=\"image_51460541\">\n\t\t<a class=\"image-lightbox lightbox-gallery\" title=\"\" href=\"https:\/\/sound-escape.co\/de\/wp-content\/uploads\/2023\/08\/A38fbc80d75504b969e873fa9b68ea8e0y-1-1.jpg\">\t\t\t\t\t\t<div class=\"img-inner image-cover dark\" style=\"padding-top:120%;\">\n\t\t\t<img loading=\"lazy\" decoding=\"async\" width=\"225\" height=\"300\" src=\"https:\/\/sound-escape.co\/de\/wp-content\/uploads\/2023\/08\/A38fbc80d75504b969e873fa9b68ea8e0y-1-1-225x300.jpg\" class=\"attachment-medium size-medium\" alt=\"\" srcset=\"https:\/\/sound-escape.co\/de\/wp-content\/uploads\/2023\/08\/A38fbc80d75504b969e873fa9b68ea8e0y-1-1-225x300.jpg 225w, https:\/\/sound-escape.co\/de\/wp-content\/uploads\/2023\/08\/A38fbc80d75504b969e873fa9b68ea8e0y-1-1.jpg 525w\" sizes=\"auto, (max-width: 225px) 100vw, 225px\" \/>\t\t\t\t\t\t\n\t\t\t\t\t<\/div>\n\t\t\t\t\t\t<\/a>\t\t\n<style>\n#image_51460541 {\n  width: 100%;\n}\n<\/style>\n\t<\/div>\n\t\n\n<p><em><span style=\"font-size: 95%;\">Die Vorh\u00e4nge sind sehr dick und die Materialien sind von guter Qualit\u00e4t. Sie erf\u00fcllen ihre Aufgabe perfekt, die Ger\u00e4uschreduzierung ist beeindruckend\u2026<\/span><\/em><\/p>\n<p>\u00a0<\/p>\n\t<div id=\"gap-551325146\" class=\"gap-element clearfix\" style=\"display:block; height:auto;\">\n\t\t\n<style>\n#gap-551325146 {\n  padding-top: 5px;\n}\n<\/style>\n\t<\/div>\n\t\n\n\n\t\t<\/div>\n\t\t\t\t\n<style>\n#col-870270586 > .col-inner {\n  padding: 25px 15px 0px 15px;\n  border-radius: 25px;\n}\n<\/style>\n\t<\/div>\n\n\t\n\n\t<div id=\"col-1299057444\" class=\"col medium-3 small-6 large-3\"  data-animate=\"fadeInDown\">\n\t\t\t\t<div class=\"col-inner box-shadow-2 box-shadow-3-hover\"  >\n\t\t\t\n\t\t\t\n\n<p><strong>G. N.<\/strong><br \/><img loading=\"lazy\" decoding=\"async\" class=\"alignnone  wp-image-4744\" src=\"https:\/\/sound-escape.co\/de\/wp-content\/uploads\/2024\/03\/avisstar5.webp\" alt=\"\" width=\"92\" height=\"21\" \/><br \/>\ud83c\udfc5 <em>Verifizierter K\u00e4ufer<\/em><\/p>\n\t<div class=\"img has-hover x md-x lg-x y md-y lg-y\" id=\"image_860097674\">\n\t\t<a class=\"image-lightbox lightbox-gallery\" title=\"\" href=\"https:\/\/sound-escape.co\/de\/wp-content\/uploads\/2023\/10\/WeChat-Image_20231020141307.webp\">\t\t\t\t\t\t<div class=\"img-inner image-cover dark\" style=\"padding-top:120%;\">\n\t\t\t<img loading=\"lazy\" decoding=\"async\" width=\"233\" height=\"300\" src=\"https:\/\/sound-escape.co\/de\/wp-content\/uploads\/2023\/10\/WeChat-Image_20231020141307-233x300.webp\" class=\"attachment-medium size-medium\" alt=\"\" srcset=\"https:\/\/sound-escape.co\/de\/wp-content\/uploads\/2023\/10\/WeChat-Image_20231020141307-233x300.webp 233w, https:\/\/sound-escape.co\/de\/wp-content\/uploads\/2023\/10\/WeChat-Image_20231020141307.webp 465w\" sizes=\"auto, (max-width: 233px) 100vw, 233px\" \/>\t\t\t\t\t\t\n\t\t\t\t\t<\/div>\n\t\t\t\t\t\t<\/a>\t\t\n<style>\n#image_860097674 {\n  width: 100%;\n}\n<\/style>\n\t<\/div>\n\t\n\n<p><span style=\"font-size: 95%;\"><i>OK oben, gute Isolierung<br \/>\n+ Abmessungen auf den Zentimeter genau eingehalten<br \/>\nIch hatte Angst, dass sich die Vorh\u00e4nge aufgrund ihrer Dicke nicht leicht \u00f6ffnen lie\u00dfen, aber letztlich kein Problem. Danke<\/i><\/span><\/p>\n\t<div id=\"gap-1025581596\" class=\"gap-element clearfix\" style=\"display:block; height:auto;\">\n\t\t\n<style>\n#gap-1025581596 {\n  padding-top: 5px;\n}\n<\/style>\n\t<\/div>\n\t\n\n\n\t\t<\/div>\n\t\t\t\t\n<style>\n#col-1299057444 > .col-inner {\n  padding: 25px 15px 0px 15px;\n  border-radius: 25px;\n}\n<\/style>\n\t<\/div>\n\n\t\n\n\t<div id=\"col-478451468\" class=\"col medium-3 small-6 large-3\"  data-animate=\"fadeInDown\">\n\t\t\t\t<div class=\"col-inner box-shadow-2 box-shadow-3-hover\"  >\n\t\t\t\n\t\t\t\n\n<p><strong>F. R.<\/strong><br \/><img loading=\"lazy\" decoding=\"async\" class=\"alignnone  wp-image-4744\" src=\"https:\/\/sound-escape.co\/de\/wp-content\/uploads\/2024\/03\/avisstar5.webp\" alt=\"\" width=\"92\" height=\"21\" \/><br \/>\ud83c\udfc5 <em>Verifizierter K\u00e4ufer<\/em><\/p>\n\t<div class=\"img has-hover x md-x lg-x y md-y lg-y\" id=\"image_2045884296\">\n\t\t<a class=\"image-lightbox lightbox-gallery\" title=\"\" href=\"https:\/\/sound-escape.co\/de\/wp-content\/uploads\/2023\/10\/WeChat-Image_20231020141231.webp\">\t\t\t\t\t\t<div class=\"img-inner image-cover dark\" style=\"padding-top:120%;\">\n\t\t\t<img loading=\"lazy\" decoding=\"async\" width=\"256\" height=\"300\" src=\"https:\/\/sound-escape.co\/de\/wp-content\/uploads\/2023\/10\/WeChat-Image_20231020141231-256x300.webp\" class=\"attachment-medium size-medium\" alt=\"\" srcset=\"https:\/\/sound-escape.co\/de\/wp-content\/uploads\/2023\/10\/WeChat-Image_20231020141231-256x300.webp 256w, https:\/\/sound-escape.co\/de\/wp-content\/uploads\/2023\/10\/WeChat-Image_20231020141231.webp 512w\" sizes=\"auto, (max-width: 256px) 100vw, 256px\" \/>\t\t\t\t\t\t\n\t\t\t\t\t<\/div>\n\t\t\t\t\t\t<\/a>\t\t\n<style>\n#image_2045884296 {\n  width: 100%;\n}\n<\/style>\n\t<\/div>\n\t\n\n<p><span style=\"font-size: 95%;\"><em><span style=\"font-size: 95%;\">Ausgezeichnetes Einkaufserlebnis. Ich wurde vor dem Kauf gut beraten und die Schallvorh\u00e4nge, die ich erhalten habe, d\u00e4mpfen den Schall besonders gut. Au\u00dferdem f\u00e4llt mir auf, dass mein St\u00fcck weniger mitschwingt, was angenehmer ist.<\/span><\/em><\/span><\/p>\n\t<div id=\"gap-2121189992\" class=\"gap-element clearfix\" style=\"display:block; height:auto;\">\n\t\t\n<style>\n#gap-2121189992 {\n  padding-top: 5px;\n}\n<\/style>\n\t<\/div>\n\t\n\n\n\t\t<\/div>\n\t\t\t\t\n<style>\n#col-478451468 > .col-inner {\n  padding: 25px 15px 0px 15px;\n  border-radius: 25px;\n}\n<\/style>\n\t<\/div>\n\n\t\n\n\t<div id=\"col-493478809\" class=\"col medium-3 small-6 large-3\"  data-animate=\"fadeInDown\">\n\t\t\t\t<div class=\"col-inner box-shadow-2 box-shadow-3-hover\"  >\n\t\t\t\n\t\t\t\n\n<p><strong>E. L.<\/strong><br \/><img loading=\"lazy\" decoding=\"async\" class=\"alignnone  wp-image-4744\" src=\"https:\/\/sound-escape.co\/de\/wp-content\/uploads\/2024\/03\/avisstar5.webp\" alt=\"\" width=\"92\" height=\"21\" \/><br \/>\ud83c\udfc5 <em>Verifizierter K\u00e4ufer<\/em><\/p>\n<p><span style=\"font-size: 95%;\"><em>Vorhang gut angenommen, hervorragende Qualit\u00e4t, die angek\u00fcndigte Akustik ist real. Ausgezeichneter Preis, ich bin rundum zufrieden!!<\/em><\/span><\/p>\n\t<div id=\"gap-235378674\" class=\"gap-element clearfix\" style=\"display:block; height:auto;\">\n\t\t\n<style>\n#gap-235378674 {\n  padding-top: 5px;\n}\n<\/style>\n\t<\/div>\n\t\n\n\n\t\t<\/div>\n\t\t\t\t\n<style>\n#col-493478809 > .col-inner {\n  padding: 25px 15px 0px 15px;\n  border-radius: 25px;\n}\n<\/style>\n\t<\/div>\n\n\t\n\n\t<div id=\"col-66588784\" class=\"col medium-3 small-6 large-3\"  data-animate=\"fadeInDown\">\n\t\t\t\t<div class=\"col-inner box-shadow-2 box-shadow-3-hover\"  >\n\t\t\t\n\t\t\t\n\n<p><strong>A. H.<\/strong><br \/><img loading=\"lazy\" decoding=\"async\" class=\"alignnone  wp-image-4744\" src=\"https:\/\/sound-escape.co\/de\/wp-content\/uploads\/2024\/03\/avisstar5.webp\" alt=\"\" width=\"92\" height=\"21\" \/><br \/>\ud83c\udfc5 <em>Verifizierter K\u00e4ufer<\/em><\/p>\n<p><em><span style=\"font-size: 95%;\">Tolle Qualit\u00e4t, der L\u00e4rm vom neuen Skatepark unten bei meinem Haus wird gut ged\u00e4mpft\u2026! Es ist sch\u00f6n, wieder Frieden zu haben.<\/span><\/em><\/p>\n\t<div id=\"gap-703922686\" class=\"gap-element clearfix\" style=\"display:block; height:auto;\">\n\t\t\n<style>\n#gap-703922686 {\n  padding-top: 5px;\n}\n<\/style>\n\t<\/div>\n\t\n\n\n\t\t<\/div>\n\t\t\t\t\n<style>\n#col-66588784 > .col-inner {\n  padding: 30px 15px 0px 15px;\n  border-radius: 25px;\n}\n<\/style>\n\t<\/div>\n\n\t\n\n\t<div id=\"col-1233836826\" class=\"col medium-3 small-6 large-3\"  data-animate=\"fadeInDown\">\n\t\t\t\t<div class=\"col-inner box-shadow-2 box-shadow-3-hover\"  >\n\t\t\t\n\t\t\t\n\n<p><strong>L. Q.<\/strong><br \/><img loading=\"lazy\" decoding=\"async\" class=\"alignnone  wp-image-4744\" src=\"https:\/\/sound-escape.co\/de\/wp-content\/uploads\/2024\/03\/avisstar5.webp\" alt=\"\" width=\"92\" height=\"21\" \/><br \/>\ud83c\udfc5 <em>Verifizierter K\u00e4ufer<\/em><\/p>\n<div><span style=\"font-size: 95%;\"><em>Die Bestellung kam gut an, entsprechend den Angaben auf der Website.<\/em><\/span><\/div>\n<div>\u00a0<\/div>\n<div><span style=\"font-size: 95%;\"><em>Ich empfehle\u2026<\/em><\/span><\/div>\n\t<div id=\"gap-447080379\" class=\"gap-element clearfix\" style=\"display:block; height:auto;\">\n\t\t\n<style>\n#gap-447080379 {\n  padding-top: 5px;\n}\n<\/style>\n\t<\/div>\n\t\n\n\n\t\t<\/div>\n\t\t\t\t\n<style>\n#col-1233836826 > .col-inner {\n  padding: 30px 15px 0px 15px;\n  border-radius: 25px;\n}\n<\/style>\n\t<\/div>\n\n\t\n\n\t<div id=\"col-1780866675\" class=\"col medium-3 small-6 large-3\"  data-animate=\"fadeInDown\">\n\t\t\t\t<div class=\"col-inner box-shadow-2 box-shadow-3-hover\"  >\n\t\t\t\n\t\t\t\n\n<p><strong>J. N.<\/strong><br \/><img loading=\"lazy\" decoding=\"async\" class=\"\" src=\"https:\/\/sound-escape.co\/de\/wp-content\/uploads\/2023\/10\/avislive-4.png\" width=\"70\" height=\"20\" \/><br \/>\ud83c\udfc5 <em>Verifizierter K\u00e4ufer<\/em><\/p>\n<p><span style=\"font-size: 95%;\"><em>Bis auf ein Detail einwandfrei, unsere Vorh\u00e4nge kamen in zwei separaten Paketen an. Die Lieferungen erfolgten im Abstand von 2 Tagen. Andererseits reduzieren die Vorh\u00e4nge den L\u00e4rm gut und sind sch\u00f6n und zufrieden.<\/em><\/span><\/p>\n\t<div id=\"gap-1648344950\" class=\"gap-element clearfix\" style=\"display:block; height:auto;\">\n\t\t\n<style>\n#gap-1648344950 {\n  padding-top: 5px;\n}\n<\/style>\n\t<\/div>\n\t\n\n\n\t\t<\/div>\n\t\t\t\t\n<style>\n#col-1780866675 > .col-inner {\n  padding: 30px 15px 0px 15px;\n  border-radius: 25px;\n}\n<\/style>\n\t<\/div>\n\n\t\n\n<\/div>\n<div class=\"row align-equal\"  id=\"row-2046883209\">\n\n\n\t<div id=\"col-998038300\" class=\"col medium-3 small-6 large-3\"  data-animate=\"fadeInDown\">\n\t\t\t\t<div class=\"col-inner box-shadow-2 box-shadow-3-hover\"  >\n\t\t\t\n\t\t\t\n\n<p><strong>Y. R.<\/strong><br \/><img loading=\"lazy\" decoding=\"async\" class=\"alignnone  wp-image-4744\" src=\"https:\/\/sound-escape.co\/de\/wp-content\/uploads\/2024\/03\/avisstar5.webp\" alt=\"\" width=\"92\" height=\"21\" \/><br \/>\ud83c\udfc5 <em>Verifizierter K\u00e4ufer<\/em><\/p>\n\t<div id=\"gap-925911842\" class=\"gap-element clearfix\" style=\"display:block; height:auto;\">\n\t\t\n<style>\n#gap-925911842 {\n  padding-top: 5px;\n}\n<\/style>\n\t<\/div>\n\t\n\n\n\t\t<\/div>\n\t\t\t\t\n<style>\n#col-998038300 > .col-inner {\n  padding: 30px 15px 0px 15px;\n  border-radius: 25px;\n}\n<\/style>\n\t<\/div>\n\n\t\n\n<\/div>\n\t<div id=\"gap-907615346\" class=\"gap-element clearfix\" style=\"display:block; height:auto;\">\n\t\t\n<style>\n#gap-907615346 {\n  padding-top: 30px;\n}\n<\/style>\n\t<\/div>\n\t\n\n<div class=\"row align-center\"  id=\"row-95270161\">\n\n\n\t<div id=\"col-857217291\" class=\"col small-12 large-12\"  >\n\t\t\t\t<div class=\"col-inner text-center\"  >\n\t\t\t\n\t\t\t\n\n<a class=\"button primary is-outline\"  style=\"border-radius:99px;\">\n    <span>Weitere Bewertungen laden<\/span>\n  <\/a>\n\n\n\n\t\t<\/div>\n\t\t\t\t\t<\/div>\n\n\t\n\n<\/div>\n<p style=\"text-align: center;\">Wenn Sie Ihre eigenen Erfahrungen teilen m\u00f6chten, senden Sie Ihre Kommentare bitte an die folgende E-Mail-Adresse: contact@sound-escape.co. Ihre Meinung ist wertvoll und tr\u00e4gt zum Ansehen unserer Marke bei.<\/p>","protected":false},"excerpt":{"rendered":"","protected":false},"author":1,"featured_media":0,"parent":0,"menu_order":0,"comment_status":"closed","ping_status":"closed","template":"","meta":{"inline_featured_image":false,"footnotes":""},"class_list":["post-2325","page","type-page","status-publish","hentry"],"_links":{"self":[{"href":"https:\/\/sound-escape.co\/de\/wp-json\/wp\/v2\/pages\/2325","targetHints":{"allow":["GET"]}}],"collection":[{"href":"https:\/\/sound-escape.co\/de\/wp-json\/wp\/v2\/pages"}],"about":[{"href":"https:\/\/sound-escape.co\/de\/wp-json\/wp\/v2\/types\/page"}],"author":[{"embeddable":true,"href":"https:\/\/sound-escape.co\/de\/wp-json\/wp\/v2\/users\/1"}],"replies":[{"embeddable":true,"href":"https:\/\/sound-escape.co\/de\/wp-json\/wp\/v2\/comments?post=2325"}],"version-history":[{"count":6,"href":"https:\/\/sound-escape.co\/de\/wp-json\/wp\/v2\/pages\/2325\/revisions"}],"predecessor-version":[{"id":5960,"href":"https:\/\/sound-escape.co\/de\/wp-json\/wp\/v2\/pages\/2325\/revisions\/5960"}],"wp:attachment":[{"href":"https:\/\/sound-escape.co\/de\/wp-json\/wp\/v2\/media?parent=2325"}],"curies":[{"name":"wp","href":"https:\/\/api.w.org\/{rel}","templated":true}]}}