{"id":2251,"date":"2023-08-29T11:26:21","date_gmt":"2023-08-29T09:26:21","guid":{"rendered":"https:\/\/sound-escape.co\/de\/?page_id=2251"},"modified":"2026-01-06T14:32:46","modified_gmt":"2026-01-06T13:32:46","slug":"kontakt","status":"publish","type":"page","link":"https:\/\/sound-escape.co\/de\/kontakt\/","title":{"rendered":"Kontaktieren Sie uns"},"content":{"rendered":"\t<div id=\"gap-1374057216\" class=\"gap-element clearfix\" style=\"display:block; height:auto;\">\n\t\t\n<style>\n#gap-1374057216 {\n  padding-top: 20px;\n}\n<\/style>\n\t<\/div>\n\t\n\n<div class=\"container section-title-container\" style=\"margin-bottom:-10px;\"><h1 class=\"section-title section-title-center\"><b><\/b><span class=\"section-title-main\" style=\"color:rgb(13, 39, 93);\">Kontaktieren Sie uns<\/span><b><\/b><\/h1><\/div>\n\n\t<div id=\"gap-801943085\" class=\"gap-element clearfix\" style=\"display:block; height:auto;\">\n\t\t\n<style>\n#gap-801943085 {\n  padding-top: 45px;\n}\n<\/style>\n\t<\/div>\n\t\n\n<div class=\"row align-middle align-center row-box-shadow-2-hover\"  id=\"row-1642293531\">\n\n\n\t<div id=\"col-1833884209\" class=\"col medium-5 small-12 large-5\"  >\n\t\t\t\t<div class=\"col-inner box-shadow-1\" style=\"background-color:rgb(244, 248, 253);\" >\n\t\t\t\n\t\t\t\n\n<p style=\"text-align: center;\"><strong><img loading=\"lazy\" decoding=\"async\" class=\"alignnone  wp-image-4550\" src=\"https:\/\/sound-escape.co\/de\/wp-content\/uploads\/2024\/02\/icon-mail-se.png\" alt=\"\" width=\"23\" height=\"23\" srcset=\"https:\/\/sound-escape.co\/de\/wp-content\/uploads\/2024\/02\/icon-mail-se.png 100w, https:\/\/sound-escape.co\/de\/wp-content\/uploads\/2024\/02\/icon-mail-se-50x50.png 50w\" sizes=\"auto, (max-width: 23px) 100vw, 23px\" \/> <span style=\"color: #333333;\">Per E-Mail<\/span><\/strong><br \/><a href=\"#form\"><span style=\"text-decoration: underline;\">Untenstehendes Formular ausf\u00fcllen<\/span><\/a><\/p>\n\n\t\t<\/div>\n\t\t\t\t\n<style>\n#col-1833884209 > .col-inner {\n  padding: 20px 0px 1px 0px;\n}\n<\/style>\n\t<\/div>\n\n\t\n\n\t<div id=\"col-1415534159\" class=\"col medium-5 small-12 large-5\"  >\n\t\t\t\t<div class=\"col-inner box-shadow-1\" style=\"background-color:rgb(244, 248, 253);\" >\n\t\t\t\n\t\t\t\n\n<p style=\"text-align: center;\"><span style=\"color: #333333;\"><strong><img loading=\"lazy\" decoding=\"async\" class=\"alignnone  wp-image-4557\" src=\"https:\/\/sound-escape.co\/de\/wp-content\/uploads\/2024\/02\/TEL-1.png\" alt=\"\" width=\"23\" height=\"23\" srcset=\"https:\/\/sound-escape.co\/de\/wp-content\/uploads\/2024\/02\/TEL-1.png 100w, https:\/\/sound-escape.co\/de\/wp-content\/uploads\/2024\/02\/TEL-1-50x50.png 50w\" sizes=\"auto, (max-width: 23px) 100vw, 23px\" \/> Per WhatsApp (nur Nachrichten)<\/strong><\/span><br \/><span style=\"text-decoration: underline;\"><a href=\"#\">Derzeit nicht verf\u00fcgbar.<br \/>\n <\/a><br \/><\/span><\/p>\n\n\t\t<\/div>\n\t\t\t\t\n<style>\n#col-1415534159 > .col-inner {\n  padding: 20px 0px 1px 0px;\n}\n<\/style>\n\t<\/div>\n\n\t\n\n\n<style>\n#row-1642293531 > .col > .col-inner {\n  border-radius: 20px;\n}\n<\/style>\n<\/div>\n<span class=\"scroll-to\" data-label=\"Scroll to: #form\" data-bullet=\"true\" data-link=\"#form\" data-title=\"Formular\"><a name=\"form\"><\/a><\/span>\n\n\t<div id=\"gap-1591307959\" class=\"gap-element clearfix\" style=\"display:block; height:auto;\">\n\t\t\n<style>\n#gap-1591307959 {\n  padding-top: 30px;\n}\n<\/style>\n\t<\/div>\n\t<p><\/p><div class=\"wp-block-contact-form-7-contact-form-selector\">\n<div class=\"wpcf7 no-js\" id=\"wpcf7-f2252-o1\" lang=\"fr-FR\" dir=\"ltr\">\n<div class=\"screen-reader-response\"><p role=\"status\" aria-live=\"polite\" aria-atomic=\"true\"><\/p> <ul><\/ul><\/div>\n<form action=\"\/de\/wp-json\/wp\/v2\/pages\/2251#wpcf7-f2252-o1\" method=\"post\" class=\"wpcf7-form init\" aria-label=\"Formulaire de contact\" enctype=\"multipart\/form-data\" novalidate=\"novalidate\" data-status=\"init\">\n<div style=\"display: none;\">\n<input type=\"hidden\" name=\"_wpcf7\" value=\"2252\" \/>\n<input type=\"hidden\" name=\"_wpcf7_version\" value=\"5.9.6\" \/>\n<input type=\"hidden\" name=\"_wpcf7_locale\" value=\"fr_FR\" \/>\n<input type=\"hidden\" name=\"_wpcf7_unit_tag\" value=\"wpcf7-f2252-o1\" \/>\n<input type=\"hidden\" name=\"_wpcf7_container_post\" value=\"0\" \/>\n<input type=\"hidden\" name=\"_wpcf7_posted_data_hash\" value=\"\" \/>\n<input type=\"hidden\" name=\"_wpcf7_recaptcha_response\" value=\"\" \/>\n<\/div>\n<p><label> Ihr Vorname<br \/>\n<span class=\"wpcf7-form-control-wrap\" data-name=\"your-name\"><input size=\"40\" maxlength=\"80\" class=\"wpcf7-form-control wpcf7-text wpcf7-validates-as-required\" autocomplete=\"name\" aria-required=\"true\" aria-invalid=\"false\" value=\"\" type=\"text\" name=\"your-name\" \/><\/span> <\/label>\n<\/p>\n<p><label> Ihre E-Mail-Adresse<br \/>\n<span class=\"wpcf7-form-control-wrap\" data-name=\"your-email\"><input size=\"40\" maxlength=\"80\" class=\"wpcf7-form-control wpcf7-email wpcf7-validates-as-required wpcf7-text wpcf7-validates-as-email\" autocomplete=\"email\" aria-required=\"true\" aria-invalid=\"false\" value=\"\" type=\"email\" name=\"your-email\" \/><\/span> <\/label>\n<\/p>\n<p><label> Ihre Nachricht<br \/>\n<span class=\"wpcf7-form-control-wrap\" data-name=\"your-message\"><textarea cols=\"40\" rows=\"10\" maxlength=\"400\" class=\"wpcf7-form-control wpcf7-textarea wpcf7-validates-as-required\" aria-required=\"true\" aria-invalid=\"false\" name=\"your-message\"><\/textarea><\/span> <\/label>\n<\/p>\n<p><label> Ihre Nachricht (optional)<br \/>\n<span class=\"wpcf7-form-control-wrap\" data-name=\"file-306\"><input size=\"40\" class=\"wpcf7-form-control wpcf7-file\" accept=\"audio\/*,video\/*,image\/*\" aria-invalid=\"false\" type=\"file\" name=\"file-306\" \/><\/span> <\/label>\n<\/p>\n<p><input class=\"wpcf7-form-control wpcf7-submit has-spinner\" type=\"submit\" value=\"Senden\" \/>\n<\/p><div class=\"wpcf7-response-output\" aria-hidden=\"true\"><\/div>\n<\/form>\n<\/div>\n<\/div><p>Vielen Dank f\u00fcr Ihr Interesse. Wir stehen Ihnen t\u00e4glich von 8:00 bis 17:00 Uhr zur Verf\u00fcgung.<\/p>","protected":false},"excerpt":{"rendered":"<p>Vielen Dank f\u00fcr Ihr Interesse. Wir stehen Ihnen t\u00e4glich von 8:00 bis 17:00 Uhr zur Verf\u00fcgung.<\/p>\n","protected":false},"author":1,"featured_media":0,"parent":0,"menu_order":0,"comment_status":"closed","ping_status":"closed","template":"","meta":{"inline_featured_image":false,"footnotes":""},"class_list":["post-2251","page","type-page","status-publish","hentry"],"_links":{"self":[{"href":"https:\/\/sound-escape.co\/de\/wp-json\/wp\/v2\/pages\/2251","targetHints":{"allow":["GET"]}}],"collection":[{"href":"https:\/\/sound-escape.co\/de\/wp-json\/wp\/v2\/pages"}],"about":[{"href":"https:\/\/sound-escape.co\/de\/wp-json\/wp\/v2\/types\/page"}],"author":[{"embeddable":true,"href":"https:\/\/sound-escape.co\/de\/wp-json\/wp\/v2\/users\/1"}],"replies":[{"embeddable":true,"href":"https:\/\/sound-escape.co\/de\/wp-json\/wp\/v2\/comments?post=2251"}],"version-history":[{"count":12,"href":"https:\/\/sound-escape.co\/de\/wp-json\/wp\/v2\/pages\/2251\/revisions"}],"predecessor-version":[{"id":7693,"href":"https:\/\/sound-escape.co\/de\/wp-json\/wp\/v2\/pages\/2251\/revisions\/7693"}],"wp:attachment":[{"href":"https:\/\/sound-escape.co\/de\/wp-json\/wp\/v2\/media?parent=2251"}],"curies":[{"name":"wp","href":"https:\/\/api.w.org\/{rel}","templated":true}]}}