{"id":2205,"date":"2023-08-29T07:56:50","date_gmt":"2023-08-29T05:56:50","guid":{"rendered":"https:\/\/sound-escape.co\/de\/?page_id=2205"},"modified":"2024-07-20T10:13:00","modified_gmt":"2024-07-20T08:13:00","slug":"suivi-de-colis","status":"publish","type":"page","link":"https:\/\/sound-escape.co\/de\/suivi-de-colis\/","title":{"rendered":"Bestellung verfolgen"},"content":{"rendered":"<div style=\"height:40px\" aria-hidden=\"true\" class=\"wp-block-spacer\"><\/div><h1 class=\"wp-block-heading has-text-align-center has-text-color has-link-color wp-elements-b0c62773d250d1d3b8590025e2b7f1db\" style=\"color:#163a75\">Bestellung verfolgen<\/h1><p class=\"has-text-align-center\">Vielen Dank, dass Sie sich f\u00fcr Sound Escape und unsere Schallschutzvorh\u00e4nge entschieden haben!<\/p><p class=\"has-text-align-center\"><strong>Ihre Sendungsverfolgungsnummer wird Ihnen automatisch per E-Mail zugeschickt, sobald Ihre Bestellung vollst\u00e4ndig versandt wurde.<\/strong><\/p><p class=\"has-text-align-center\">Bitte beachten Sie, dass der Versand Ihrer Bestellung aufgrund der Ma\u00dfanfertigung der Vorh\u00e4nge bis zu 6 Werktage in Anspruch nehmen kann.<\/p><p class=\"has-text-align-center\">Vielen Dank f\u00fcr Ihre Geduld.<\/p><div style=\"height:133px\" aria-hidden=\"true\" class=\"wp-block-spacer\"><\/div><p>&#8222;`<\/p>","protected":false},"excerpt":{"rendered":"<p>Bestellung verfolgen Vielen Dank, dass Sie sich f\u00fcr Sound Escape und unsere Schallschutzvorh\u00e4nge entschieden haben! Ihre Sendungsverfolgungsnummer wird Ihnen automatisch per E-Mail zugeschickt, sobald Ihre Bestellung vollst\u00e4ndig versandt wurde. Bitte beachten Sie, dass der Versand Ihrer Bestellung aufgrund der Ma\u00dfanfertigung der Vorh\u00e4nge bis zu 6 Werktage in Anspruch nehmen kann. Vielen Dank f\u00fcr Ihre Geduld. [&#8230;]\n","protected":false},"author":1,"featured_media":0,"parent":0,"menu_order":0,"comment_status":"closed","ping_status":"closed","template":"","meta":{"inline_featured_image":false,"footnotes":""},"class_list":["post-2205","page","type-page","status-publish","hentry"],"_links":{"self":[{"href":"https:\/\/sound-escape.co\/de\/wp-json\/wp\/v2\/pages\/2205","targetHints":{"allow":["GET"]}}],"collection":[{"href":"https:\/\/sound-escape.co\/de\/wp-json\/wp\/v2\/pages"}],"about":[{"href":"https:\/\/sound-escape.co\/de\/wp-json\/wp\/v2\/types\/page"}],"author":[{"embeddable":true,"href":"https:\/\/sound-escape.co\/de\/wp-json\/wp\/v2\/users\/1"}],"replies":[{"embeddable":true,"href":"https:\/\/sound-escape.co\/de\/wp-json\/wp\/v2\/comments?post=2205"}],"version-history":[{"count":1,"href":"https:\/\/sound-escape.co\/de\/wp-json\/wp\/v2\/pages\/2205\/revisions"}],"predecessor-version":[{"id":5961,"href":"https:\/\/sound-escape.co\/de\/wp-json\/wp\/v2\/pages\/2205\/revisions\/5961"}],"wp:attachment":[{"href":"https:\/\/sound-escape.co\/de\/wp-json\/wp\/v2\/media?parent=2205"}],"curies":[{"name":"wp","href":"https:\/\/api.w.org\/{rel}","templated":true}]}}