{"id":2184,"date":"2023-08-29T07:35:44","date_gmt":"2023-08-29T05:35:44","guid":{"rendered":"https:\/\/sound-escape.co\/de\/?page_id=2184"},"modified":"2025-04-26T11:36:02","modified_gmt":"2025-04-26T09:36:02","slug":"impressum","status":"publish","type":"page","link":"https:\/\/sound-escape.co\/de\/impressum\/","title":{"rendered":"Impressum"},"content":{"rendered":"<h1 class=\"wp-block-heading\">ALLGEMEINE VERKAUFS- UND NUTZUNGSBEDINGUNGEN<\/h1><p>\u00dcBERSICHT<\/p><p>Diese Webseite wird von <strong>Sound Escape<\/strong> betrieben. Auf dieser Seite beziehen sich die Begriffe \u201ewir\u201c, \u201euns\u201c und \u201eunser\u201c auf <strong>Sound Escape<\/strong>. <strong>Sound Escape<\/strong> bietet diese Webseite, einschlie\u00dflich aller Informationen, Werkzeuge und Dienste, die hier f\u00fcr Sie, den Nutzer, verf\u00fcgbar sind, vorbehaltlich Ihrer Zustimmung zu allen hier aufgef\u00fchrten Bedingungen, Konditionen, Richtlinien und Hinweisen.<\/p><p>Durch den Besuch dieser Seite und\/oder den Kauf eines unserer Produkte stimmen Sie diesen Bedingungen zu, einschlie\u00dflich der zus\u00e4tzlichen Bedingungen und Richtlinien. Diese rechtlichen Hinweise gelten f\u00fcr alle Nutzer dieser Seite.<\/p><p>Bitte lesen Sie diese Allgemeinen Verkaufs- und Nutzungsbedingungen sorgf\u00e4ltig durch, bevor Sie auf unsere Webseite zugreifen oder sie nutzen. Indem Sie auf irgendeinen Teil der Webseite zugreifen oder sie nutzen, erkl\u00e4ren Sie sich mit diesen Allgemeinen Verkaufs- und Nutzungsbedingungen einverstanden. Wenn Sie mit allen Bedingungen dieses Abkommens nicht einverstanden sind, d\u00fcrfen Sie die Webseite nicht nutzen oder darauf zugreifen.<\/p><p>Alle neuen Funktionen oder Werkzeuge, die dem aktuellen Shop hinzugef\u00fcgt werden, unterliegen ebenfalls diesen Allgemeinen Verkaufs- und Nutzungsbedingungen. Sie k\u00f6nnen jederzeit die neueste Version der Allgemeinen Verkaufs- und Nutzungsbedingungen auf dieser Seite einsehen. Wir behalten uns das Recht vor, Teile dieser Allgemeinen Verkaufs- und Nutzungsbedingungen durch das Ver\u00f6ffentlichen von Updates und\/oder \u00c4nderungen auf unserer Webseite zu aktualisieren, zu \u00e4ndern oder zu ersetzen. Es liegt in Ihrer Verantwortung, diese Seite regelm\u00e4\u00dfig auf \u00c4nderungen zu \u00fcberpr\u00fcfen. Ihre fortgesetzte Nutzung der Webseite oder der Zugriff darauf nach der Ver\u00f6ffentlichung von \u00c4nderungen stellt die Annahme dieser \u00c4nderungen dar.<\/p><p>Unser Shop wird auf WordPress gehostet:<\/p><p>Automattic Inc. 60 29th Street #343 San Francisco, CA 94110 United States of America<\/p><p>Sie stellen uns die E-Commerce-Plattform zur Verf\u00fcgung, die es uns erm\u00f6glicht, Ihnen unsere Produkte und Dienstleistungen zu verkaufen.<\/p><p>ARTIKEL 1 \u2013 NUTZUNGSBEDINGUNGEN UNSERES ONLINE-SHOPS<\/p><p>Durch die Zustimmung zu diesen Allgemeinen Verkaufs- und Nutzungsbedingungen erkl\u00e4ren Sie, dass Sie in Ihrem Wohnsitzland, Staat oder Ihrer Provinz vollj\u00e4hrig sind und dass Sie uns Ihre Zustimmung gegeben haben, Personen unter Ihrer Verantwortung diesen Online-Shop nutzen zu lassen.<\/p><p>Die Nutzung unserer Produkte f\u00fcr illegale oder nicht autorisierte Zwecke ist verboten, und Sie d\u00fcrfen im Rahmen der Nutzung des Dienstes keine Gesetze Ihrer Gerichtsbarkeit verletzen (einschlie\u00dflich, aber nicht beschr\u00e4nkt auf Urheberrechtsgesetze).<\/p><p>Sie d\u00fcrfen keine W\u00fcrmer, Viren oder andere destruktive Codes \u00fcbertragen.<\/p><p>ARTIKEL 2 \u2013 ALLGEMEINE BEDINGUNGEN<\/p><p>Sie verstehen, dass Ihre Inhalte (ausgenommen Kreditkarteninformationen) unverschl\u00fcsselt \u00fcbertragen werden k\u00f6nnen und \u00dcbertragungen \u00fcber verschiedene Netzwerke betreffen k\u00f6nnen; Kreditkarteninformationen werden w\u00e4hrend der \u00dcbertragung \u00fcber Netzwerke immer verschl\u00fcsselt.<\/p><p>Sie stimmen zu, keine Teile des Dienstes, die Nutzung des Dienstes oder den Zugang zum Dienst oder zu Kontakt auf der Webseite, auf der der Dienst angeboten wird, ohne ausdr\u00fcckliche schriftliche Erlaubnis von uns zu reproduzieren, zu duplizieren, zu kopieren, zu verkaufen, weiterzuverkaufen oder auszunutzen.<\/p><p>Die in diesem Abkommen verwendeten \u00dcberschriften sind nur aus Bequemlichkeit enthalten und werden diese Bedingungen weder einschr\u00e4nken noch anderweitig beeinflussen.<\/p><p>ARTIKEL 3 \u2013 \u00c4NDERUNGEN AM DIENST UND DEN PREISEN<\/p><p>Die Preise f\u00fcr unsere Produkte k\u00f6nnen sich jederzeit \u00e4ndern. Dies betrifft jedoch nicht bereits abgeschlossene oder laufende Vertr\u00e4ge.<\/p><p>ARTIKEL 4 \u2013 PRODUKTE<\/p><p>Einige Produkte k\u00f6nnen in begrenzter Menge verf\u00fcgbar sein und k\u00f6nnen nur gem\u00e4\u00df unserer R\u00fcckgabepolitik zur\u00fcckgegeben oder umgetauscht werden.<\/p><p>Wir haben uns bem\u00fcht, die Farben und Bilder unserer Produkte, die in unserem Shop erscheinen, so klar wie m\u00f6glich zu zeigen. Wir k\u00f6nnen nicht garantieren, dass die Farbdarstellung Ihres Computerbildschirms genau sein wird.<\/p><p>Wir behalten uns das Recht vor, den Verkauf unserer Produkte oder Dienstleistungen an jede Person, geografische Region oder Gerichtsbarkeit zu begrenzen. Wir k\u00f6nnen dieses Recht von Fall zu Fall aus\u00fcben. Wir behalten uns das Recht vor, die Mengen jedes Produkts oder jeder Dienstleistung, die wir anbieten, zu begrenzen. Alle Produktbeschreibungen oder Produktpreise k\u00f6nnen jederzeit ohne vorherige Ank\u00fcndigung nach unserem alleinigen Ermessen ge\u00e4ndert werden. Wir behalten uns das Recht vor, jedes Produkt jederzeit einzustellen.<\/p><p>ARTIKEL 5 \u2013 GENAUIGKEIT DER ABRECHNUNGS- UND KONTOINFORMATIONEN<\/p><p>Sie erkl\u00e4ren sich bereit, aktuelle, vollst\u00e4ndige und genaue Kauf- und Kontoinformationen f\u00fcr alle K\u00e4ufe in unserem Shop bereitzustellen. Sie erkl\u00e4ren sich bereit, Ihr Konto und andere<p>behandeln; (2) eine Entsch\u00e4digung f\u00fcr irgendwelche Kommentare zu zahlen; oder (3) auf Kommentare zu reagieren.<\/p><p>Sie erkl\u00e4ren, dass Ihre Kommentare keine Rechte Dritter verletzen werden, einschlie\u00dflich Urheberrecht, Markenzeichen, Privatsph\u00e4re, Pers\u00f6nlichkeit oder andere pers\u00f6nliche oder Eigentumsrechte. Sie erkl\u00e4ren weiterhin, dass Ihre Kommentare kein diffamierendes oder sonst rechtswidriges, missbr\u00e4uchliches oder obsz\u00f6nes Material enthalten oder irgendeine Form von Computervirus oder andere Schadsoftware enthalten werden, die in irgendeiner Weise die Funktionsweise des Dienstes oder irgendeiner zugeh\u00f6rigen Webseite beeintr\u00e4chtigen k\u00f6nnte. Sie d\u00fcrfen keine falsche E-Mail-Adresse verwenden, vorgeben, jemand anderes zu sein, oder uns oder Dritte sonst wie \u00fcber die Herkunft von Kommentaren in die Irre f\u00fchren. Sie sind allein verantwortlich f\u00fcr alle von Ihnen gemachten Kommentare und deren Richtigkeit. Wir \u00fcbernehmen keine Verantwortung und keine Haftung f\u00fcr von Ihnen oder einem Dritten gepostete Kommentare.<\/p><p>ARTIKEL 7 \u2013 PERS\u00d6NLICHE INFORMATIONEN<\/p><p>Die \u00dcbermittlung Ihrer pers\u00f6nlichen Informationen in unserem Shop wird durch unsere Datenschutzrichtlinie geregelt.<\/p><p>ARTIKEL 8 \u2013 VERBOTENE NUTZUNGEN<\/p><p>Zus\u00e4tzlich zu anderen Verboten, wie in den Allgemeinen Gesch\u00e4ftsbedingungen festgelegt, ist Ihnen die Nutzung der Seite oder ihres Inhalts verboten: (a) f\u00fcr illegale Zwecke; (b) um andere zur Ausf\u00fchrung oder Teilnahme an illegalen Handlungen zu veranlassen; (c) zur Verletzung internationaler, f\u00f6deraler, provinzieller oder staatlicher Vorschriften, Regeln, Gesetze oder lokaler Verordnungen; (d) um unsere Rechte an geistigem Eigentum oder die Rechte anderer zu verletzen oder zu missbrauchen; (e) um andere zu bel\u00e4stigen, zu missbrauchen, zu beleidigen, zu sch\u00e4digen, zu verleumden, zu verunglimpfen, einzusch\u00fcchtern oder zu diskriminieren aufgrund von Geschlecht, sexueller Orientierung, Religion, ethnischer Zugeh\u00f6rigkeit, Rasse, Alter, nationaler Herkunft oder Behinderung; (f) um falsche oder irref\u00fchrende Informationen vorzulegen; (g) um Viren oder andere Arten von sch\u00e4dlichem Code hochzuladen oder zu \u00fcbertragen, der oder die auf irgendeine Weise verwendet werden k\u00f6nnte, die die Funktionalit\u00e4t oder den Betrieb des Dienstes oder einer zugeh\u00f6rigen Website, anderer Websites oder des Internets beeintr\u00e4chtigt; (h) um pers\u00f6nliche Informationen anderer zu sammeln oder zu verfolgen; (i) f\u00fcr Spam, Phish, Pharm, Vorwand, Spinne, Crawl oder Scrape; (j) f\u00fcr obsz\u00f6ne oder unmoralische Zwecke; oder (k) um die Sicherheitsmerkmale des Dienstes oder einer zugeh\u00f6rigen Webseite, anderer Webseiten oder des Internets zu umgehen. Wir behalten uns das Recht vor, Ihre Nutzung des Dienstes oder einer zugeh\u00f6rigen Webseite zu beenden, f\u00fcr den Fall, dass Sie eine der verbotenen Nutzungen verletzen.<\/p><p>ARTIKEL 9 \u2013 AUSNAHMEN VON GARANTIEN UND BESCHR\u00c4NKUNG DER HAFTUNG<\/p><p>Wir garantieren nicht, dass die Nutzung unseres Dienstes ununterbrochen, rechtzeitig, sicher oder fehlerfrei sein wird.<\/p><p>Sie stimmen zu, dass wir von Zeit zu Zeit den Dienst f\u00fcr unbestimmte Zeitr\u00e4ume entfernen oder den Dienst jederzeit ohne Vorank\u00fcndigung k\u00fcndigen k\u00f6nnen.<\/p><p>Sie erkl\u00e4ren ausdr\u00fccklich, dass Ihre Nutzung von oder die Unf\u00e4higkeit zur Nutzung des Dienstes auf Ihr alleiniges Risiko erfolgt. Der Dienst und alle Produkte und Dienstleistungen, die Ihnen \u00fcber den Dienst geliefert werden, (au\u00dfer wie ausdr\u00fccklich von uns angegeben) werden &#8222;wie besehen&#8220; und &#8222;wie verf\u00fcgbar&#8220; f\u00fcr Ihre Nutzung bereitgestellt, ohne jegliche Darstellung, Garantien oder Bedingungen jeglicher Art, weder ausdr\u00fccklich noch implizit, einschlie\u00dflich aller impliziten Garantien oder Bedingungen der Marktg\u00e4ngigkeit, marktg\u00e4ngiger Qualit\u00e4t, Eignung f\u00fcr einen bestimmten Zweck, Haltbarkeit, Titel und Nicht-Verletzung.<\/p><p>In keinem Fall werden Sound Escape, unsere Direktoren, leitenden Angestellten, Mitarbeiter, Partner, Agenten, Auftragnehmer, Praktikanten, Lieferanten, Dienstleister oder Lizenzgeber haftbar sein f\u00fcr irgendwelche Verletzungen, Verluste, Anspr\u00fcche oder direkt, indirekt, zuf\u00e4llig, strafbar, speziell oder folglich entstandene Sch\u00e4den jeglicher Art, einschlie\u00dflich, ohne Einschr\u00e4nkung, entgangener Gewinne, entgangener Einnahmen, entgangener Einsparungen, Verlust von Daten, Ersatzkosten oder \u00e4hnliche Sch\u00e4den, sei es aufgrund von Vertrag, unerlaubter Handlung (einschlie\u00dflich Fahrl\u00e4ssigkeit), strikter Haftung oder anderweitig, die sich aus Ihrer Nutzung eines der Dienste oder Produkte ergeben, die \u00fcber den Dienst erworben wurden, oder f\u00fcr andere Anspr\u00fcche, die in irgendeiner Weise mit Ihrer Nutzung des Dienstes oder eines Produkts zusammenh\u00e4ngen, einschlie\u00dflich, aber nicht beschr\u00e4nkt auf, Fehler oder Auslassungen in irgendwelchen Inhalten oder jeglichen Verlust oder Schaden jeglicher Art, der als Folge der Nutzung des Dienstes oder jeglichen Inhalts (oder Produkts) entstanden ist, der \u00fcber den Dienst ver\u00f6ffentlicht, \u00fcbertragen oder auf andere Weise zur Verf\u00fcgung gestellt wurde, selbst wenn auf deren M\u00f6glichkeit hingewiesen wurde. Da einige Staaten oder Rechtsprechungen den Ausschluss oder die Beschr\u00e4nkung der Haftung f\u00fcr Folgesch\u00e4den oder zuf\u00e4llige Sch\u00e4den nicht zulassen, ist unsere Haftung in solchen Staaten oder Rechtsprechungen beschr\u00e4nkt auf das gesetzlich maximal zul\u00e4ssige Ma\u00df.<\/p><p>ARTIKEL 10 \u2013 SCHADENSERSATZ<\/p><p>Sie erkl\u00e4ren sich bereit, Sound Escape und unsere Muttergesellschaft, Tochtergesellschaften, Partner, leitenden Angestellten, Direktoren, Agenten, Auftragnehmer, Lizenzgeber, Dienstleister, Unterauftragnehmer, Lieferanten, Praktikanten und Mitarbeiter schadlos zu halten, zu verteidigen und zu sch\u00fctzen vor jeglicher Anspruch oder Forderung, einschlie\u00dflich angemessener Anwaltsgeb\u00fchren, die von einem Dritten aufgrund oder aus Ihrer Verletzung dieser Allgemeinen Gesch\u00e4ftsbedingungen oder der Dokumente, die sie durch Verweis einbeziehen, oder Ihrer Verletzung eines Gesetzes oder der Rechte eines Dritten gemacht wurden.<\/p><p>ARTIKEL 11 \u2013 \u00c4NDERUNGEN DER ALLGEMEINEN GESCH\u00c4FTSBEDINGUNGEN<\/p><p>Sie k\u00f6nnen die neueste Version der Allgemeinen Gesch\u00e4ftsbedingungen jederzeit auf dieser Seite einsehen.<\/p><p>Wir behalten uns das Recht vor, nach eigenem Ermessen Teile dieser Allgemeinen Gesch\u00e4ftsbedingungen zu aktualisieren, zu \u00e4ndern oder zu ersetzen, indem wir Updates und \u00c4nderungen auf unserer Webseite ver\u00f6ffentlichen. Es liegt in Ihrer Verantwortung, unsere Webseite regelm\u00e4\u00dfig auf \u00c4nderungen zu \u00fcberpr\u00fcfen. Ihre fortgesetzte Nutzung unserer Webseite oder der Zugang zu ihr nach der Ver\u00f6ffentlichung von \u00c4nderungen an diesen Allgemeinen Gesch\u00e4ftsbedingungen stellt die Akzeptanz dieser \u00c4nderungen dar.<\/p><p>ARTIKEL 12 \u2013 GARANTIEN<\/p><p>12.1 Gew\u00e4hrleistung der Konformit\u00e4t<\/p><p>Wir sind verpflichtet, ein PRODUKT zu liefern, das f\u00fcr die erwartete Verwendung eines solchen Gutes geeignet ist und das der Beschreibung auf der WEBSITE entspricht. Diese Konformit\u00e4t setzt auch voraus, dass das PRODUKT die Qualit\u00e4ten aufweist, die ein K\u00e4ufer angesichts der \u00f6ffentlichen Erkl\u00e4rungen von Sound Escape, einschlie\u00dflich der Werbung und Kennzeichnung, legitimerweise erwarten kann.<\/p>[&#8230;Der Rest des Artikels 12 bleibt unver\u00e4ndert&#8230;]<p>ARTIKEL 13 \u2013 STREITBEILEGUNG \/ MEDIATOR<\/p><p>Jede Reklamation des KUNDEN muss schriftlich erfolgen und an die folgende E-Mail-Adresse gesendet werden: <a href=\"mailto:contact@sound-escape.co\">contact@sound-escape.co<\/a><\/p><p>Im Sinne von Artikel 14, Abs. 1 der Europ\u00e4ischen Richtlinie 2013\/11\/EU vom 21. Mai 2013 \u00fcber ADR, stellt die Europ\u00e4ische Kommission den Verbrauchern eine Online-Streitbeilegungsplattform zur Verf\u00fcgung, die unter dieser Adresse verf\u00fcgbar ist: <a href=\"https:\/\/sound-escape\/\" target=\"_blank\">https:\/\/sound-escape<\/a>. Nur der KUNDE ist berechtigt, dieses Verfahren einzuleiten.<\/p><p>ARTIKEL 14 \u2013 KONTAKTDATEN<\/p><p>Fragen zu den Allgemeinen Gesch\u00e4ftsbedingungen sollten an uns gerichtet werden <a href=\"mailto:contact@sound-escape.co\">contact@sound-escape.co<\/a><\/p><p>Globale Ecom Technologies LLC.<\/p><p>1309 Coffeen Avenue STE 1200<br>Sheridan, Wyoming, 82801<br>United States of America<\/p><p>ARTIKEL 14 \u2013 R\u00dcCKGABE- UND LIEFERPOLITIK<\/p><p>R\u00fccksendungen: Das Widerrufsrecht betr\u00e4gt 14 Tage nach Erhalt. Eventuelle R\u00fccksendekosten tr\u00e4gt der Kunde. Um eine R\u00fccksendung durchzuf\u00fchren, f\u00fcllen Sie das <a href=\"https:\/\/sound-escape.co\/de\/politique-de-retour-et-de-remboursement\/\">Formular auf dieser Seite<\/a> aus und senden Sie es an contact@sound-escape.co.<\/p><p>R\u00fccksendeadresse: Harju maakond, Tallinn, Kesklinna linnaosa, Narva mnt 5, 10117, Estland.<\/p><p>Aufgrund der individuellen Anfertigung unserer Vorh\u00e4nge k\u00f6nnen wir die meisten R\u00fccksendungen nicht akzeptieren. Jeder Vorhang wird gem\u00e4\u00df den spezifischen Angaben des Kunden gefertigt, was eine Wiederverkauf oder Wiederverwendung f\u00fcr einen anderen Kunden unm\u00f6glich macht. Wir empfehlen Ihnen, Ihre Ma\u00dfe und Pr\u00e4ferenzen vor der Bestellung zu \u00fcberpr\u00fcfen und zu best\u00e4tigen, um Missverst\u00e4ndnisse oder Unzufriedenheiten zu vermeiden.<\/p><p>Lieferung: Die Lieferzeit betr\u00e4gt etwa 5 Werktage. Sie erfolgt in Frankreich durch Colissimo oder ColiColi. In der Schweiz wird sie von Fedex durchgef\u00fchrt. Bestellungen nach Belgien werden von DHL oder DPD geliefert. Die Lieferung ist kostenlos.<\/p><p>F\u00fcr unsere ma\u00dfgeschneiderten Vorh\u00e4nge bitten wir Sie, zwischen 3 und 5 Werktagen f\u00fcr die Herstellung zu gew\u00e4hren. Der Rest der Produkte wird innerhalb von 24 Stunden versandt.<\/p>","protected":false},"excerpt":{"rendered":"<p>ALLGEMEINE VERKAUFS- UND NUTZUNGSBEDINGUNGEN \u00dcBERSICHT Diese Webseite wird von Sound Escape betrieben. Auf dieser Seite beziehen sich die Begriffe \u201ewir\u201c, \u201euns\u201c und \u201eunser\u201c auf Sound Escape. Sound Escape bietet diese Webseite, einschlie\u00dflich aller Informationen, Werkzeuge und Dienste, die hier f\u00fcr Sie, den Nutzer, verf\u00fcgbar sind, vorbehaltlich Ihrer Zustimmung zu allen hier aufgef\u00fchrten Bedingungen, Konditionen, Richtlinien [&#8230;]\n","protected":false},"author":1,"featured_media":0,"parent":0,"menu_order":0,"comment_status":"closed","ping_status":"closed","template":"","meta":{"inline_featured_image":false,"footnotes":""},"class_list":["post-2184","page","type-page","status-publish","hentry"],"_links":{"self":[{"href":"https:\/\/sound-escape.co\/de\/wp-json\/wp\/v2\/pages\/2184","targetHints":{"allow":["GET"]}}],"collection":[{"href":"https:\/\/sound-escape.co\/de\/wp-json\/wp\/v2\/pages"}],"about":[{"href":"https:\/\/sound-escape.co\/de\/wp-json\/wp\/v2\/types\/page"}],"author":[{"embeddable":true,"href":"https:\/\/sound-escape.co\/de\/wp-json\/wp\/v2\/users\/1"}],"replies":[{"embeddable":true,"href":"https:\/\/sound-escape.co\/de\/wp-json\/wp\/v2\/comments?post=2184"}],"version-history":[{"count":1,"href":"https:\/\/sound-escape.co\/de\/wp-json\/wp\/v2\/pages\/2184\/revisions"}],"predecessor-version":[{"id":6983,"href":"https:\/\/sound-escape.co\/de\/wp-json\/wp\/v2\/pages\/2184\/revisions\/6983"}],"wp:attachment":[{"href":"https:\/\/sound-escape.co\/de\/wp-json\/wp\/v2\/media?parent=2184"}],"curies":[{"name":"wp","href":"https:\/\/api.w.org\/{rel}","templated":true}]}}