{"id":2175,"date":"2023-08-29T07:05:06","date_gmt":"2023-08-29T05:05:06","guid":{"rendered":"https:\/\/sound-escape.co\/de\/?page_id=2175"},"modified":"2024-07-20T14:01:33","modified_gmt":"2024-07-20T12:01:33","slug":"rueckgaberichtlinien","status":"publish","type":"page","link":"https:\/\/sound-escape.co\/de\/rueckgaberichtlinien\/","title":{"rendered":"Politique de Retour et de Remboursement"},"content":{"rendered":"<div class=\"container section-title-container\" style=\"margin-top:20px;\"><h1 class=\"section-title section-title-center\"><b><\/b><span class=\"section-title-main\" style=\"color:rgb(23, 48, 107);\">R\u00fcckgaberichtlinien<\/span><b><\/b><\/h1><\/div><p>Vielen Dank, dass Sie sich f\u00fcr einen Schallschutzvorhang von Sound Escape entschieden haben! Da wir immer bestrebt sind, unseren Kunden das bestm\u00f6gliche Erlebnis zu bieten, haben wir eine klare Richtlinie f\u00fcr R\u00fcckgaben und R\u00fcckerstattungen f\u00fcr unsere Produkte entwickelt. Bitte lesen Sie die folgenden Punkte sorgf\u00e4ltig durch, um unsere Bedingungen zu verstehen.<\/p><ol class=\"wp-block-list\"><li><strong>Qualit\u00e4tsprobleme oder besch\u00e4digter Artikel<\/strong>: Wenn Ihr Artikel besch\u00e4digt ankommt, kontaktieren Sie uns bitte sofort. Wir verpflichten uns, diese Probleme zu Ihrer Zufriedenheit zu l\u00f6sen. Sie erhalten wahlweise eine R\u00fcckerstattung oder einen neuen Vorhang.<\/li>\n\n<li><strong>Bestellungsstornierung<\/strong>: Wenn Sie Ihre Bestellung stornieren m\u00f6chten, k\u00f6nnen Sie dies tun, indem Sie uns innerhalb von 12 Stunden nach Aufgabe Ihrer Bestellung anrufen. Nach dieser Zeit beginnen wir mit der Produktion, und eine Stornierung ist nicht mehr m\u00f6glich. Bitte kontaktieren Sie uns so schnell wie m\u00f6glich, wenn Sie Bedenken haben oder \u00c4nderungen vornehmen m\u00f6chten.<\/li>\n\n<li><strong>R\u00fcckerstattungen<\/strong>: Falls Sie Ihre Bestellung innerhalb von 12 Stunden nach Aufgabe stornieren, wird Ihnen eine vollst\u00e4ndige R\u00fcckerstattung gew\u00e4hrt. Bitte beachten Sie, dass es einige Tage dauern kann, bis die R\u00fcckerstattung auf Ihrer Zahlungsmethode angezeigt wird.<\/li>\n\n<li><strong>R\u00fccksendungen<\/strong>: Das Widerrufsrecht betr\u00e4gt 14 Tage nach Erhalt (ausgenommen ma\u00dfgeschneiderte Vorh\u00e4nge). Die R\u00fccksendekosten tr\u00e4gt der Kunde. Um eine R\u00fccksendung durchzuf\u00fchren, f\u00fcllen Sie bitte dieses Formular aus und senden Sie es an contact@sound-escape.co:<\/li><\/ol><p>Ich\/Wir (*) teile(n) Ihnen hiermit mit, dass ich\/wir (*) von meinem\/unserem (*) Vertrag \u00fcber den Kauf der folgenden Waren zur\u00fccktrete(n):<\/p><p>_______________________________________________________<\/p><p>_______________________________________________________<\/p><p><br>Erhalten am __________________<\/p><p>_______________________________________________________<br>Name des\/der Verbraucher(s)<\/p><p>_______________________________________________________<br>Adresse des\/der Verbraucher(s)<\/p><p>_______________________________________________________<br>Unterschrift des\/der Verbraucher(s) (nur bei Mitteilung dieses Formulars auf Papier)<\/p><p>_________________________<br>Datum<br>(*) Unzutreffendes streichen.<\/p><hr class=\"wp-block-separator has-alpha-channel-opacity\"\/><p>Wir sch\u00e4tzen Ihr Verst\u00e4ndnis und verpflichten uns, Produkte h\u00f6chster Qualit\u00e4t zu liefern. Wenn Sie Fragen oder Bedenken bez\u00fcglich dieser Richtlinie oder Ihrer Bestellung haben, z\u00f6gern Sie nicht, uns zu kontaktieren.<\/p><p>Vielen Dank f\u00fcr Ihr Vertrauen in Sound Escape.<\/p>","protected":false},"excerpt":{"rendered":"<p>Vielen Dank, dass Sie sich f\u00fcr einen Schallschutzvorhang von Sound Escape entschieden haben! Da wir immer bestrebt sind, unseren Kunden das bestm\u00f6gliche Erlebnis zu bieten, haben wir eine klare Richtlinie f\u00fcr R\u00fcckgaben und R\u00fcckerstattungen f\u00fcr unsere Produkte entwickelt. Bitte lesen Sie die folgenden Punkte sorgf\u00e4ltig durch, um unsere Bedingungen zu verstehen. Ich\/Wir (*) teile(n) Ihnen [&#8230;]\n","protected":false},"author":1,"featured_media":0,"parent":0,"menu_order":0,"comment_status":"closed","ping_status":"closed","template":"","meta":{"inline_featured_image":false,"footnotes":""},"class_list":["post-2175","page","type-page","status-publish","hentry"],"_links":{"self":[{"href":"https:\/\/sound-escape.co\/de\/wp-json\/wp\/v2\/pages\/2175","targetHints":{"allow":["GET"]}}],"collection":[{"href":"https:\/\/sound-escape.co\/de\/wp-json\/wp\/v2\/pages"}],"about":[{"href":"https:\/\/sound-escape.co\/de\/wp-json\/wp\/v2\/types\/page"}],"author":[{"embeddable":true,"href":"https:\/\/sound-escape.co\/de\/wp-json\/wp\/v2\/users\/1"}],"replies":[{"embeddable":true,"href":"https:\/\/sound-escape.co\/de\/wp-json\/wp\/v2\/comments?post=2175"}],"version-history":[{"count":2,"href":"https:\/\/sound-escape.co\/de\/wp-json\/wp\/v2\/pages\/2175\/revisions"}],"predecessor-version":[{"id":5971,"href":"https:\/\/sound-escape.co\/de\/wp-json\/wp\/v2\/pages\/2175\/revisions\/5971"}],"wp:attachment":[{"href":"https:\/\/sound-escape.co\/de\/wp-json\/wp\/v2\/media?parent=2175"}],"curies":[{"name":"wp","href":"https:\/\/api.w.org\/{rel}","templated":true}]}}